{"id":824,"date":"2021-03-17T12:52:54","date_gmt":"2021-03-17T11:52:54","guid":{"rendered":"https:\/\/kunstvermittlung.uni-erfurt.de\/ws20\/?page_id=824"},"modified":"2021-05-19T11:46:16","modified_gmt":"2021-05-19T09:46:16","slug":"vermittlungsangebot","status":"publish","type":"page","link":"https:\/\/kunstvermittlung.uni-erfurt.de\/ws20\/vermittlungsangebot\/","title":{"rendered":"Vermittlungsangebot 1"},"content":{"rendered":"\n<div class=\"wp-block-buttons\">\n<div class=\"wp-block-button has-custom-width wp-block-button__width-50 is-style-outline\"><a class=\"wp-block-button__link\" href=\"https:\/\/kunstvermittlung.uni-erfurt.de\/ws20\/expertenecke-hans-christian-schink\/\" style=\"border-radius:15px\">Expert*innen &#8211; Ecke 1<\/a><\/div>\n<\/div>\n\n\n\n<p><strong>Jetzt ist Eure Kreativit\u00e4t gefragt<\/strong><\/p>\n\n\n\n<p>Folgend findet Ihr verschiedene Audioaufzeichnungen, die eine Landschaftsszene beschreiben.<\/p>\n\n\n\n<p>H\u00f6rt diesen aufmerksam zu.<\/p>\n\n\n\n<p>Erstellt anschlie\u00dfend eine Skizze oder macht Euch Notizen zu Gef\u00fchlen oder Gedanken, die die beschriebene Szene in Euch hervorruft.<\/p>\n\n\n\n<p>Diese k\u00f6nnen im unteren Bereich gerne als Kommentare hochgeladen werden und sollen zur Diskussion untereinander anregen.<\/p>\n\n\n\n<p>Im Anschluss daran, schaut Euch die dazugeh\u00f6rige Fotografie Schinks an.<\/p>\n\n\n\n<p>Vergleicht das entstanden Bild der Skizze oder die Gedanken, die die Szene ausgel\u00f6st hat mit der Fotografie.<\/p>\n\n\n\n<div id=\"accordion-3539\" class=\"c9-toggles accordion\">\n<div class=\"c9-toggles-toggle\"><div class=\"c9-toggles-item-heading\" id=\"c9-toggles-heading1-3539\" data-toggle=\"collapse\" data-target=\"#c9-toggles-collapse1-3539\"><div class=\"mb-0\"><span class=\"c9-toggles-toggle-label\">Im Winter<\/span><span class=\"c9-toggles-item-collapse\"><span class=\"fas fa-angle-right\"><\/span><\/span><\/div><\/div><div class=\"c9-toggles-item-content collapse\" id=\"c9-toggles-collapse1-3539\" data-parent=\"#accordion-3539\"><div>\n<figure class=\"wp-block-audio\"><audio controls src=\"https:\/\/kunstvermittlung.uni-erfurt.de\/ws20\/wp-content\/uploads\/2021\/04\/Winter-1.mp3\"><\/audio><\/figure>\n\n\n\n<div id=\"accordion-3748\" class=\"c9-toggles accordion\">\n<div class=\"c9-toggles-toggle\"><div class=\"c9-toggles-item-heading\" id=\"c9-toggles-heading1-3748\" data-toggle=\"collapse\" data-target=\"#c9-toggles-collapse1-3748\"><div class=\"mb-0\"><span class=\"c9-toggles-toggle-label\">Beschreibung in Textform<\/span><span class=\"c9-toggles-item-collapse\"><span class=\"fas fa-angle-right\"><\/span><\/span><\/div><\/div><div class=\"c9-toggles-item-content collapse\" id=\"c9-toggles-collapse1-3748\" data-parent=\"#accordion-3748\"><div>\n<p>Die kalte Winterluft umh\u00fcllt dich wie eine bittere Umarmung.<\/p>\n\n\n\n<p>Deine Glieder versteifen und deine Fingerspitzen sind kaum noch zu sp\u00fcren.<\/p>\n\n\n\n<p>Obwohl dein K\u00f6rper vor K\u00e4lte schmerzt, stehst du hier in Wohlwollen.<\/p>\n\n\n\n<p>Ein sanftes Rascheln der B\u00e4ume erklingt. Wie ein wunderbares friedliches Musikst\u00fcck ert\u00f6nt es in deinen Ohren. Mit jedem Atemzug f\u00fchlst du dich leichter und freier.<\/p>\n\n\n\n<p>Du bist allein, umgeben von Wald und Stein.<\/p>\n\n\n\n<p>Vor dir steht eine kleine H\u00fctte. Sie scheint stabil und zerbrechlich zu gleich. Ein Zaun versucht die Fl\u00e4che um sie herum abzugrenzen.<\/p>\n\n\n\n<p>Der Schnee unter deinen F\u00fc\u00dfen knirscht. Behutsam legst du deine Hand auf die knochige Rinde eines Baumes und lehnst deinen Kopf an.<\/p>\n\n\n\n<p>Der bew\u00f6lkte Himmel \u00fcber dir wird von den \u00c4sten des Baumes verdeckt. Um dich herum ist es d\u00e4mmrig grau. Einzig die kleinen L\u00fccken in der Baumkrone lassen etwas Licht auf dich herabscheinen.<\/p>\n\n\n\n<p>Du schlie\u00dft deine Augen.<\/p>\n<\/div><\/div><\/div>\n<\/div>\n\n\n\n<div id=\"accordion-3585\" class=\"c9-toggles accordion\">\n<div class=\"c9-toggles-toggle\"><div class=\"c9-toggles-item-heading\" id=\"c9-toggles-heading1-3585\" data-toggle=\"collapse\" data-target=\"#c9-toggles-collapse1-3585\"><div class=\"mb-0\"><span class=\"c9-toggles-toggle-label\">Bild zur Audiodatei<\/span><span class=\"c9-toggles-item-collapse\"><span class=\"fas fa-angle-right\"><\/span><\/span><\/div><\/div><div class=\"c9-toggles-item-content collapse\" id=\"c9-toggles-collapse1-3585\" data-parent=\"#accordion-3585\"><div>\n<figure class=\"wp-block-image size-large\"><img loading=\"lazy\" width=\"400\" height=\"320\" src=\"https:\/\/kunstvermittlung.uni-erfurt.de\/ws20\/wp-content\/uploads\/2021\/03\/hl_Am_Teschendorfer_See_2-1.jpg\" alt=\"\" class=\"wp-image-995\" srcset=\"https:\/\/kunstvermittlung.uni-erfurt.de\/ws20\/wp-content\/uploads\/2021\/03\/hl_Am_Teschendorfer_See_2-1.jpg 400w, https:\/\/kunstvermittlung.uni-erfurt.de\/ws20\/wp-content\/uploads\/2021\/03\/hl_Am_Teschendorfer_See_2-1-300x240.jpg 300w\" sizes=\"(max-width: 400px) 100vw, 400px\" \/><figcaption><a href=\"http:\/\/www.hc-schink.de\/hinterland.html\" data-type=\"URL\" data-id=\"http:\/\/www.hc-schink.de\/hinterland.html\" target=\"_blank\" rel=\"noreferrer noopener\">Am Teschendorfer See (2)<\/a><\/figcaption><\/figure>\n\n\n\n<p>In der Serie <em>Hinterland<\/em> <em>(2012-2019)<\/em> fokussiert sich Schink auf die abgelegenen Regionen Mecklenburg-Vorpommerns und Brandenburgs. Sein Schwerpunkt liegt darin, eine Verbindung der vergehende Sch\u00f6nheit (durch die \u00dcberbeanspruchung der nat\u00fcrlichen Ressourcen), sowie eine Sch\u00f6nheit, angelehnt an die imagin\u00e4ren Vorstellung aus seiner Kindheit und der zahlreichen Reisen, herzustellen. F\u00fcr Schink geht es dabei um das Abbilden der Resultate einer Suche ohne Ziel &#8211; eine intuitive Wahrnehmung von Momenten, die einen Einklang der inneren und \u00e4u\u00dferen Bilder findet.<\/p>\n<\/div><\/div><\/div>\n<\/div>\n<\/div><\/div><\/div>\n\n\n\n<div class=\"c9-toggles-toggle\"><div class=\"c9-toggles-item-heading\" id=\"c9-toggles-heading2-3539\" data-toggle=\"collapse\" data-target=\"#c9-toggles-collapse2-3539\"><div class=\"mb-0\"><span class=\"c9-toggles-toggle-label\">Wind<\/span><span class=\"c9-toggles-item-collapse\"><span class=\"fas fa-angle-right\"><\/span><\/span><\/div><\/div><div class=\"c9-toggles-item-content collapse\" id=\"c9-toggles-collapse2-3539\" data-parent=\"#accordion-3539\"><div>\n<figure class=\"wp-block-audio\"><audio controls src=\"https:\/\/kunstvermittlung.uni-erfurt.de\/ws20\/wp-content\/uploads\/2021\/04\/Wind.mp3\"><\/audio><\/figure>\n\n\n\n<div id=\"accordion-968\" class=\"c9-toggles accordion\">\n<div class=\"c9-toggles-toggle\"><div class=\"c9-toggles-item-heading\" id=\"c9-toggles-heading1-968\" data-toggle=\"collapse\" data-target=\"#c9-toggles-collapse1-968\"><div class=\"mb-0\"><span class=\"c9-toggles-toggle-label\">Beschreibung in Textform<\/span><span class=\"c9-toggles-item-collapse\"><span class=\"fas fa-angle-right\"><\/span><\/span><\/div><\/div><div class=\"c9-toggles-item-content collapse\" id=\"c9-toggles-collapse1-968\" data-parent=\"#accordion-968\"><div>\n<p>Der Tag begann wie jeder andere.<\/p>\n\n\n\n<p>Regentropfen klopften an diesem warmen, aber st\u00fcrmischen Tag an das Wohnzimmerfenster des Apartments.<\/p>\n\n\n\n<p>Doch dann, Sekunden sp\u00e4ter ert\u00f6nten Sirenen.<\/p>\n\n\n\n<p>Am Himmel zuckten bedrohlich w\u00fctende Blitze.<\/p>\n\n\n\n<p>Die Lichter im Haus begannen zu flackern, als das Rauschen eines Zuges rumpelte.<\/p>\n\n\n\n<p>Die W\u00e4nde zitterten so stark, dass alle Familienfotos an ihnen zu Boden fielen und zerbrachen. Das B\u00fccherregal im Flur st\u00fcrzte um. Die Bodendielen wackelte unter den F\u00fc\u00dfen. Es waren Schreie zu h\u00f6ren.<\/p>\n\n\n\n<p>Der Druck im Haus wuchs. Balken knackten bedrohlich, bis das Haus schlie\u00dflich der einwirkenden Kraft nachgab und zu zerbersten begann.<\/p>\n\n\n\n<p>Lebhaft zuckten ununterbrochen Blitze. Das Rauschen wurde ohrenbet\u00e4ubend und der Wind nahm mehr und mehr zu.<\/p>\n\n\n\n<p>Pl\u00f6tzlich absolute Stille.<\/p>\n<\/div><\/div><\/div>\n<\/div>\n\n\n\n<div id=\"accordion-3266\" class=\"c9-toggles accordion\">\n<div class=\"c9-toggles-toggle\"><div class=\"c9-toggles-item-heading\" id=\"c9-toggles-heading1-3266\" data-toggle=\"collapse\" data-target=\"#c9-toggles-collapse1-3266\"><div class=\"mb-0\"><span class=\"c9-toggles-toggle-label\">Bild zur Audiodatei<\/span><span class=\"c9-toggles-item-collapse\"><span class=\"fas fa-angle-right\"><\/span><\/span><\/div><\/div><div class=\"c9-toggles-item-content collapse\" id=\"c9-toggles-collapse1-3266\" data-parent=\"#accordion-3266\"><div>\n<figure class=\"wp-block-image size-large\"><img loading=\"lazy\" width=\"567\" height=\"454\" src=\"https:\/\/kunstvermittlung.uni-erfurt.de\/ws20\/wp-content\/uploads\/2021\/03\/G_53_web.jpg\" alt=\"\" class=\"wp-image-996\" srcset=\"https:\/\/kunstvermittlung.uni-erfurt.de\/ws20\/wp-content\/uploads\/2021\/03\/G_53_web.jpg 567w, https:\/\/kunstvermittlung.uni-erfurt.de\/ws20\/wp-content\/uploads\/2021\/03\/G_53_web-300x240.jpg 300w\" sizes=\"(max-width: 567px) 100vw, 567px\" \/><figcaption><a href=\"http:\/\/www.hc-schink.de\/tohoku.html\" data-type=\"URL\" data-id=\"http:\/\/www.hc-schink.de\/tohoku.html\" target=\"_blank\" rel=\"noreferrer noopener\">Ogatsuch\u014d Mizuhama,&nbsp;Miyagi Prefecture <\/a><\/figcaption><\/figure>\n\n\n\n<p>Die Serie <em>T\u014dhoku (2012)<\/em> nahm Schink im Zuge eines Stipendiums in der gleichnamigen Region im Nordosten Japans, auf. W\u00e4hrend der mehrw\u00f6chigen Reise durch das Gebiet, welches von einem Erdbeben ausgel\u00f6sten Tsunami verw\u00fcstet wurde, dokumentierte er die Landschaften, die durch die zerst\u00f6rerische Kraft der Natur gelitten haben und f\u00fchrt das Ausma\u00df n\u00e4her an den Betrachter.<\/p>\n<\/div><\/div><\/div>\n<\/div>\n<\/div><\/div><\/div>\n\n\n\n<div class=\"c9-toggles-toggle\"><div class=\"c9-toggles-item-heading\" id=\"c9-toggles-heading3-3539\" data-toggle=\"collapse\" data-target=\"#c9-toggles-collapse3-3539\"><div class=\"mb-0\"><span class=\"c9-toggles-toggle-label\">Gestein<\/span><span class=\"c9-toggles-item-collapse\"><span class=\"fas fa-angle-right\"><\/span><\/span><\/div><\/div><div class=\"c9-toggles-item-content collapse\" id=\"c9-toggles-collapse3-3539\" data-parent=\"#accordion-3539\"><div>\n<figure class=\"wp-block-audio\"><audio controls src=\"https:\/\/kunstvermittlung.uni-erfurt.de\/ws20\/wp-content\/uploads\/2021\/04\/Stein.mp3\"><\/audio><\/figure>\n\n\n\n<div id=\"accordion-5792\" class=\"c9-toggles accordion\">\n<div class=\"c9-toggles-toggle\"><div class=\"c9-toggles-item-heading\" id=\"c9-toggles-heading1-5792\" data-toggle=\"collapse\" data-target=\"#c9-toggles-collapse1-5792\"><div class=\"mb-0\"><span class=\"c9-toggles-toggle-label\">Beschreibung in Textform<\/span><span class=\"c9-toggles-item-collapse\"><span class=\"fas fa-angle-right\"><\/span><\/span><\/div><\/div><div class=\"c9-toggles-item-content collapse\" id=\"c9-toggles-collapse1-5792\" data-parent=\"#accordion-5792\"><div>\n<p>In seiner Beschaffenheit hart und rau, kann er dennoch glatt und warm sein.<\/p>\n\n\n\n<p>Von der Sonne erhitzt, w\u00e4rmt er deine Hand, doch bei Frost, sticht seine K\u00e4lte durch deine Haut.<\/p>\n\n\n\n<p>Auch seine Farben variieren. Er kratzt dich, wenn er grau ist. &nbsp;Er zerf\u00e4llt, wenn das Rot deine Hand ber\u00fchrt. Braun, entstanden durch die Ber\u00fchrung der Natur. Gr\u00fcn das Geschenk von ihr.<\/p>\n\n\n\n<p>Mutternatur gestaltet ihn immer wieder neu.<\/p>\n\n\n\n<p>Durch seine Narben pr\u00e4sentiert er seine tapfere Beharrlichkeit.<\/p>\n\n\n\n<p>Zerschl\u00e4gst du ihn wird er zum Material.<\/p>\n\n\n\n<p>Wird er zermahlen verbleibt nur ein ungeformter Rest.<\/p>\n\n\n\n<p>Er kann uns besch\u00fctzen und kann uns verletzen.<\/p>\n\n\n\n<p>Gebilde aus seiner Gestalt k\u00f6nnen bis zu den Wolken ragen und doch kann er so klein sein, dass wir einen Einzelnen unter unseren F\u00fc\u00dfen nicht sp\u00fcren k\u00f6nnen.<\/p>\n\n\n\n<p>In hei\u00dfer, fl\u00fcssiger Form ist er eine zerst\u00f6rerische Kraft und doch flie\u00dft aus ihm die Quelle des Lebens.<\/p>\n<\/div><\/div><\/div>\n<\/div>\n\n\n\n<div id=\"accordion-523\" class=\"c9-toggles accordion\">\n<div class=\"c9-toggles-toggle\"><div class=\"c9-toggles-item-heading\" id=\"c9-toggles-heading1-523\" data-toggle=\"collapse\" data-target=\"#c9-toggles-collapse1-523\"><div class=\"mb-0\"><span class=\"c9-toggles-toggle-label\">Bild zur Audiodatei<\/span><span class=\"c9-toggles-item-collapse\"><span class=\"fas fa-angle-right\"><\/span><\/span><\/div><\/div><div class=\"c9-toggles-item-content collapse\" id=\"c9-toggles-collapse1-523\" data-parent=\"#accordion-523\"><div>\n<figure class=\"wp-block-image size-large\"><img loading=\"lazy\" width=\"700\" height=\"554\" src=\"https:\/\/kunstvermittlung.uni-erfurt.de\/ws20\/wp-content\/uploads\/2021\/03\/Sacsayhuaman2.jpg\" alt=\"\" class=\"wp-image-997\" srcset=\"https:\/\/kunstvermittlung.uni-erfurt.de\/ws20\/wp-content\/uploads\/2021\/03\/Sacsayhuaman2.jpg 700w, https:\/\/kunstvermittlung.uni-erfurt.de\/ws20\/wp-content\/uploads\/2021\/03\/Sacsayhuaman2-300x237.jpg 300w, https:\/\/kunstvermittlung.uni-erfurt.de\/ws20\/wp-content\/uploads\/2021\/03\/Sacsayhuaman2-600x475.jpg 600w\" sizes=\"(max-width: 700px) 100vw, 700px\" \/><figcaption><a href=\"http:\/\/www.hc-schink.de\/peru.html\" data-type=\"URL\" data-id=\"http:\/\/www.hc-schink.de\/peru.html\" target=\"_blank\" rel=\"noreferrer noopener\">Sacsayhuaman (2)<\/a><\/figcaption><\/figure>\n\n\n\n<p>W\u00e4hrend Schinks Reise durch <em>Peru <\/em>entstand im Jahr <em>2004 <\/em>die gleichnamige Serie. Hierbei besuchte er unter anderem die Ruinen der Inkastadt Machu Picchu, sowie die einstige Inka-Festung Sacsayhuaman.<\/p>\n<\/div><\/div><\/div>\n<\/div>\n<\/div><\/div><\/div>\n\n\n\n<div class=\"c9-toggles-toggle\"><div class=\"c9-toggles-item-heading\" id=\"c9-toggles-heading4-3539\" data-toggle=\"collapse\" data-target=\"#c9-toggles-collapse4-3539\"><div class=\"mb-0\"><span class=\"c9-toggles-toggle-label\">Br\u00fccke<\/span><span class=\"c9-toggles-item-collapse\"><span class=\"fas fa-angle-right\"><\/span><\/span><\/div><\/div><div class=\"c9-toggles-item-content collapse\" id=\"c9-toggles-collapse4-3539\" data-parent=\"#accordion-3539\"><div>\n<figure class=\"wp-block-audio\"><audio controls src=\"https:\/\/kunstvermittlung.uni-erfurt.de\/ws20\/wp-content\/uploads\/2021\/04\/Bridge.mp3\"><\/audio><\/figure>\n\n\n\n<div id=\"accordion-3867\" class=\"c9-toggles accordion\">\n<div class=\"c9-toggles-toggle\"><div class=\"c9-toggles-item-heading\" id=\"c9-toggles-heading1-3867\" data-toggle=\"collapse\" data-target=\"#c9-toggles-collapse1-3867\"><div class=\"mb-0\"><span class=\"c9-toggles-toggle-label\">Beschreibung in Textform<\/span><span class=\"c9-toggles-item-collapse\"><span class=\"fas fa-angle-right\"><\/span><\/span><\/div><\/div><div class=\"c9-toggles-item-content collapse\" id=\"c9-toggles-collapse1-3867\" data-parent=\"#accordion-3867\"><div>\n<p>Sie ist standhaft.<\/p>\n\n\n\n<p>Hindernisse kann sie \u00fcberwinden.<\/p>\n\n\n\n<p>Ob es darum geht, Verbindungen zwischen Menschen zu schaffen oder \u00fcber Berge und Gew\u00e4sser zu gelangen.<\/p>\n\n\n\n<p>Wir Menschen haben diese Kunst wie kein anderer perfektioniert.<\/p>\n\n\n\n<p>Obwohl sich die Jahreszeiten \u00e4nderten, bleiben sie gleich. Nur durch das Sonnenlicht werfen sie geradlinige und abstrakte Schatten auf die Umgebung.<\/p>\n\n\n\n<p>W\u00e4hrend sich die Landschaft in ihrem ewigen Kreislauf ver\u00e4ndert, bleibt ihre Ansicht gleich.<\/p>\n\n\n\n<p>Unter ihr schwillt der Fluss an und ab. Im Sommer so flach wie ein Rinnsal, \u00fcber dass die Kinder dar\u00fcber waten k\u00f6nnen, nur um die k\u00fchlende Wirkung des Wassers zu sp\u00fcren. Doch davon bleibt sie unbeeindruckt.<\/p>\n\n\n\n<p>Sie ist oft der Stolz der Region, gro\u00dfe Steinb\u00f6gen, die der Schwerkraft trotzen. Von jenseits des Tals gesehen, ist sie ein Wunderwerk der Technik und doch von blasser Sch\u00f6nheit im Vergleich zu dem Spiel des Wassers. Der Anblick von ihr ist wie eine Hand auf der Schulter, eine s\u00fc\u00dfe sp\u00fcrbare Erleichterung. F\u00fcr den ein oder anderen Fluch und Segen zugleich.<\/p>\n<\/div><\/div><\/div>\n<\/div>\n\n\n\n<div id=\"accordion-5154\" class=\"c9-toggles accordion\">\n<div class=\"c9-toggles-toggle\"><div class=\"c9-toggles-item-heading\" id=\"c9-toggles-heading1-5154\" data-toggle=\"collapse\" data-target=\"#c9-toggles-collapse1-5154\"><div class=\"mb-0\"><span class=\"c9-toggles-toggle-label\">Bild zur Audiodatei<\/span><span class=\"c9-toggles-item-collapse\"><span class=\"fas fa-angle-right\"><\/span><\/span><\/div><\/div><div class=\"c9-toggles-item-content collapse\" id=\"c9-toggles-collapse1-5154\" data-parent=\"#accordion-5154\"><div>\n<figure class=\"wp-block-image size-large\"><img loading=\"lazy\" width=\"400\" height=\"320\" src=\"https:\/\/kunstvermittlung.uni-erfurt.de\/ws20\/wp-content\/uploads\/2021\/03\/vde.038_b400.jpg\" alt=\"\" class=\"wp-image-999\" srcset=\"https:\/\/kunstvermittlung.uni-erfurt.de\/ws20\/wp-content\/uploads\/2021\/03\/vde.038_b400.jpg 400w, https:\/\/kunstvermittlung.uni-erfurt.de\/ws20\/wp-content\/uploads\/2021\/03\/vde.038_b400-300x240.jpg 300w\" sizes=\"(max-width: 400px) 100vw, 400px\" \/><figcaption><a href=\"http:\/\/www.hc-schink.de\/verkehrsprojekte.html\" data-type=\"URL\" data-id=\"http:\/\/www.hc-schink.de\/verkehrsprojekte.html\" target=\"_blank\" rel=\"noreferrer noopener\">A 71, Br\u00fccke Schwarzbachtal<\/a><\/figcaption><\/figure>\n\n\n\n<p>Die Serie <em>Verkehrsprojekte (1995-2003)<\/em> begann mit Ver\u00e4nderung der Landschaft und des Lebensumfeldes Schinks, die sich durch die Einf\u00fchrung der Verkehrsprojekte Deutsche Einheit im Zuge der innerdeutschen Wiedervereinigung gepr\u00e4gt wurde. Hierbei legt er den Fokus auf die Entstehung suburbaner Strukturen, wie z.B. Gewerbeparks und zieht das Hauptaugenmerk auf seine ambivalente Faszination der Bauwerke, die f\u00fcr den beschleunigten Fortschritt und den Konflikt von Natur und Zivilisation zust\u00e4ndig sind.<\/p>\n<\/div><\/div><\/div>\n<\/div>\n<\/div><\/div><\/div>\n\n\n\n<div class=\"c9-toggles-toggle\"><div class=\"c9-toggles-item-heading\" id=\"c9-toggles-heading5-3539\" data-toggle=\"collapse\" data-target=\"#c9-toggles-collapse5-3539\"><div class=\"mb-0\"><span class=\"c9-toggles-toggle-label\">Das Dorf<\/span><span class=\"c9-toggles-item-collapse\"><span class=\"fas fa-angle-right\"><\/span><\/span><\/div><\/div><div class=\"c9-toggles-item-content collapse\" id=\"c9-toggles-collapse5-3539\" data-parent=\"#accordion-3539\"><div>\n<figure class=\"wp-block-audio\"><audio controls src=\"https:\/\/kunstvermittlung.uni-erfurt.de\/ws20\/wp-content\/uploads\/2021\/04\/Village.mp3\"><\/audio><\/figure>\n\n\n\n<div id=\"accordion-2801\" class=\"c9-toggles accordion\">\n<div class=\"c9-toggles-toggle\"><div class=\"c9-toggles-item-heading\" id=\"c9-toggles-heading1-2801\" data-toggle=\"collapse\" data-target=\"#c9-toggles-collapse1-2801\"><div class=\"mb-0\"><span class=\"c9-toggles-toggle-label\">Beschreibung in Textform<\/span><span class=\"c9-toggles-item-collapse\"><span class=\"fas fa-angle-right\"><\/span><\/span><\/div><\/div><div class=\"c9-toggles-item-content collapse\" id=\"c9-toggles-collapse1-2801\" data-parent=\"#accordion-2801\"><div>\n<p>Eingebettet zwischen H\u00fcgeln ruht ein kleines Dorf im Norden.<\/p>\n\n\n\n<p>Es ist ein tr\u00fcber Morgen und die Feuchtigkeit in der Luft erzeugt einen Schleier aus Nebel, der das Dorf sanft umh\u00fcllt.<\/p>\n\n\n\n<p>Du lehnst dich mit dem R\u00fccken gegen die Hauswand.<\/p>\n\n\n\n<p>In der Ferne h\u00f6rst du das Quieken der Schweine h\u00f6ren und das sanfte Brummen eines Traktors, der schwerf\u00e4llig von der getanen Arbeit auf dem Feld, angefahren kommt.<\/p>\n\n\n\n<p>Ein unangenehmer, schwerer Geruch, der wie die K\u00e4lte des Morgens deine Nasenl\u00f6cher f\u00fcllt, hinterl\u00e4sst ein brennendes Feuer in den Lungen.<\/p>\n\n\n\n<p>Die Schotterstra\u00dfe windet sich wie eine Schlange durch das Herz des Dorfes. Die kleinen Schottersteine knirschen unter deinen F\u00fc\u00dfen. Die Bl\u00e4tter, der umgebenen B\u00e4ume waren unnachgiebig und hingen fest an der pl\u00f6tzlichen K\u00e4lte, die dem Sonnenuntergang folgte.<\/p>\n<\/div><\/div><\/div>\n<\/div>\n\n\n\n<div id=\"accordion-2246\" class=\"c9-toggles accordion\">\n<div class=\"c9-toggles-toggle\"><div class=\"c9-toggles-item-heading\" id=\"c9-toggles-heading1-2246\" data-toggle=\"collapse\" data-target=\"#c9-toggles-collapse1-2246\"><div class=\"mb-0\"><span class=\"c9-toggles-toggle-label\">Bild zur Audiodatei<\/span><span class=\"c9-toggles-item-collapse\"><span class=\"fas fa-angle-right\"><\/span><\/span><\/div><\/div><div class=\"c9-toggles-item-content collapse\" id=\"c9-toggles-collapse1-2246\" data-parent=\"#accordion-2246\"><div>\n<figure class=\"wp-block-image size-large\"><img loading=\"lazy\" width=\"400\" height=\"325\" src=\"https:\/\/kunstvermittlung.uni-erfurt.de\/ws20\/wp-content\/uploads\/2021\/03\/Hohenkuhnsdorf_b400.jpg\" alt=\"\" class=\"wp-image-1000\" srcset=\"https:\/\/kunstvermittlung.uni-erfurt.de\/ws20\/wp-content\/uploads\/2021\/03\/Hohenkuhnsdorf_b400.jpg 400w, https:\/\/kunstvermittlung.uni-erfurt.de\/ws20\/wp-content\/uploads\/2021\/03\/Hohenkuhnsdorf_b400-300x244.jpg 300w\" sizes=\"(max-width: 400px) 100vw, 400px\" \/><figcaption><a href=\"http:\/\/www.hc-schink.de\/flaeming.html\" data-type=\"URL\" data-id=\"http:\/\/www.hc-schink.de\/flaeming.html\" target=\"_blank\" rel=\"noreferrer noopener\">Hohenkuhnsdorf<\/a><\/figcaption><\/figure>\n\n\n\n<p><em>Fl\u00e4ming (1997)<\/em> &#8211; Der Name dieser Serie hat seinen Ursprung der Region im S\u00fcden von Berlin. Schink verbrachte vier Monate in der Region, von deren Atmosph\u00e4re beeindruckt war. F\u00fcr Schink machte sich hier eine Schnittstelle zwischen Vergangenen und Gegenw\u00e4rtigen des l\u00e4ndlichen Lebens bemerkbar.<\/p>\n<\/div><\/div><\/div>\n<\/div>\n<\/div><\/div><\/div>\n<\/div>\n\n\n\n<p><\/p>\n\n\n\n<p>Gibt es Parallelen zu Euren Gedanken? Welche Bilder haben die Texte in Euch durch Eure eigenen Erfahrungen hervorgerufen. Wurde Eure Wahrnehmung durch den Text irritiert?<\/p>\n\n\n\n<p>Lasst uns und andere Besucher dieser Seite an Euren Gedanken hierzu teilhaben und diskutiert gerne in der Kommentarfunktion zu euren Erfahrungen.<\/p>\n\n\n\n<p>Des Weiteren m\u00f6chten wir darauf hinweisen, dass es sich bei den Fotografien von H.-C. Schink um eine Art <a href=\"https:\/\/kunstvermittlung.uni-erfurt.de\/ws20\/dokumentarfotografie\/\">Dokumentarfotografie<\/a> handelt. Hier m\u00f6chten wir Euch gerne auf ein externes Angebot des St\u00e4delmuseum hinweisen und dieses in unser Angebot einbetten, um Euch eine weitere M\u00f6glichkeit des Austauschs zur Art und Weise der Fotografie zu bieten.<\/p>\n\n\n\n<p class=\"has-text-align-right\">~ S.Igel \/ L.Schirrmeister ~<\/p>\n\n\n\n<p><\/p>\n","protected":false},"excerpt":{"rendered":"<p>Jetzt ist Eure Kreativit\u00e4t gefragt Folgend findet Ihr verschiedene Audioaufzeichnungen, die eine Landschaftsszene beschreiben. H\u00f6rt diesen aufmerksam zu. Erstellt anschlie\u00dfend eine Skizze oder macht Euch Notizen zu Gef\u00fchlen oder Gedanken, die die beschriebene Szene in Euch hervorruft. Diese k\u00f6nnen im unteren Bereich gerne als Kommentare hochgeladen werden und sollen zur Diskussion untereinander anregen. Im Anschluss [&hellip;]<\/p>\n","protected":false},"author":6,"featured_media":0,"parent":0,"menu_order":0,"comment_status":"open","ping_status":"closed","template":"","meta":[],"_links":{"self":[{"href":"https:\/\/kunstvermittlung.uni-erfurt.de\/ws20\/wp-json\/wp\/v2\/pages\/824"}],"collection":[{"href":"https:\/\/kunstvermittlung.uni-erfurt.de\/ws20\/wp-json\/wp\/v2\/pages"}],"about":[{"href":"https:\/\/kunstvermittlung.uni-erfurt.de\/ws20\/wp-json\/wp\/v2\/types\/page"}],"author":[{"embeddable":true,"href":"https:\/\/kunstvermittlung.uni-erfurt.de\/ws20\/wp-json\/wp\/v2\/users\/6"}],"replies":[{"embeddable":true,"href":"https:\/\/kunstvermittlung.uni-erfurt.de\/ws20\/wp-json\/wp\/v2\/comments?post=824"}],"version-history":[{"count":63,"href":"https:\/\/kunstvermittlung.uni-erfurt.de\/ws20\/wp-json\/wp\/v2\/pages\/824\/revisions"}],"predecessor-version":[{"id":1494,"href":"https:\/\/kunstvermittlung.uni-erfurt.de\/ws20\/wp-json\/wp\/v2\/pages\/824\/revisions\/1494"}],"wp:attachment":[{"href":"https:\/\/kunstvermittlung.uni-erfurt.de\/ws20\/wp-json\/wp\/v2\/media?parent=824"}],"curies":[{"name":"wp","href":"https:\/\/api.w.org\/{rel}","templated":true}]}}