{"id":230,"date":"2021-02-18T15:34:56","date_gmt":"2021-02-18T14:34:56","guid":{"rendered":"https:\/\/kunstvermittlung.uni-erfurt.de\/ws20\/?page_id=230"},"modified":"2021-05-19T11:50:29","modified_gmt":"2021-05-19T09:50:29","slug":"morgen","status":"publish","type":"page","link":"https:\/\/kunstvermittlung.uni-erfurt.de\/ws20\/morgen\/","title":{"rendered":"Entdecken und Aufdecken am \u201eMorgen\u201c"},"content":{"rendered":"\n<div class=\"wp-block-buttons\">\n<div class=\"wp-block-button has-custom-width wp-block-button__width-75 is-style-outline\"><a class=\"wp-block-button__link\" href=\"https:\/\/kunstvermittlung.uni-erfurt.de\/ws20\/volker-stelzmann\/expertenecke-volker-stelzmann\/\" style=\"border-radius:15px\">Expert*innen &#8211; Ecke <\/a><\/div>\n<\/div>\n\n\n\n<h2><span style=\"color:#4ea300\" class=\"has-inline-color\">Kunstvermittlung Volker Stelzmann<\/span><\/h2>\n\n\n\n<p><em><strong>Ein Projekt von Jessica K\u00f6rber, Celine Lange und Pascal Binder<\/strong><\/em><\/p>\n\n\n\n<hr class=\"wp-block-separator\"\/>\n\n\n\n<div class=\"wp-block-buttons\">\n<div class=\"wp-block-button is-style-outline\"><a class=\"wp-block-button__link\" href=\"https:\/\/kunstvermittlung.uni-erfurt.de\/ws20\/morgen-2011\/\" style=\"border-radius:15px\" target=\"_blank\" rel=\"noreferrer noopener\">\u201eMorgen\u201c, 2011<\/a><\/div>\n<\/div>\n\n\n\n<p>Das Bild \u201e<em>Morgen\u201c<\/em>, welches sich nicht in der Ausstellung \u201eStadt \u2013 Werkstatt\u201c im Angermuseum Erfurt befand, wurde von uns nebelartig bearbeitet und mit einer Geschichte unterlegt, um sich der Szene n\u00e4hern zu k\u00f6nnen.<\/p>\n\n\n\n<hr class=\"wp-block-separator\"\/>\n\n\n\n<h2 class=\"has-text-color\" style=\"color:#4ea300\">Entdecken und Aufdecken<\/h2>\n\n\n\n<p><strong>mit Hilfe des ver\u00e4nderten Bildes <\/strong><\/p>\n\n\n\n<p>Ein dichter Nebel liegt in der Luft. Es ist ein fr\u00fcher Morgen und verschiedene Menschen begegnen sich in der blau- nebligen Landschaft. Sie werden nacheinander enth\u00fcllt und sichtbar. Was k\u00f6nnten sie tuen? Was k\u00f6nnten sie denken?<\/p>\n\n\n\n<p><strong><span style=\"color:#4ea300\" class=\"has-inline-color\">Schaue dir das Video aufmerksam an und lausche den erz\u00e4hlten Gedanken zu den Personen, die aufgedeckt werden.<\/span>&nbsp;<\/strong><\/p>\n\n\n\n<p><br><em><span class=\"has-inline-color has-black-color\">Klicke hier, um dir das Video anzusehen:<\/span><\/em><\/p>\n\n\n\n<p><\/p>\n\n\n\n<figure class=\"wp-block-video\"><video controls src=\"https:\/\/kunstvermittlung.uni-erfurt.de\/ws20\/wp-content\/uploads\/2021\/04\/Unterwegsammorgen.mp4\"><\/video><figcaption><span class=\"has-inline-color has-light-gray-color\">Video zur Nebel- Verfremdung mit dem Bild \u201eMorgen\u201c<\/span><\/figcaption><\/figure>\n\n\n\n<p><span style=\"color:#4ea300\" class=\"has-inline-color\"><\/span><span style=\"color:#4ea300\" class=\"has-inline-color\">Findest du die Gedanken zu den Figuren passend?<\/span><\/p>\n\n\n\n<p><span style=\"color:#4ea300\" class=\"has-inline-color\">Fallen dir noch andere Beschreibungen ein, die auf die Personen passen k\u00f6nnten? Welche sind es und warum?<\/span><\/p>\n\n\n\n<p><span style=\"color:#4ea300\" class=\"has-inline-color\"><strong>Entwerfe deine eigene Geschichte zu einer oder mehreren Personen aus dem Bild \u201eMorgen\u201c, so als w\u00e4re es dein morgendlicher Spaziergang durch die neblig- blaue Landschaft.<\/strong><\/span><\/p>\n\n\n\n<hr class=\"wp-block-separator\"\/>\n\n\n\n<p><span style=\"color:#4ea300\" class=\"has-inline-color\">Lehrkr\u00e4fte und Kunstp\u00e4dagog*innen k\u00f6nnen hier mehr \u00fcber dieses Projekt erfahren:<\/span><\/p>\n\n\n\n<div class=\"wp-block-buttons\"><\/div>\n\n\n\n<hr class=\"wp-block-separator\"\/>\n\n\n\n<div class=\"wp-block-file\"><a href=\"https:\/\/kunstvermittlung.uni-erfurt.de\/ws20\/wp-content\/uploads\/2021\/03\/IMG_0393.mp4\">Video zum Herunterladen f\u00fcr Lehrkr\u00e4fte und Kunstp\u00e4dagog*innen<\/a><a href=\"https:\/\/kunstvermittlung.uni-erfurt.de\/ws20\/wp-content\/uploads\/2021\/03\/IMG_0393.mp4\" class=\"wp-block-file__button\" download>Herunterladen<\/a><\/div>\n\n\n\n<hr class=\"wp-block-separator\"\/>\n\n\n\n<p class=\"has-large-font-size\"><strong>Lade Deine eigene \u201eMorgen\u201c- Geschichte in die Kommentarfunktion hoch<\/strong>.<\/p>\n","protected":false},"excerpt":{"rendered":"<p>Kunstvermittlung Volker Stelzmann Ein Projekt von Jessica K\u00f6rber, Celine Lange und Pascal Binder Das Bild \u201eMorgen\u201c, welches sich nicht in der Ausstellung \u201eStadt \u2013 Werkstatt\u201c im Angermuseum Erfurt befand, wurde von uns nebelartig bearbeitet und mit einer Geschichte unterlegt, um sich der Szene n\u00e4hern zu k\u00f6nnen. Entdecken und Aufdecken mit Hilfe des ver\u00e4nderten Bildes Ein [&hellip;]<\/p>\n","protected":false},"author":3,"featured_media":0,"parent":0,"menu_order":0,"comment_status":"open","ping_status":"closed","template":"","meta":[],"_links":{"self":[{"href":"https:\/\/kunstvermittlung.uni-erfurt.de\/ws20\/wp-json\/wp\/v2\/pages\/230"}],"collection":[{"href":"https:\/\/kunstvermittlung.uni-erfurt.de\/ws20\/wp-json\/wp\/v2\/pages"}],"about":[{"href":"https:\/\/kunstvermittlung.uni-erfurt.de\/ws20\/wp-json\/wp\/v2\/types\/page"}],"author":[{"embeddable":true,"href":"https:\/\/kunstvermittlung.uni-erfurt.de\/ws20\/wp-json\/wp\/v2\/users\/3"}],"replies":[{"embeddable":true,"href":"https:\/\/kunstvermittlung.uni-erfurt.de\/ws20\/wp-json\/wp\/v2\/comments?post=230"}],"version-history":[{"count":59,"href":"https:\/\/kunstvermittlung.uni-erfurt.de\/ws20\/wp-json\/wp\/v2\/pages\/230\/revisions"}],"predecessor-version":[{"id":1497,"href":"https:\/\/kunstvermittlung.uni-erfurt.de\/ws20\/wp-json\/wp\/v2\/pages\/230\/revisions\/1497"}],"wp:attachment":[{"href":"https:\/\/kunstvermittlung.uni-erfurt.de\/ws20\/wp-json\/wp\/v2\/media?parent=230"}],"curies":[{"name":"wp","href":"https:\/\/api.w.org\/{rel}","templated":true}]}}