{"id":228,"date":"2021-02-18T15:34:09","date_gmt":"2021-02-18T14:34:09","guid":{"rendered":"https:\/\/kunstvermittlung.uni-erfurt.de\/ws20\/?page_id=228"},"modified":"2021-05-19T11:37:12","modified_gmt":"2021-05-19T09:37:12","slug":"u-bahn","status":"publish","type":"page","link":"https:\/\/kunstvermittlung.uni-erfurt.de\/ws20\/u-bahn\/","title":{"rendered":"Personensuche in der \u201eU-Bahn\u201c"},"content":{"rendered":"\n<div class=\"wp-block-buttons\">\n<div class=\"wp-block-button has-custom-width wp-block-button__width-75 is-style-outline\"><a class=\"wp-block-button__link\" href=\"https:\/\/kunstvermittlung.uni-erfurt.de\/ws20\/volker-stelzmann\/expertenecke-volker-stelzmann\/\" style=\"border-radius:15px\">Expert*innen &#8211; Ecke <\/a><\/div>\n<\/div>\n\n\n\n<h2 id=\"block-504f31c1-5f62-49ec-bcf6-d8b64bf9290a\"><span style=\"color:#4ea300\" class=\"has-inline-color\">Kunstvermittlung Volker Stelzmann<\/span><\/h2>\n\n\n\n<p><em><strong>Ein Projekt von Jessica K\u00f6rber, Celine Lange und Pascal Binder<\/strong><\/em><\/p>\n\n\n\n<hr class=\"wp-block-separator\"\/>\n\n\n\n<figure class=\"wp-block-image size-large\"><img loading=\"lazy\" width=\"724\" height=\"1024\" src=\"https:\/\/kunstvermittlung.uni-erfurt.de\/ws20\/wp-content\/uploads\/2021\/03\/93-724x1024.jpg\" alt=\"\" class=\"wp-image-461\" srcset=\"https:\/\/kunstvermittlung.uni-erfurt.de\/ws20\/wp-content\/uploads\/2021\/03\/93-724x1024.jpg 724w, https:\/\/kunstvermittlung.uni-erfurt.de\/ws20\/wp-content\/uploads\/2021\/03\/93-212x300.jpg 212w, https:\/\/kunstvermittlung.uni-erfurt.de\/ws20\/wp-content\/uploads\/2021\/03\/93-768x1086.jpg 768w, https:\/\/kunstvermittlung.uni-erfurt.de\/ws20\/wp-content\/uploads\/2021\/03\/93-1087x1536.jpg 1087w, https:\/\/kunstvermittlung.uni-erfurt.de\/ws20\/wp-content\/uploads\/2021\/03\/93-600x848.jpg 600w, https:\/\/kunstvermittlung.uni-erfurt.de\/ws20\/wp-content\/uploads\/2021\/03\/93.jpg 1132w\" sizes=\"(max-width: 724px) 100vw, 724px\" \/><\/figure>\n\n\n\n<p class=\"has-small-font-size\"><span class=\"has-inline-color has-light-gray-color\"><em>\u201eU-Bahn\u201c,<\/em> 2015, Mischtechnik auf MDF- Platte, 140 x 100 cm. Leihgabe: Stephanie und Christopher von Hugo, Burgreppach. Foto: Ilona Ripke, Berlin.<\/span><\/p>\n\n\n\n<p>Das Bild \u201eU-Bahn\u201c, welches sich in der Ausstellung \u201eStadt-Werkstatt\u201c im Angermuseum Erfurt befand, wurde von uns genutzt, um eine Personensuche zu konzipieren.  <\/p>\n\n\n\n<p>Eine U-Bahn voller Menschen. Es ist eng und der Weg zum Ausgang ist kaum zu erreichen. Gedanken gehen einem durch den Kopf, man spricht mit sich selbst. Aber wer spricht eigentlich in dem jeweiligen Video?&nbsp;<\/p>\n\n\n\n<p><span style=\"color:#4ea300\" class=\"has-inline-color\"><strong>Schaue dir die Videos aufmerksam an und suche die Person, welche die Situation in der U-Bahn beschreibt. Lausche der Geschichte und den Hinweisen \u2013 sie werden dir helfen.&nbsp;<\/strong><\/span><\/p>\n\n\n\n<p>Wir schlagen dir gegen Ende der Videos m\u00f6gliche Personen vor, die diese Geschichte erz\u00e4hlt haben k\u00f6nnten. Eventuell hast du aber auch eine andere Person gefunden, die diese Gedanken \u00e4u\u00dfert?<\/p>\n\n\n\n<p><strong>Viel Spa\u00df beim Suchen!<\/strong><\/p>\n\n\n\n<p><em>Klicke hier um dir das Video anzusehen:<\/em><\/p>\n\n\n\n<figure class=\"wp-block-video\"><video controls src=\"https:\/\/kunstvermittlung.uni-erfurt.de\/ws20\/wp-content\/uploads\/2021\/03\/U-Bahn-Pony.mov\"><\/video><figcaption>#1 Personensuche, \u201eU-Bahn\u201c<\/figcaption><\/figure>\n\n\n\n<div class=\"wp-block-file\"><a href=\"https:\/\/kunstvermittlung.uni-erfurt.de\/ws20\/wp-content\/uploads\/2021\/03\/trim.6844EED3-0E2A-4B1E-979F-5163AE2556FA.mov\" target=\"_blank\" rel=\"noreferrer noopener\">Video #1 Personensuche zum Herunterladen f\u00fcr Lehrkr\u00e4fte und Kunstp\u00e4dagog*innen <\/a><a href=\"https:\/\/kunstvermittlung.uni-erfurt.de\/ws20\/wp-content\/uploads\/2021\/03\/trim.6844EED3-0E2A-4B1E-979F-5163AE2556FA.mov\" class=\"wp-block-file__button\" download>Herunterladen<\/a><\/div>\n\n\n\n<hr class=\"wp-block-separator\"\/>\n\n\n\n<figure class=\"wp-block-video\"><video controls src=\"https:\/\/kunstvermittlung.uni-erfurt.de\/ws20\/wp-content\/uploads\/2021\/03\/U-Bahn-Zentrum.mov\"><\/video><figcaption>#2 Personensuche, \u201eU-Bahn\u201c<\/figcaption><\/figure>\n\n\n\n<div class=\"wp-block-file\"><a href=\"https:\/\/kunstvermittlung.uni-erfurt.de\/ws20\/wp-content\/uploads\/2021\/03\/Automatic-2.mp4\">Video #2 Personensuche zum Herunterladen f\u00fcr Lehrkr\u00e4fte und Kunstp\u00e4dagog*innen<\/a><a href=\"https:\/\/kunstvermittlung.uni-erfurt.de\/ws20\/wp-content\/uploads\/2021\/03\/Automatic-2.mp4\" class=\"wp-block-file__button\" download>Herunterladen<\/a><\/div>\n\n\n\n<hr class=\"wp-block-separator\"\/>\n\n\n\n<figure class=\"wp-block-video\"><video controls src=\"https:\/\/kunstvermittlung.uni-erfurt.de\/ws20\/wp-content\/uploads\/2021\/03\/U-Bahn-RocknRoll.mov\"><\/video><figcaption>#3 Personensuche, \u201eU-Bahn\u201c<\/figcaption><\/figure>\n\n\n\n<div class=\"wp-block-file\"><a href=\"https:\/\/kunstvermittlung.uni-erfurt.de\/ws20\/wp-content\/uploads\/2021\/03\/Automatic-1.mp4\">Video #3 Personensuche zum Herunterladen f\u00fcr Lehrkr\u00e4fte und Kunstp\u00e4dagog*innen<\/a><a href=\"https:\/\/kunstvermittlung.uni-erfurt.de\/ws20\/wp-content\/uploads\/2021\/03\/Automatic-1.mp4\" class=\"wp-block-file__button\" download>Herunterladen<\/a><\/div>\n\n\n\n<hr class=\"wp-block-separator\"\/>\n\n\n\n<p><span style=\"color:#4ea300\" class=\"has-inline-color\">Konntest du alle Personen finden und lagst du mit deinen Vermutungen richtig?<\/span><\/p>\n\n\n\n<p><span style=\"color:#4ea300\" class=\"has-inline-color\">Hattest du schon selbst einmal eine Situation in den \u00d6ffentlichen Verkehrsmitteln, die den erz\u00e4hlten Situationen \u00e4hnelt? <\/span><br><strong><span style=\"color:#4ea300\" class=\"has-inline-color\"><br>Entwerfe ein Bild oder einen Text, der von solch einer Situation handelt und erz\u00e4hlt! <\/span><\/strong><\/p>\n\n\n\n<p><strong><span style=\"color:#4ea300\" class=\"has-inline-color\">Deiner Phantasie sind keinerlei Grenzen gesetzt.<\/span><\/strong><\/p>\n\n\n\n<hr class=\"wp-block-separator\"\/>\n\n\n\n<p>Wir hoffen, dass wir dich mit unseren Videos inspirieren konnten, selbst ein U-Bahn Werk zu malen oder einen Text \u00fcber so eine Situation zu schreiben. Hast du eventuell noch andere Personen entdeckt, die diese Gedanken auch haben k\u00f6nnten?  <br><strong>Sende uns deine fertigen Werke, Ideen, Gedanken und Fragen \u00fcber die Kommentarfunktion zu<\/strong>!<\/p>\n\n\n\n<hr class=\"wp-block-separator\"\/>\n\n\n\n<h2>Hier ist gen\u00fcgend Platz f\u00fcr deine Werke, Ideen, Anregungen und Fragen. <\/h2>\n\n\n\n<p><\/p>\n","protected":false},"excerpt":{"rendered":"<p>Kunstvermittlung Volker Stelzmann Ein Projekt von Jessica K\u00f6rber, Celine Lange und Pascal Binder \u201eU-Bahn\u201c, 2015, Mischtechnik auf MDF- Platte, 140 x 100 cm. Leihgabe: Stephanie und Christopher von Hugo, Burgreppach. Foto: Ilona Ripke, Berlin. Das Bild \u201eU-Bahn\u201c, welches sich in der Ausstellung \u201eStadt-Werkstatt\u201c im Angermuseum Erfurt befand, wurde von uns genutzt, um eine Personensuche zu [&hellip;]<\/p>\n","protected":false},"author":4,"featured_media":0,"parent":0,"menu_order":0,"comment_status":"open","ping_status":"closed","template":"","meta":[],"_links":{"self":[{"href":"https:\/\/kunstvermittlung.uni-erfurt.de\/ws20\/wp-json\/wp\/v2\/pages\/228"}],"collection":[{"href":"https:\/\/kunstvermittlung.uni-erfurt.de\/ws20\/wp-json\/wp\/v2\/pages"}],"about":[{"href":"https:\/\/kunstvermittlung.uni-erfurt.de\/ws20\/wp-json\/wp\/v2\/types\/page"}],"author":[{"embeddable":true,"href":"https:\/\/kunstvermittlung.uni-erfurt.de\/ws20\/wp-json\/wp\/v2\/users\/4"}],"replies":[{"embeddable":true,"href":"https:\/\/kunstvermittlung.uni-erfurt.de\/ws20\/wp-json\/wp\/v2\/comments?post=228"}],"version-history":[{"count":61,"href":"https:\/\/kunstvermittlung.uni-erfurt.de\/ws20\/wp-json\/wp\/v2\/pages\/228\/revisions"}],"predecessor-version":[{"id":1473,"href":"https:\/\/kunstvermittlung.uni-erfurt.de\/ws20\/wp-json\/wp\/v2\/pages\/228\/revisions\/1473"}],"wp:attachment":[{"href":"https:\/\/kunstvermittlung.uni-erfurt.de\/ws20\/wp-json\/wp\/v2\/media?parent=228"}],"curies":[{"name":"wp","href":"https:\/\/api.w.org\/{rel}","templated":true}]}}