{"id":225,"date":"2021-02-18T15:31:05","date_gmt":"2021-02-18T14:31:05","guid":{"rendered":"https:\/\/kunstvermittlung.uni-erfurt.de\/ws20\/?page_id=225"},"modified":"2021-05-19T11:53:22","modified_gmt":"2021-05-19T09:53:22","slug":"salto","status":"publish","type":"page","link":"https:\/\/kunstvermittlung.uni-erfurt.de\/ws20\/salto\/","title":{"rendered":"Entwicklung einer Geschichte zum \u201eSalto\u201c"},"content":{"rendered":"\n<div class=\"wp-block-buttons\">\n<div class=\"wp-block-button has-custom-width wp-block-button__width-75 is-style-outline\"><a class=\"wp-block-button__link\" href=\"https:\/\/kunstvermittlung.uni-erfurt.de\/ws20\/volker-stelzmann\/expertenecke-volker-stelzmann\/\" style=\"border-radius:15px\">Expert*innen &#8211; Ecke <\/a><\/div>\n<\/div>\n\n\n\n<h2><span style=\"color:#4ea300\" class=\"has-inline-color\">Kunstvermittlung Volker Stelzmann<\/span><\/h2>\n\n\n\n<p><em><strong>Ein Projekt von Jessica K\u00f6rber, Celine Lange und Pascal Binder<\/strong><\/em><\/p>\n\n\n\n<hr class=\"wp-block-separator\"\/>\n\n\n\n<figure class=\"wp-block-image size-large is-style-default\"><img loading=\"lazy\" width=\"728\" height=\"1024\" src=\"https:\/\/kunstvermittlung.uni-erfurt.de\/ws20\/wp-content\/uploads\/2021\/03\/916F215B-B0CD-4F97-98B9-045B136096E4-728x1024.jpeg\" alt=\"\" class=\"wp-image-397\" srcset=\"https:\/\/kunstvermittlung.uni-erfurt.de\/ws20\/wp-content\/uploads\/2021\/03\/916F215B-B0CD-4F97-98B9-045B136096E4-728x1024.jpeg 728w, https:\/\/kunstvermittlung.uni-erfurt.de\/ws20\/wp-content\/uploads\/2021\/03\/916F215B-B0CD-4F97-98B9-045B136096E4-213x300.jpeg 213w, https:\/\/kunstvermittlung.uni-erfurt.de\/ws20\/wp-content\/uploads\/2021\/03\/916F215B-B0CD-4F97-98B9-045B136096E4-768x1080.jpeg 768w, https:\/\/kunstvermittlung.uni-erfurt.de\/ws20\/wp-content\/uploads\/2021\/03\/916F215B-B0CD-4F97-98B9-045B136096E4-1092x1536.jpeg 1092w, https:\/\/kunstvermittlung.uni-erfurt.de\/ws20\/wp-content\/uploads\/2021\/03\/916F215B-B0CD-4F97-98B9-045B136096E4-600x844.jpeg 600w, https:\/\/kunstvermittlung.uni-erfurt.de\/ws20\/wp-content\/uploads\/2021\/03\/916F215B-B0CD-4F97-98B9-045B136096E4.jpeg 1138w\" sizes=\"(max-width: 728px) 100vw, 728px\" \/><\/figure>\n\n\n\n<p class=\"has-small-font-size\"><span class=\"has-inline-color has-light-gray-color\">\u201e<em>Salto\u201c<\/em>, 2012, 140 x 100 cm. Leihgabe und Foto: Privatbesitz Stelzmann.<\/span><\/p>\n\n\n\n<p>Das Bild \u201e<em>Salto\u201c<\/em>, welches sich in der Ausstellung \u201eStadt &#8211; Werkstatt\u201c im Angermuseum Erfurt befand, wurde von uns in ein bewegtes Bild im Videoformat umgewandelt, um sich szenisch besser zu n\u00e4hern.<\/p>\n\n\n\n<hr class=\"wp-block-separator\"\/>\n\n\n\n<p><em><span style=\"color:#4ea300\" class=\"has-inline-color\">Schau dir bitte das folgende Video aufmerksam an<\/span><\/em><strong><span style=\"color:#4ea300\" class=\"has-inline-color\">.<br><\/span><\/strong><br><em>Klicke hier, um dir das Video anzusehen<\/em>.<\/p>\n\n\n\n<figure class=\"wp-block-video\"><video controls src=\"https:\/\/kunstvermittlung.uni-erfurt.de\/ws20\/wp-content\/uploads\/2021\/03\/FullSizeRender-1.mov\"><\/video><figcaption><span class=\"has-inline-color has-light-gray-color\">Video zum bewegten Bild \u201eSalto\u201c<\/span><\/figcaption><\/figure>\n\n\n\n<p><span style=\"color:#4ea300\" class=\"has-inline-color\"><br><\/span><strong><span style=\"color:#4ea300\" class=\"has-inline-color\">Nachdem du dir das Video angeschaut hast, entwickle eine Geschichte dazu, was vor, nach und w\u00e4hrend der dargestellten Szene geschieht.<\/span><br><\/strong><span style=\"color:#4ea300\" class=\"has-inline-color\"><strong><br>Als Hilfestellung kannst du dich diesen <\/strong><\/span><strong><span style=\"color:#4ea300\" class=\"has-inline-color\">Fragen<\/span><\/strong><span style=\"color:#4ea300\" class=\"has-inline-color\"><strong> zur Entwicklung deiner Geschichte widmen:<\/strong><\/span><\/p>\n\n\n\n<p><em>Was k\u00f6nnte vor dem dargestellten Geschehen im Video passiert sein und was danach?<\/em><\/p>\n\n\n\n<p><em>Was ver\u00e4ndert sich im Geschehen im Video und warum?<\/em><\/p>\n\n\n\n<p><em>Welche Personen oder Dinge bewegen sich?<\/em> <em>Wo befinden sie sich?<\/em><\/p>\n\n\n\n<p><em>Was k\u00f6nnte anders sein als es im Video gezeigt wurde und warum?<\/em><\/p>\n\n\n\n<p><strong><span style=\"color:#4ea300\" class=\"has-inline-color\">Nun beschreibe deine eigene Geschichte. Deinen Gedanken sind keinerlei Grenzen gesetzt. Viel Spa\u00df! <\/span><\/strong><\/p>\n\n\n\n<div class=\"wp-block-file\"><a href=\"https:\/\/kunstvermittlung.uni-erfurt.de\/ws20\/wp-content\/uploads\/2021\/03\/FullSizeRender-1.mov\">Video zum Herunterladen f\u00fcr Lehrkr\u00e4fte und Kunstp\u00e4dagog*innen<\/a><a href=\"https:\/\/kunstvermittlung.uni-erfurt.de\/ws20\/wp-content\/uploads\/2021\/03\/FullSizeRender-1.mov\" class=\"wp-block-file__button\" download>Herunterladen<\/a><\/div>\n\n\n\n<hr class=\"wp-block-separator\"\/>\n\n\n\n<h2>Lade deine Geschichte in Text, Bild oder Ton mit der Kommentarfunktion hoch!<\/h2>\n","protected":false},"excerpt":{"rendered":"<p>Kunstvermittlung Volker Stelzmann Ein Projekt von Jessica K\u00f6rber, Celine Lange und Pascal Binder \u201eSalto\u201c, 2012, 140 x 100 cm. Leihgabe und Foto: Privatbesitz Stelzmann. Das Bild \u201eSalto\u201c, welches sich in der Ausstellung \u201eStadt &#8211; Werkstatt\u201c im Angermuseum Erfurt befand, wurde von uns in ein bewegtes Bild im Videoformat umgewandelt, um sich szenisch besser zu n\u00e4hern. [&hellip;]<\/p>\n","protected":false},"author":3,"featured_media":0,"parent":0,"menu_order":0,"comment_status":"open","ping_status":"closed","template":"","meta":[],"_links":{"self":[{"href":"https:\/\/kunstvermittlung.uni-erfurt.de\/ws20\/wp-json\/wp\/v2\/pages\/225"}],"collection":[{"href":"https:\/\/kunstvermittlung.uni-erfurt.de\/ws20\/wp-json\/wp\/v2\/pages"}],"about":[{"href":"https:\/\/kunstvermittlung.uni-erfurt.de\/ws20\/wp-json\/wp\/v2\/types\/page"}],"author":[{"embeddable":true,"href":"https:\/\/kunstvermittlung.uni-erfurt.de\/ws20\/wp-json\/wp\/v2\/users\/3"}],"replies":[{"embeddable":true,"href":"https:\/\/kunstvermittlung.uni-erfurt.de\/ws20\/wp-json\/wp\/v2\/comments?post=225"}],"version-history":[{"count":70,"href":"https:\/\/kunstvermittlung.uni-erfurt.de\/ws20\/wp-json\/wp\/v2\/pages\/225\/revisions"}],"predecessor-version":[{"id":1500,"href":"https:\/\/kunstvermittlung.uni-erfurt.de\/ws20\/wp-json\/wp\/v2\/pages\/225\/revisions\/1500"}],"wp:attachment":[{"href":"https:\/\/kunstvermittlung.uni-erfurt.de\/ws20\/wp-json\/wp\/v2\/media?parent=225"}],"curies":[{"name":"wp","href":"https:\/\/api.w.org\/{rel}","templated":true}]}}