{"id":213,"date":"2021-02-15T13:12:17","date_gmt":"2021-02-15T12:12:17","guid":{"rendered":"https:\/\/kunstvermittlung.uni-erfurt.de\/ws20\/?page_id=213"},"modified":"2021-05-20T11:41:00","modified_gmt":"2021-05-20T09:41:00","slug":"barbara-toch","status":"publish","type":"page","link":"https:\/\/kunstvermittlung.uni-erfurt.de\/ws20\/barbara-toch\/","title":{"rendered":"Barbara Toch"},"content":{"rendered":"\n<div class=\"wp-block-buttons\"><\/div>\n\n\n\n<p class=\"has-larger-font-size\">Biografie<\/p>\n\n\n\n<p>Geboren: 27.01. 1950 in Dresden<\/p>\n\n\n\n<ul id=\"block-06508230-dc26-4f87-a590-7ae2a09c00c6\"><li>1968 absolvierte sie ihr Abitur (Dresden)<\/li><li>1968\u20131973&nbsp;Studium an der Hochschule f\u00fcr Grafik und Buchkunst in Leipzig bei Werne T\u00fcbke und Wolfgang Mattheuer<\/li><li>1973 Diplom in Malerei\/Grafik<\/li><li>1973\u20131977 freischaffende K\u00fcnstlerin in Leipzig<\/li><li>Seit 1978 freischaffende K\u00fcnstlerin in Gera<\/li><li>Mitglied im VBK (Verband Bildender K\u00fcnstler) Th\u00fcringen und BBK (Bundesverband Bildender K\u00fcnstler)<\/li><li>1992 Gr\u00fcndungsmitglied der K\u00fcnstlergruppe \u201eschistko jedno&#8220;<\/li><li>Seit 1992 Studienreisen nach Frankreich (Atelier de Seguret)<\/li><li>1994\u20131998 Mitinitiatorin der Produzentengalerie Kunstraum Gera<\/li><li>1997 F\u00f6rderstipendium des Landes Th\u00fcringen<\/li><li>seit 2008 Ateliergalerie Uferlos<\/li><li>2013 Projekt und Arbeitsstipendium der Erfurter Bildkunststiftung zu Charlotte Grasnick<\/li><\/ul>\n\n\n\n<figure class=\"wp-block-image\"><img src=\"https:\/\/www.otz.de\/img\/frontpage\/crop223310987\/7684589973-w1200-cv3_2-q70\/Barbara-Toch-vor-zwei-ihrer-Werke-in-der-Neuen-Galerie-fuer-zeitgenoessischen-Kunst.jpg\" alt=\"Barbara Toch stellt in Neuer Galerie Gera aus | Ausstellung | Ostth\u00fcringer  Zeitung\"\/><figcaption><span class=\"has-inline-color has-light-gray-color\">Bild: Barbara Toch<\/span><br><span class=\"has-inline-color has-light-gray-color\">Quelle: <a href=\"https:\/\/www.otz.de\/kultur\/ausstellung\/barbara-toch-stellt-in-neuer-galerie-gera-aus-id223311053.html\">https:\/\/www.otz.de\/kultur\/ausstellung\/barbara-toch-stellt-in-neuer-galerie-gera-aus-<\/a><br><a href=\"https:\/\/www.otz.de\/kultur\/ausstellung\/barbara-toch-stellt-in-neuer-galerie-gera-aus-id223311053.html\">id223311053.html<\/a><\/span><\/figcaption><\/figure>\n\n\n\n<p><\/p>\n\n\n\n<hr class=\"wp-block-separator alignfull has-text-color has-background has-light-gray-background-color has-light-gray-color\"\/>\n\n\n\n<p class=\"has-text-align-center has-black-color has-text-color\" style=\"font-size:20px\"><u><strong>Werke<\/strong><\/u><\/p>\n\n\n\n<p class=\"has-text-align-center\">Arbeitsbereiche: Malerei und Grafik<\/p>\n\n\n\n<div class=\"wp-block-image\"><figure class=\"aligncenter is-resized\"><img loading=\"lazy\" src=\"https:\/\/kunstvermittlung.uni-erfurt.de\/ws20\/wp-content\/uploads\/2021\/03\/image.png\" alt=\"Dieses Bild hat ein leeres Alt-Attribut. Der Dateiname ist image.png\" width=\"580\" height=\"290\"\/><figcaption><span class=\"has-inline-color has-light-gray-color\">Bild:&nbsp;Barbara Toch, \u201eIn der Schwebe\u201c, 2013, \u00d6l auf Papier, 50 \u00d7 70 cm<\/span><\/figcaption><\/figure><\/div>\n\n\n\n<div class=\"wp-block-image\"><figure class=\"aligncenter size-large is-resized\"><img loading=\"lazy\" src=\"https:\/\/kunstvermittlung.uni-erfurt.de\/ws20\/wp-content\/uploads\/2021\/03\/image-4.png\" alt=\"\" class=\"wp-image-791\" width=\"395\" height=\"504\"\/><figcaption><span class=\"has-inline-color has-light-gray-color\">Bild: Barbara Toch, &#8222;Regenmacher&#8220;,<br>2017, \u00d6l und Acryl auf Leinen, 43 x 33 cm<\/span><\/figcaption><\/figure><\/div>\n\n\n\n<div class=\"wp-block-image\"><figure class=\"aligncenter size-large is-resized\"><img loading=\"lazy\" src=\"https:\/\/kunstvermittlung.uni-erfurt.de\/ws20\/wp-content\/uploads\/2021\/03\/image-6.png\" alt=\"\" class=\"wp-image-794\" width=\"340\" height=\"488\" srcset=\"https:\/\/kunstvermittlung.uni-erfurt.de\/ws20\/wp-content\/uploads\/2021\/03\/image-6.png 317w, https:\/\/kunstvermittlung.uni-erfurt.de\/ws20\/wp-content\/uploads\/2021\/03\/image-6-209x300.png 209w\" sizes=\"(max-width: 340px) 100vw, 340px\" \/><figcaption><span class=\"has-inline-color has-light-gray-color\">Bild: Barbara Toch, &#8222;Folkore&#8220;,<br>2018, \u00d6l und Acryl auf Papier, 71 x 50cm<\/span><\/figcaption><\/figure><\/div>\n\n\n\n<div class=\"wp-block-image\"><figure class=\"aligncenter size-large is-resized\"><img loading=\"lazy\" src=\"https:\/\/kunstvermittlung.uni-erfurt.de\/ws20\/wp-content\/uploads\/2021\/03\/image-5.png\" alt=\"\" class=\"wp-image-793\" width=\"584\" height=\"411\"\/><figcaption><span class=\"has-inline-color has-light-gray-color\">Bild: Barbara Toch, &#8222;Mare nostrum IV&#8220;, 2018, <br>\u00d6l und Acryl auf Papier, 64 x 90 cm<\/span><\/figcaption><\/figure><\/div>\n\n\n\n<p class=\"has-text-align-center has-text-color\" style=\"color:#8cbf63\">Die auf dieser Seite abgebildeten Werke und dessen Beschreibungen, wurden von dieser <a href=\"https:\/\/www.galerie-profil.de\/barbara-toch\"><strong><span style=\"color:#37640b\" class=\"has-inline-color\">Webseite<\/span><\/strong><\/a> entnommen. <\/p>\n\n\n\n<div class=\"wp-block-buttons is-content-justification-center\"><\/div>\n\n\n\n<p><\/p>\n","protected":false},"excerpt":{"rendered":"<p>Biografie Geboren: 27.01. 1950 in Dresden 1968 absolvierte sie ihr Abitur (Dresden) 1968\u20131973&nbsp;Studium an der Hochschule f\u00fcr Grafik und Buchkunst in Leipzig bei Werne T\u00fcbke und Wolfgang Mattheuer 1973 Diplom in Malerei\/Grafik 1973\u20131977 freischaffende K\u00fcnstlerin in Leipzig Seit 1978 freischaffende K\u00fcnstlerin in Gera Mitglied im VBK (Verband Bildender K\u00fcnstler) Th\u00fcringen und BBK (Bundesverband Bildender K\u00fcnstler) [&hellip;]<\/p>\n","protected":false},"author":1,"featured_media":0,"parent":0,"menu_order":0,"comment_status":"closed","ping_status":"closed","template":"","meta":[],"_links":{"self":[{"href":"https:\/\/kunstvermittlung.uni-erfurt.de\/ws20\/wp-json\/wp\/v2\/pages\/213"}],"collection":[{"href":"https:\/\/kunstvermittlung.uni-erfurt.de\/ws20\/wp-json\/wp\/v2\/pages"}],"about":[{"href":"https:\/\/kunstvermittlung.uni-erfurt.de\/ws20\/wp-json\/wp\/v2\/types\/page"}],"author":[{"embeddable":true,"href":"https:\/\/kunstvermittlung.uni-erfurt.de\/ws20\/wp-json\/wp\/v2\/users\/1"}],"replies":[{"embeddable":true,"href":"https:\/\/kunstvermittlung.uni-erfurt.de\/ws20\/wp-json\/wp\/v2\/comments?post=213"}],"version-history":[{"count":21,"href":"https:\/\/kunstvermittlung.uni-erfurt.de\/ws20\/wp-json\/wp\/v2\/pages\/213\/revisions"}],"predecessor-version":[{"id":1510,"href":"https:\/\/kunstvermittlung.uni-erfurt.de\/ws20\/wp-json\/wp\/v2\/pages\/213\/revisions\/1510"}],"wp:attachment":[{"href":"https:\/\/kunstvermittlung.uni-erfurt.de\/ws20\/wp-json\/wp\/v2\/media?parent=213"}],"curies":[{"name":"wp","href":"https:\/\/api.w.org\/{rel}","templated":true}]}}