{"id":209,"date":"2021-02-15T13:02:56","date_gmt":"2021-02-15T12:02:56","guid":{"rendered":"https:\/\/kunstvermittlung.uni-erfurt.de\/ws20\/?page_id=209"},"modified":"2021-05-19T11:40:18","modified_gmt":"2021-05-19T09:40:18","slug":"techniken","status":"publish","type":"page","link":"https:\/\/kunstvermittlung.uni-erfurt.de\/ws20\/techniken\/","title":{"rendered":"Techniken"},"content":{"rendered":"\n<div class=\"wp-block-buttons\">\n<div class=\"wp-block-button has-custom-width wp-block-button__width-75 is-style-outline\"><a class=\"wp-block-button__link\" href=\"https:\/\/kunstvermittlung.uni-erfurt.de\/ws20\/expertinnen-ecke-barbara-toch\/\" style=\"border-radius:15px\">Expert*innen &#8211; Ecke <\/a><\/div>\n<\/div>\n\n\n\n<div class=\"wp-block-cover alignfull has-background-dim-60 has-medium-gray-background-color has-background-dim\" style=\"min-height:426px\"><img loading=\"lazy\" width=\"1058\" height=\"545\" class=\"wp-block-cover__image-background wp-image-887\" alt=\"\" src=\"https:\/\/kunstvermittlung.uni-erfurt.de\/ws20\/wp-content\/uploads\/2021\/03\/Webpress-Technik.jpg\" data-object-fit=\"cover\" srcset=\"https:\/\/kunstvermittlung.uni-erfurt.de\/ws20\/wp-content\/uploads\/2021\/03\/Webpress-Technik.jpg 1058w, https:\/\/kunstvermittlung.uni-erfurt.de\/ws20\/wp-content\/uploads\/2021\/03\/Webpress-Technik-300x155.jpg 300w, https:\/\/kunstvermittlung.uni-erfurt.de\/ws20\/wp-content\/uploads\/2021\/03\/Webpress-Technik-1024x527.jpg 1024w, https:\/\/kunstvermittlung.uni-erfurt.de\/ws20\/wp-content\/uploads\/2021\/03\/Webpress-Technik-768x396.jpg 768w, https:\/\/kunstvermittlung.uni-erfurt.de\/ws20\/wp-content\/uploads\/2021\/03\/Webpress-Technik-600x309.jpg 600w\" sizes=\"(max-width: 1058px) 100vw, 1058px\" \/><div class=\"wp-block-cover__inner-container\">\n<p class=\"has-text-align-center has-white-color has-text-color\" style=\"font-size:25px\"><strong>Wenn Sie sich f\u00fcr die Malweise von Barbara Toch interessieren und Sie sich selbst etwas \u00c4hnliches aneignen m\u00f6chten, dann sind Sie hier richtig! <\/strong><\/p>\n\n\n\n<p class=\"has-text-align-center has-white-color has-text-color\" style=\"font-size:33px\"><strong>Wir zeigen Ihnen hier 3 verschiedene Techniken mit denen Sie individuelle Werke gestalten k\u00f6nnen!<\/strong><\/p>\n<\/div><\/div>\n\n\n\n<p><\/p>\n\n\n\n<h4>Relief-Effekt<\/h4>\n\n\n\n<figure class=\"wp-block-video\"><video controls src=\"https:\/\/kunstvermittlung.uni-erfurt.de\/ws20\/wp-content\/uploads\/2021\/03\/Relief-Effekt.mp4\"><\/video><\/figure>\n\n\n\n<p><\/p>\n\n\n\n<h4>Sprenkel-Effekt<\/h4>\n\n\n\n<figure class=\"wp-block-video\"><video controls src=\"https:\/\/kunstvermittlung.uni-erfurt.de\/ws20\/wp-content\/uploads\/2021\/03\/Sprenkel-Effekt.mp4\"><\/video><\/figure>\n\n\n\n<p><\/p>\n\n\n\n<h4>Papppinsel-Effekt<\/h4>\n\n\n\n<figure class=\"wp-block-video\"><video controls src=\"https:\/\/kunstvermittlung.uni-erfurt.de\/ws20\/wp-content\/uploads\/2021\/03\/Papppinsel-Effekt.mp4\"><\/video><\/figure>\n\n\n\n<h1>Inspirationen f\u00fcr eigene Werke<\/h1>\n\n\n\n<h4>Erstelle deine eigenen Werke!<\/h4>\n\n\n\n<p><span class=\"has-inline-color has-black-color\">Male mit den neuen Techniken eine Landschaft!<br>Wenn die Farbe getrocknet ist, kannst du mit Stiften weitere Details hinzuf\u00fcgen.<\/span><br><span class=\"has-inline-color has-black-color\">Verwende alle Techniken auf einem Bild!<\/span><br><span class=\"has-inline-color has-black-color\">Werde kreativ und erfinde eigene Werkzeuge und Techniken!<\/span><\/p>\n\n\n\n<h4>Mehr Inspiration?<\/h4>\n\n\n\n<p><span class=\"has-inline-color has-black-color\">Schneide andere Formen in deine Pappe, z.B. bei dem Relief-Effekt<\/span>.<br><span class=\"has-inline-color has-black-color\">Schlie\u00dfe deine Augen beim Malen!<\/span><br><span class=\"has-inline-color has-black-color\">Verwende unterschiedliche Untergr\u00fcnde oder auch Formate!<\/span><br><span class=\"has-inline-color has-black-color\">Du kannst deine Farbpalette erweitern und von einer Farbe Abstufungen kreieren, z.B. Hell, Mittel und Dunkel!<\/span><\/p>\n","protected":false},"excerpt":{"rendered":"<p>Relief-Effekt Sprenkel-Effekt Papppinsel-Effekt Inspirationen f\u00fcr eigene Werke Erstelle deine eigenen Werke! Male mit den neuen Techniken eine Landschaft!Wenn die Farbe getrocknet ist, kannst du mit Stiften weitere Details hinzuf\u00fcgen.Verwende alle Techniken auf einem Bild!Werde kreativ und erfinde eigene Werkzeuge und Techniken! Mehr Inspiration? Schneide andere Formen in deine Pappe, z.B. bei dem Relief-Effekt.Schlie\u00dfe deine Augen [&hellip;]<\/p>\n","protected":false},"author":1,"featured_media":0,"parent":0,"menu_order":0,"comment_status":"closed","ping_status":"closed","template":"","meta":[],"_links":{"self":[{"href":"https:\/\/kunstvermittlung.uni-erfurt.de\/ws20\/wp-json\/wp\/v2\/pages\/209"}],"collection":[{"href":"https:\/\/kunstvermittlung.uni-erfurt.de\/ws20\/wp-json\/wp\/v2\/pages"}],"about":[{"href":"https:\/\/kunstvermittlung.uni-erfurt.de\/ws20\/wp-json\/wp\/v2\/types\/page"}],"author":[{"embeddable":true,"href":"https:\/\/kunstvermittlung.uni-erfurt.de\/ws20\/wp-json\/wp\/v2\/users\/1"}],"replies":[{"embeddable":true,"href":"https:\/\/kunstvermittlung.uni-erfurt.de\/ws20\/wp-json\/wp\/v2\/comments?post=209"}],"version-history":[{"count":15,"href":"https:\/\/kunstvermittlung.uni-erfurt.de\/ws20\/wp-json\/wp\/v2\/pages\/209\/revisions"}],"predecessor-version":[{"id":1481,"href":"https:\/\/kunstvermittlung.uni-erfurt.de\/ws20\/wp-json\/wp\/v2\/pages\/209\/revisions\/1481"}],"wp:attachment":[{"href":"https:\/\/kunstvermittlung.uni-erfurt.de\/ws20\/wp-json\/wp\/v2\/media?parent=209"}],"curies":[{"name":"wp","href":"https:\/\/api.w.org\/{rel}","templated":true}]}}