{"id":2,"date":"2020-11-20T14:17:25","date_gmt":"2020-11-20T13:17:25","guid":{"rendered":"https:\/\/kunstvermittlung.uni-erfurt.de\/ws20\/?page_id=2"},"modified":"2021-06-08T16:07:55","modified_gmt":"2021-06-08T14:07:55","slug":"beispiel-seite","status":"publish","type":"page","link":"https:\/\/kunstvermittlung.uni-erfurt.de\/ws20\/","title":{"rendered":"Digitale Kunstvermittlung von Studierenden"},"content":{"rendered":"\n<p class=\"has-black-color has-text-color\">Die hier abrufbaren Angebote digitaler Kunstvermittlung haben Studierende im BA-Studium Kunst an der <a rel=\"noreferrer noopener\" href=\"https:\/\/www.uni-erfurt.de\/erziehungswissenschaftliche-fakultaet\/fakultaet\/profil\/fachgebiete-und-professuren\/kunst\" target=\"_blank\">Universit\u00e4t Erfurt\/Fachbereich Kunst <\/a>im Rahmen eines kunstp\u00e4dagogischen Seminars entwickelt. Die Angebote richten sich an Kinder und Jugendliche und beziehen sich auf Ausstellungen Erfurter Kunstmuseen im Winter 2020\/21.<\/p>\n\n\n\n<p class=\"has-black-color has-text-color\">Die Entscheidung, digitale Kunstvermittlungsangebote zu entwickeln, resultierte aus den Bedingungen der Corona-Pandemie. \u00dcber die aktuelle Situation hinausgehend wird hiermit aber auch an aktuelle Entwicklungen digitaler Kulturvermittlung angekn\u00fcpft, die f\u00fcr das Erreichen breiter Zielgruppen relevant sind. <\/p>\n\n\n\n<p>Die Angebote sind im Men\u00fc abrufbar. In &#8222;Expert*innen-Ecken&#8220; sind z.T. passwortgesch\u00fctzte Reflexionen abgelegt. Alle Besucher*innen dieser Website sind herzlich aufgerufen, die Angebote zu nutzen und \u00fcber die Kommentarfunktion am Ende jeder Seite, R\u00fcckmeldungen zu geben &#8211; auch als Bild oder Video. <\/p>\n\n\n\n<p>Prof. Dr. Ulrike Stutz, Fachbereich Kunst der Universit\u00e4t Erfurt<\/p>\n\n\n\n<figure class=\"wp-block-image size-large is-resized\"><img loading=\"lazy\" src=\"https:\/\/kunstvermittlung.uni-erfurt.de\/ws20\/wp-content\/uploads\/2021\/06\/Bild1.png\" alt=\"\" class=\"wp-image-1524\" width=\"839\" height=\"703\" srcset=\"https:\/\/kunstvermittlung.uni-erfurt.de\/ws20\/wp-content\/uploads\/2021\/06\/Bild1.png 652w, https:\/\/kunstvermittlung.uni-erfurt.de\/ws20\/wp-content\/uploads\/2021\/06\/Bild1-300x251.png 300w, https:\/\/kunstvermittlung.uni-erfurt.de\/ws20\/wp-content\/uploads\/2021\/06\/Bild1-600x502.png 600w\" sizes=\"(max-width: 839px) 100vw, 839px\" \/><figcaption>Fachbereich Kunst der Universit\u00e4t Erfurt<br>Lehrgeb\u00e4ude Am H\u00fcgel<\/figcaption><\/figure>\n\n\n\n<hr class=\"wp-block-separator\"\/>\n\n\n\n<div class=\"wp-block-buttons\">\n<div class=\"wp-block-button has-custom-width wp-block-button__width-100 is-style-outline\"><a class=\"wp-block-button__link\" href=\"https:\/\/kunstvermittlung.uni-erfurt.de\/ws20\/datenschutzerklaerung\/\" style=\"border-radius:15px\">Datenschutzerkl\u00e4rung<\/a><\/div>\n<\/div>\n\n\n\n<p><\/p>\n","protected":false},"excerpt":{"rendered":"<p>Die hier abrufbaren Angebote digitaler Kunstvermittlung haben Studierende im BA-Studium Kunst an der Universit\u00e4t Erfurt\/Fachbereich Kunst im Rahmen eines kunstp\u00e4dagogischen Seminars entwickelt. Die Angebote richten sich an Kinder und Jugendliche und beziehen sich auf Ausstellungen Erfurter Kunstmuseen im Winter 2020\/21. Die Entscheidung, digitale Kunstvermittlungsangebote zu entwickeln, resultierte aus den Bedingungen der Corona-Pandemie. \u00dcber die aktuelle [&hellip;]<\/p>\n","protected":false},"author":1,"featured_media":0,"parent":0,"menu_order":0,"comment_status":"closed","ping_status":"closed","template":"","meta":[],"_links":{"self":[{"href":"https:\/\/kunstvermittlung.uni-erfurt.de\/ws20\/wp-json\/wp\/v2\/pages\/2"}],"collection":[{"href":"https:\/\/kunstvermittlung.uni-erfurt.de\/ws20\/wp-json\/wp\/v2\/pages"}],"about":[{"href":"https:\/\/kunstvermittlung.uni-erfurt.de\/ws20\/wp-json\/wp\/v2\/types\/page"}],"author":[{"embeddable":true,"href":"https:\/\/kunstvermittlung.uni-erfurt.de\/ws20\/wp-json\/wp\/v2\/users\/1"}],"replies":[{"embeddable":true,"href":"https:\/\/kunstvermittlung.uni-erfurt.de\/ws20\/wp-json\/wp\/v2\/comments?post=2"}],"version-history":[{"count":92,"href":"https:\/\/kunstvermittlung.uni-erfurt.de\/ws20\/wp-json\/wp\/v2\/pages\/2\/revisions"}],"predecessor-version":[{"id":1585,"href":"https:\/\/kunstvermittlung.uni-erfurt.de\/ws20\/wp-json\/wp\/v2\/pages\/2\/revisions\/1585"}],"wp:attachment":[{"href":"https:\/\/kunstvermittlung.uni-erfurt.de\/ws20\/wp-json\/wp\/v2\/media?parent=2"}],"curies":[{"name":"wp","href":"https:\/\/api.w.org\/{rel}","templated":true}]}}