{"id":1415,"date":"2021-05-17T12:23:21","date_gmt":"2021-05-17T10:23:21","guid":{"rendered":"https:\/\/kunstvermittlung.uni-erfurt.de\/ws20\/?page_id=1415"},"modified":"2021-06-03T16:41:07","modified_gmt":"2021-06-03T14:41:07","slug":"vermittlungsangebot-2","status":"publish","type":"page","link":"https:\/\/kunstvermittlung.uni-erfurt.de\/ws20\/vermittlungsangebot-2\/","title":{"rendered":"Vermittlungsangebot 2"},"content":{"rendered":"\n<div class=\"wp-block-buttons\">\n<div class=\"wp-block-button has-custom-width wp-block-button__width-50 is-style-outline\"><a class=\"wp-block-button__link\" href=\"https:\/\/kunstvermittlung.uni-erfurt.de\/ws20\/expertinnen-ecke-2\/\" style=\"border-radius:15px\">Expert*innen &#8211; Ecke 2<\/a><\/div>\n<\/div>\n\n\n\n<div class=\"wp-block-cover alignwide has-background-dim-20 has-background-dim is-position-center-center\" style=\"min-height:262px\"><video class=\"wp-block-cover__video-background intrinsic-ignore\" autoplay muted loop playsinline src=\"https:\/\/kunstvermittlung.uni-erfurt.de\/ws20\/wp-content\/uploads\/2021\/05\/video-2-1.mov\" style=\"object-position:56% 47%\" data-object-fit=\"cover\" data-object-position=\"56% 47%\"><\/video><div class=\"wp-block-cover__inner-container\">\n<p class=\"has-text-align-center has-text-color\" style=\"color:#fffffa;font-size:74px;line-height:1.1\">FRAGMENTE PUZZLE <\/p>\n<\/div><\/div>\n\n\n\n<p><strong>Jetzt sind eure Augen und Aufmerksamkeit gefragt! <\/strong><\/p>\n\n\n\n<p>In den folgenden Puzzeln finden sich Arbeiten von Hans Christian Schink wieder. <\/p>\n\n\n\n<p>Folgt langsam der Aufl\u00f6sung und versucht herauszufinden um welche Fotografie es sich handelt! <\/p>\n\n\n\n<p>Hier seht ihr zun\u00e4chst einen Katalog mit den Arbeiten von Schink!<\/p>\n\n\n\n<div class=\"wp-block-buttons\">\n<div class=\"wp-block-button is-style-outline\"><a class=\"wp-block-button__link\" href=\"https:\/\/kunstvermittlung.uni-erfurt.de\/ws20\/2021\/05\/04\/katalog\/\" style=\"border-radius:15px\">Katalog<\/a><\/div>\n<\/div>\n\n\n\n<p>K\u00f6nnt ihr die Motive richtig zuordnen? Wie wirkt das Bild auf euch wenn es fragmentiert ist, wird die gleiche oder eine andere Emotion bei euch hervorgerufen, wie bei dem Original? <\/p>\n\n\n\n<p>Lasst die Bilder auf euch wirken, die Endsequenz zeigt euch dann abschlie\u00dfend das Original.<\/p>\n\n\n\n<h2>1. PUZZLE<\/h2>\n\n\n\n<figure class=\"wp-block-video\"><video controls src=\"https:\/\/kunstvermittlung.uni-erfurt.de\/ws20\/wp-content\/uploads\/2021\/06\/video_1.mp4\"><\/video><\/figure>\n\n\n\n<h2>2. PUZZLE<\/h2>\n\n\n\n<figure class=\"wp-block-video\"><video controls src=\"https:\/\/kunstvermittlung.uni-erfurt.de\/ws20\/wp-content\/uploads\/2021\/06\/video-2-2.mov\"><\/video><\/figure>\n\n\n\n<h2>3. PUZZLE<\/h2>\n\n\n\n<figure class=\"wp-block-video\"><video controls src=\"https:\/\/kunstvermittlung.uni-erfurt.de\/ws20\/wp-content\/uploads\/2021\/06\/video-3-2neu.mov\"><\/video><\/figure>\n\n\n\n<div class=\"wp-block-buttons\"><\/div>\n\n\n\n<p><\/p>\n","protected":false},"excerpt":{"rendered":"<p>Jetzt sind eure Augen und Aufmerksamkeit gefragt! In den folgenden Puzzeln finden sich Arbeiten von Hans Christian Schink wieder. Folgt langsam der Aufl\u00f6sung und versucht herauszufinden um welche Fotografie es sich handelt! Hier seht ihr zun\u00e4chst einen Katalog mit den Arbeiten von Schink! K\u00f6nnt ihr die Motive richtig zuordnen? Wie wirkt das Bild auf euch [&hellip;]<\/p>\n","protected":false},"author":1,"featured_media":0,"parent":0,"menu_order":0,"comment_status":"open","ping_status":"closed","template":"","meta":[],"_links":{"self":[{"href":"https:\/\/kunstvermittlung.uni-erfurt.de\/ws20\/wp-json\/wp\/v2\/pages\/1415"}],"collection":[{"href":"https:\/\/kunstvermittlung.uni-erfurt.de\/ws20\/wp-json\/wp\/v2\/pages"}],"about":[{"href":"https:\/\/kunstvermittlung.uni-erfurt.de\/ws20\/wp-json\/wp\/v2\/types\/page"}],"author":[{"embeddable":true,"href":"https:\/\/kunstvermittlung.uni-erfurt.de\/ws20\/wp-json\/wp\/v2\/users\/1"}],"replies":[{"embeddable":true,"href":"https:\/\/kunstvermittlung.uni-erfurt.de\/ws20\/wp-json\/wp\/v2\/comments?post=1415"}],"version-history":[{"count":16,"href":"https:\/\/kunstvermittlung.uni-erfurt.de\/ws20\/wp-json\/wp\/v2\/pages\/1415\/revisions"}],"predecessor-version":[{"id":1571,"href":"https:\/\/kunstvermittlung.uni-erfurt.de\/ws20\/wp-json\/wp\/v2\/pages\/1415\/revisions\/1571"}],"wp:attachment":[{"href":"https:\/\/kunstvermittlung.uni-erfurt.de\/ws20\/wp-json\/wp\/v2\/media?parent=1415"}],"curies":[{"name":"wp","href":"https:\/\/api.w.org\/{rel}","templated":true}]}}