{"id":1046,"date":"2021-03-29T18:06:12","date_gmt":"2021-03-29T16:06:12","guid":{"rendered":"https:\/\/kunstvermittlung.uni-erfurt.de\/ws20\/?page_id=1046"},"modified":"2021-06-03T10:54:52","modified_gmt":"2021-06-03T08:54:52","slug":"bernd-und-hilla-becher","status":"publish","type":"page","link":"https:\/\/kunstvermittlung.uni-erfurt.de\/ws20\/bernd-und-hilla-becher\/","title":{"rendered":"Bernd und Hilla Becher"},"content":{"rendered":"\n<figure class=\"wp-block-image size-large is-resized is-style-default\"><img loading=\"lazy\" src=\"https:\/\/www.goethe.de\/resources\/files\/jpg429\/BerndHillaBecher1-formatkey-jpg-default.jpg\" alt=\"\" width=\"510\" height=\"355\"\/><\/figure>\n\n\n\n<div class=\"wp-block-columns\">\n<div class=\"wp-block-column\">\n<p><strong>Bernd Becher<\/strong><\/p>\n\n\n\n<p>1931&nbsp;geboren in Siegen<\/p>\n\n\n\n<p>1953-61&nbsp;Studium an der Staatlichen Kunstakademie Stuttgart und D\u00fcsseldorf<\/p>\n\n\n\n<p>2007&nbsp;gestorben in Rostock<\/p>\n<\/div>\n\n\n\n<div class=\"wp-block-column\">\n<p><strong>Hilla Becher <\/strong>(geb. Wobeser)<\/p>\n\n\n\n<p>1934 geboren in Potsdam<\/p>\n\n\n\n<p>1958-61 Studium an der Staatlichen Kunstakademie D\u00fcsseldorf<br><\/p>\n\n\n\n<p>2015 gestorben in D\u00fcsseldorf<\/p>\n<\/div>\n<\/div>\n\n\n\n<p><\/p>\n\n\n\n<hr class=\"wp-block-separator is-style-wide\"\/>\n\n\n\n<div class=\"wp-block-columns\">\n<div class=\"wp-block-column\">\n<p>1959 Beginn der Zusammenarbeit<\/p>\n\n\n\n<p>1959-63 Fotografien Industrieanlagen und H\u00e4user<\/p>\n\n\n\n<p>1968 erste Fotografien in den USA<\/p>\n\n\n\n<p>Mitte 1970er Begr\u00fcndung der D\u00fcsseldorfer Fotoschule<\/p>\n\n\n\n<p>1990 Auszeichnung \u201eGoldener L\u00f6we\u201c auf der 44. Biennale Venedig<\/p>\n\n\n\n<p>2003 Infinity Award des International Center of Photography, NY<\/p>\n\n\n\n<p>2004 Hasselblad Foundation International Award in Photography, G\u00f6teborg<\/p>\n<\/div>\n<\/div>\n\n\n\n<hr class=\"wp-block-separator is-style-default\"\/>\n\n\n\n<p>Hans-Christian Schinks Arbeiten k\u00f6nnen im Kontext der Arbeiten von Bernd und Hilla Becher betrachtet werden und der auf sie zur\u00fcckgef\u00fchrte &#8222;Becher-Schule&#8220; der Fotografie, auch wenn er selbst nicht bei den Bechers studiert hat.<\/p>\n\n\n\n<p>Bernd und Hilla Bechers Schwarzwei\u00df-Fotografien zeichnen sich durch ihre systematische Dokumentation deutscher, europ\u00e4ischer und amerikanischer Industriearchitektur aus. Dies diente als Grundlage ihrer D\u00fcsseldorfer Fotoschule f\u00fcr zeitgen\u00f6ssische Fotografie.<br><br>Gepr\u00e4gt durch ihre Objektivit\u00e4t, Anonymit\u00e4t, Strenge und Sachlichkeit verbinden sie die Fotografie mit Skulptur und sind damit grenz\u00fcberschreitend. Details und Gesamtzusammenh\u00e4nge verschmelzen innerhalb ihrer Serien und schlie\u00dfen somit die Fotografie vom Einzelbild aus.<\/p>\n\n\n\n<p>In ihrer Mitte der 1970er gegr\u00fcndeten D\u00fcsseldorfer Fotoschule bringen sie bedeutende K\u00fcnstler, wie Volker D\u00f6hne, Andreas Gursky, Candida H\u00f6fer, Axel H\u00fctte, Tata Ronkholz, Thomas Ruff, J\u00f6rg Sasse, Thomas Struth und Petra Wunderlich hervor.<\/p>\n\n\n\n<p>Durch die Generationen der Studierenden in der Becher-Klasse zeigt sich auch die radikale Ver\u00e4nderung mit dem Medium Fotografie im Bezug auf \u00c4sthetik, Medien und \u00d6konomie. Sie pr\u00e4gten die Fotografie auf internationaler Ebene und zeigen die Fotografie als k\u00fcnstlerisches Medium.<\/p>\n\n\n\n<p class=\"has-text-align-right\">~ S.Igel \/ L.Schirrmeister ~<\/p>\n\n\n\n<div class=\"wp-block-columns\">\n<div class=\"wp-block-column\">\n<figure class=\"wp-block-image size-large\"><img src=\"https:\/\/www.wz.de\/imgs\/39\/4\/2\/4\/4\/1\/3\/5\/5\/tok_5b306fda3a259e6b1a7ae7860817771f\/w925_h1200_x419_y460_WZ_42193087_899741435_RGB_190_2_1_fb369d32ec064ae95be79ce3bcc8b60c_1542210013_899741435_4e3c2fb906-b87e9abe76f348e7.jpg\" alt=\"\"\/><figcaption>Volker D\u00f6hne<\/figcaption><\/figure>\n\n\n\n<figure class=\"wp-block-image size-large\"><img src=\"https:\/\/www.tata-ronkholz.de\/fileadmin\/_processed_\/c\/8\/csm_Portrait_Tata_Ronkholz____VG_BildKunst____Tata_Ronkholz__Nachlassverwaltung_Van_Ham_Art_Estate_2017_c011ae618b.jpg\" alt=\"\"\/><figcaption>Tata Ronkholz<\/figcaption><\/figure>\n<\/div>\n\n\n\n<div class=\"wp-block-column\">\n<figure class=\"wp-block-image size-large\"><img src=\"https:\/\/news.artnet.com\/app\/news-upload\/2015\/09\/candida-hoefer.png\" alt=\"\"\/><figcaption>Candida H\u00f6fer<\/figcaption><\/figure>\n\n\n\n<figure class=\"wp-block-image size-large\"><img src=\"https:\/\/www.interviewmagazine.com\/wp-content\/uploads\/2016\/04\/img-thomas-ruff_092653253918.jpg\" alt=\"\"\/><figcaption>Thomas Ruff<\/figcaption><\/figure>\n\n\n\n<figure class=\"wp-block-image size-large\"><img src=\"https:\/\/www.monopol-magazin.de\/sites\/default\/files\/styles\/min_autox1000\/public\/img_d7\/160302_Museum_Folkwang_Ausstellungseroeffnung_Struth_01_0.JPG?itok=thQ6YCbV\" alt=\"\"\/><figcaption>Thomas Struth (links) und Andreas Gursky<\/figcaption><\/figure>\n<\/div>\n\n\n\n<div class=\"wp-block-column\">\n<figure class=\"wp-block-image size-large\"><img src=\"https:\/\/www.lempertz.com\/fileadmin\/kuenstler\/axel-huette.jpg\" alt=\"\"\/><figcaption>Axel H\u00fctte<\/figcaption><\/figure>\n\n\n\n<figure class=\"wp-block-image size-large\"><img src=\"https:\/\/m.westfalen-blatt.de\/var\/storage\/images\/media\/westfalen-blatt\/sasse\/60913243-1-ger-DE\/sasse_image_1024_width.jpg\" alt=\"\"\/><figcaption>J\u00f6rg Sasse<\/figcaption><\/figure>\n\n\n\n<figure class=\"wp-block-image size-large\"><img src=\"https:\/\/www.griffelkunst.de\/i\/Portr%C3%A4t-Wunderlich.jpg\" alt=\"\"\/><figcaption>Petra Wunderlich<\/figcaption><\/figure>\n<\/div>\n<\/div>\n\n\n\n<div class=\"wp-block-columns are-vertically-aligned-center\"><\/div>\n\n\n\n<div class=\"wp-block-columns\">\n<div class=\"wp-block-column\">\n<div class=\"wp-block-buttons\">\n<div class=\"wp-block-button has-custom-width wp-block-button__width-50 is-style-outline\"><a class=\"wp-block-button__link\" href=\"https:\/\/kunstvermittlung.uni-erfurt.de\/ws20\/diskussionsforum_schink\/\" style=\"border-radius:15px\">Diskussionsforum<\/a><\/div>\n<\/div>\n\n\n\n<p><\/p>\n<\/div>\n<\/div>\n\n\n\n<p><\/p>\n","protected":false},"excerpt":{"rendered":"<p>Bernd Becher 1931&nbsp;geboren in Siegen 1953-61&nbsp;Studium an der Staatlichen Kunstakademie Stuttgart und D\u00fcsseldorf 2007&nbsp;gestorben in Rostock Hilla Becher (geb. Wobeser) 1934 geboren in Potsdam 1958-61 Studium an der Staatlichen Kunstakademie D\u00fcsseldorf 2015 gestorben in D\u00fcsseldorf 1959 Beginn der Zusammenarbeit 1959-63 Fotografien Industrieanlagen und H\u00e4user 1968 erste Fotografien in den USA Mitte 1970er Begr\u00fcndung der D\u00fcsseldorfer [&hellip;]<\/p>\n","protected":false},"author":6,"featured_media":0,"parent":0,"menu_order":0,"comment_status":"closed","ping_status":"closed","template":"","meta":[],"_links":{"self":[{"href":"https:\/\/kunstvermittlung.uni-erfurt.de\/ws20\/wp-json\/wp\/v2\/pages\/1046"}],"collection":[{"href":"https:\/\/kunstvermittlung.uni-erfurt.de\/ws20\/wp-json\/wp\/v2\/pages"}],"about":[{"href":"https:\/\/kunstvermittlung.uni-erfurt.de\/ws20\/wp-json\/wp\/v2\/types\/page"}],"author":[{"embeddable":true,"href":"https:\/\/kunstvermittlung.uni-erfurt.de\/ws20\/wp-json\/wp\/v2\/users\/6"}],"replies":[{"embeddable":true,"href":"https:\/\/kunstvermittlung.uni-erfurt.de\/ws20\/wp-json\/wp\/v2\/comments?post=1046"}],"version-history":[{"count":23,"href":"https:\/\/kunstvermittlung.uni-erfurt.de\/ws20\/wp-json\/wp\/v2\/pages\/1046\/revisions"}],"predecessor-version":[{"id":1522,"href":"https:\/\/kunstvermittlung.uni-erfurt.de\/ws20\/wp-json\/wp\/v2\/pages\/1046\/revisions\/1522"}],"wp:attachment":[{"href":"https:\/\/kunstvermittlung.uni-erfurt.de\/ws20\/wp-json\/wp\/v2\/media?parent=1046"}],"curies":[{"name":"wp","href":"https:\/\/api.w.org\/{rel}","templated":true}]}}