{"id":77,"date":"2020-07-15T15:29:09","date_gmt":"2020-07-15T13:29:09","guid":{"rendered":"https:\/\/kunstvermittlung.uni-erfurt.de\/?page_id=77"},"modified":"2021-01-04T17:42:24","modified_gmt":"2021-01-04T16:42:24","slug":"luise-von-rohden-2","status":"publish","type":"page","link":"https:\/\/kunstvermittlung.uni-erfurt.de\/ss20\/luise-von-rohden-2\/","title":{"rendered":"Luise von Rohden &#8211; Handz\u00fcge. Ein digitales und inklusives Vermittlungsangebot f\u00fcr die Grundschule"},"content":{"rendered":"\n<p class=\"has-text-align-center\">Ein Arbeitsmaterial- und Ideenpool f\u00fcr Grundschullehrer:innen und P\u00e4dagog:innen f\u00fcr den k\u00fcnstlerischen Unterricht zur Ausstellung &#8222;Handz\u00fcge&#8220; von Luise von Rohden mit \u00dcbersetzungen von Erkl\u00e4rfilmen in die deutsche Geb\u00e4rdensprache.<\/p>\n\n\n\n<div class=\"is-layout-flow wp-block-group\"><div class=\"wp-block-group__inner-container\">\n<hr class=\"wp-block-separator is-style-wide\"\/>\n\n\n\n<div class=\"wp-block-image is-style-rounded\"><figure class=\"aligncenter size-large\"><img decoding=\"async\" loading=\"lazy\" width=\"398\" height=\"382\" src=\"https:\/\/kunstvermittlung.uni-erfurt.de\/wp-content\/uploads\/2020\/10\/Screenshot_1-2.png\" alt=\"\" class=\"wp-image-1127\" srcset=\"https:\/\/kunstvermittlung.uni-erfurt.de\/ss20\/wp-content\/uploads\/2020\/10\/Screenshot_1-2.png 398w, https:\/\/kunstvermittlung.uni-erfurt.de\/ss20\/wp-content\/uploads\/2020\/10\/Screenshot_1-2-300x288.png 300w\" sizes=\"(max-width: 398px) 100vw, 398px\" \/><\/figure><\/div>\n\n\n\n<blockquote class=\"wp-block-quote has-text-align-center is-style-large\"><p>\u00bbEin perfekt ausgef\u00fchrtes System w\u00fcrde mich nicht interessieren. Mir geht es im Wiederholen nicht um das vollkommen Identische, sondern gerade um die Variationen eines stets \u00c4hnlichen.\u00ab<\/p><cite>\u2014 Luise von Rohden \u2014<\/cite><\/blockquote>\n\n\n\n<hr class=\"wp-block-separator is-style-wide\"\/>\n\n\n\n<div class=\"is-layout-flex wp-block-buttons\">\n<div class=\"wp-block-button\"><a class=\"wp-block-button__link has-secondary-background-color has-background\" href=\"https:\/\/kunstvermittlung.uni-erfurt.de\/portraet-der-kuenstlerin\/\" target=\"_blank\" rel=\"noreferrer noopener\">Portr\u00e4t der  k\u00fcnstlerin<\/a><\/div>\n<\/div>\n\n\n\n<div class=\"is-layout-flex wp-block-buttons\">\n<div class=\"wp-block-button\"><a class=\"wp-block-button__link has-secondary-background-color has-background\" href=\"https:\/\/kunstvermittlung.uni-erfurt.de\/ueber-den-ausstellungsort\/\" target=\"_blank\" rel=\"https:\/\/kunstvermittlung.uni-erfurt.de\/uber-den-ausstellungsort\/ noopener noreferrer\">\u00fcber den ausstellungsort<\/a><\/div>\n<\/div>\n\n\n\n<div class=\"is-layout-flex wp-block-buttons\">\n<div class=\"wp-block-button is-style-fill\"><a class=\"wp-block-button__link has-secondary-background-color has-background\" href=\"https:\/\/kunstvermittlung.uni-erfurt.de\/kuratorisches-konzept\/\" target=\"_blank\" rel=\"noreferrer noopener\">kuratorisches konzept<\/a><\/div>\n<\/div>\n\n\n\n<div class=\"is-layout-flex wp-block-buttons\">\n<div class=\"wp-block-button is-style-fill\"><a class=\"wp-block-button__link has-secondary-background-color has-background\" href=\"https:\/\/kunstvermittlung.uni-erfurt.de\/warum-hat-uns-gerade-diese-ausstellung-fasziniert\/\" target=\"_blank\" rel=\"noreferrer noopener\">Warum hat uns gerade diese Ausstelung fasziniert?<\/a><\/div>\n<\/div>\n<\/div><\/div>\n\n\n\n<hr class=\"wp-block-separator is-style-wide\"\/>\n\n\n\n<h5>LERNVIDEOS<\/h5>\n\n\n\n<figure class=\"wp-block-embed-youtube wp-block-embed is-type-video is-provider-youtube wp-embed-aspect-16-9 wp-has-aspect-ratio\"><div class=\"wp-block-embed__wrapper\">\n<iframe loading=\"lazy\" title=\"Luise von Rohden - Portrait einer K\u00fcnstlerin\" width=\"580\" height=\"326\" src=\"https:\/\/www.youtube.com\/embed\/KwKy7LT7Bss?feature=oembed\" frameborder=\"0\" allow=\"accelerometer; autoplay; clipboard-write; encrypted-media; gyroscope; picture-in-picture\" allowfullscreen><\/iframe>\n<\/div><figcaption><em>Studentische Produktion von Caroline Jahn 2020<\/em><\/figcaption><\/figure>\n\n\n\n<figure class=\"wp-block-embed-youtube wp-block-embed is-type-video is-provider-youtube wp-embed-aspect-16-9 wp-has-aspect-ratio\"><div class=\"wp-block-embed__wrapper\">\n<iframe loading=\"lazy\" title=\"Rundgang: Ausstellung &quot;Handz\u00fcge&quot; von Luise v. Rohden\" width=\"580\" height=\"326\" src=\"https:\/\/www.youtube.com\/embed\/3F71QHqt6Z4?feature=oembed\" frameborder=\"0\" allow=\"accelerometer; autoplay; clipboard-write; encrypted-media; gyroscope; picture-in-picture\" allowfullscreen><\/iframe>\n<\/div><figcaption><em>Studentische Produktion von Aaron Erfurt 2020<\/em><\/figcaption><\/figure>\n\n\n\n<figure class=\"wp-block-embed-youtube wp-block-embed is-type-video is-provider-youtube wp-embed-aspect-16-9 wp-has-aspect-ratio\"><div class=\"wp-block-embed__wrapper\">\n<iframe loading=\"lazy\" title=\"Wie arbeitet Luise von Rohden?\" width=\"580\" height=\"326\" src=\"https:\/\/www.youtube.com\/embed\/7tIVqO7KKGI?feature=oembed\" frameborder=\"0\" allow=\"accelerometer; autoplay; clipboard-write; encrypted-media; gyroscope; picture-in-picture\" allowfullscreen><\/iframe>\n<\/div><figcaption><em>Filmproduktion von Linda Scheffel mit Filmausschnitten von \u00a9 Lukas Paul Meya<\/em>, 2020<\/figcaption><\/figure>\n\n\n\n<figure class=\"wp-block-embed-youtube wp-block-embed is-type-video is-provider-youtube wp-embed-aspect-16-9 wp-has-aspect-ratio\"><div class=\"wp-block-embed__wrapper\">\n<iframe loading=\"lazy\" title=\"Traditionelle Chinesische Tuschemalerei\" width=\"580\" height=\"326\" src=\"https:\/\/www.youtube.com\/embed\/i8IXrSehXMo?feature=oembed\" frameborder=\"0\" allow=\"accelerometer; autoplay; clipboard-write; encrypted-media; gyroscope; picture-in-picture\" allowfullscreen><\/iframe>\n<\/div><figcaption><em>Filmproduktion von Julia Krause, 2020<\/em><\/figcaption><\/figure>\n\n\n\n<figure class=\"wp-block-embed-youtube wp-block-embed is-type-video is-provider-youtube wp-embed-aspect-16-9 wp-has-aspect-ratio\"><div class=\"wp-block-embed__wrapper\">\n<iframe loading=\"lazy\" title=\"Lauter Linien\" width=\"580\" height=\"326\" src=\"https:\/\/www.youtube.com\/embed\/iyQhd_oLe-A?feature=oembed\" frameborder=\"0\" allow=\"accelerometer; autoplay; clipboard-write; encrypted-media; gyroscope; picture-in-picture\" allowfullscreen><\/iframe>\n<\/div><figcaption><em>Filmproduktion von Linda Scheffel mit Filmausschnitten von \u00a9 Hubl Greiner<\/em>, 2020<\/figcaption><\/figure>\n\n\n\n<div class=\"is-layout-flow wp-block-group\"><div class=\"wp-block-group__inner-container\"><\/div><\/div>\n\n\n\n<h4><span class=\"has-inline-color has-primary-color\">Arbeitsbl\u00e4tter f\u00fcr Sch\u00fcler:innen<\/span><\/h4>\n\n\n\n<p><span class=\"has-inline-color has-primary-color\"><em>Kreative und kindgerecht formulierte Arbeitsauftr\u00e4ge<\/em><\/span><\/p>\n\n\n\n<div class=\"wp-block-file aligncenter\"><a href=\"https:\/\/kunstvermittlung.uni-erfurt.de\/wp-content\/uploads\/2020\/10\/Lauter-Linien-2.pdf\"><em><span class=\"has-inline-color has-secondary-color\">Lauter Linien<\/span><\/em><\/a><a href=\"https:\/\/kunstvermittlung.uni-erfurt.de\/wp-content\/uploads\/2020\/10\/Lauter-Linien-2.pdf\" class=\"wp-block-file__button\" download>Herunterladen<\/a><\/div>\n\n\n\n<div class=\"wp-block-file\"><a href=\"https:\/\/kunstvermittlung.uni-erfurt.de\/wp-content\/uploads\/2020\/10\/lauter-linien-2.pdf\"><em><span class=\"has-inline-color has-secondary-color\">Lauter  Linien 2<\/span><\/em><\/a><a href=\"https:\/\/kunstvermittlung.uni-erfurt.de\/wp-content\/uploads\/2020\/10\/lauter-linien-2.pdf\" class=\"wp-block-file__button\" download>Herunterladen<\/a><\/div>\n\n\n\n<div class=\"wp-block-file\"><a href=\"https:\/\/kunstvermittlung.uni-erfurt.de\/wp-content\/uploads\/2020\/10\/fadenbild-2-1.pdf\"><em><span class=\"has-inline-color has-secondary-color\">Fadenbild<\/span><\/em><\/a><a href=\"https:\/\/kunstvermittlung.uni-erfurt.de\/wp-content\/uploads\/2020\/10\/fadenbild-2-1.pdf\" class=\"wp-block-file__button\" download>Herunterladen<\/a><\/div>\n\n\n\n<h4>Arbeitsbl\u00e4tter f\u00fcr Lehrkr\u00e4fte und P\u00e4dagog:innen<\/h4>\n\n\n\n<p><em>Anmerkungen zur Ausf\u00fchrung der Arbeitsauftr\u00e4ge zu den oben stehenden Arbeitsbl\u00e4ttern  sowie weitere kreative Anregungen und Ideen<\/em> <em>f\u00fcr Lehrkr\u00e4fte und P\u00e4dagog:innen<\/em><\/p>\n\n\n\n<div class=\"wp-block-file\"><a href=\"https:\/\/kunstvermittlung.uni-erfurt.de\/wp-content\/uploads\/2020\/10\/lauter-linien-fuee-lehrkraft.pdf\"><em><span class=\"has-inline-color has-secondary-color\">Lauter Linien (Hinweise f\u00fcr Lehrkraft)<\/span><\/em><\/a><a href=\"https:\/\/kunstvermittlung.uni-erfurt.de\/wp-content\/uploads\/2020\/10\/lauter-linien-fuee-lehrkraft.pdf\" class=\"wp-block-file__button\" download>Herunterladen<\/a><\/div>\n\n\n\n<div class=\"wp-block-file\"><a href=\"https:\/\/kunstvermittlung.uni-erfurt.de\/wp-content\/uploads\/2020\/10\/fadengrafik-hinweis-lehrkraft.pdf\"><em><span class=\"has-inline-color has-secondary-color\">Fadenbild (Hinweise f\u00fcr Lehrkraft)<\/span><\/em><\/a><a href=\"https:\/\/kunstvermittlung.uni-erfurt.de\/wp-content\/uploads\/2020\/10\/fadengrafik-hinweis-lehrkraft.pdf\" class=\"wp-block-file__button\" download>Herunterladen<\/a><\/div>\n\n\n\n<div class=\"wp-block-file\"><a href=\"https:\/\/kunstvermittlung.uni-erfurt.de\/wp-content\/uploads\/2020\/10\/schnipselbild-lehrkraft.pdf\"><em><span class=\"has-inline-color has-secondary-color\">Schnipselbild<\/span><\/em><\/a><a href=\"https:\/\/kunstvermittlung.uni-erfurt.de\/wp-content\/uploads\/2020\/10\/schnipselbild-lehrkraft.pdf\" class=\"wp-block-file__button\" download>Herunterladen<\/a><\/div>\n\n\n\n<hr class=\"wp-block-separator is-style-wide\"\/>\n\n\n\n<div class=\"is-layout-flex wp-block-buttons aligncenter\">\n<div class=\"wp-block-button is-style-fill\"><a class=\"wp-block-button__link has-secondary-background-color has-background\" href=\"https:\/\/kunstvermittlung.uni-erfurt.de\/unsere-vision\/\" target=\"_blank\" rel=\"noopener noreferrer\">Unsere Vision &#8211; was steht hinter diesen Lernmaterialien?<\/a><\/div>\n<\/div>\n\n\n\n<div class=\"is-layout-flex wp-block-buttons\">\n<div class=\"wp-block-button\"><a class=\"wp-block-button__link has-secondary-background-color has-background\" href=\"https:\/\/kunstvermittlung.uni-erfurt.de\/realisierung-an-schulen\/\" target=\"_blank\" rel=\"noreferrer noopener\">Gedanken zur realisierung an schulen<\/a><\/div>\n<\/div>\n\n\n\n<div class=\"is-layout-flex wp-block-buttons\">\n<div class=\"wp-block-button\"><a class=\"wp-block-button__link has-secondary-background-color has-background\" href=\"https:\/\/kunstvermittlung.uni-erfurt.de\/ausblick\/\" target=\"_blank\" rel=\"noreferrer noopener\">ausblick &#8211; da geht noch mehr &#8230;<\/a><\/div>\n<\/div>\n\n\n\n<div class=\"is-layout-flex wp-block-buttons\">\n<div class=\"wp-block-button\"><a class=\"wp-block-button__link has-secondary-background-color has-background\" href=\"https:\/\/kunstvermittlung.uni-erfurt.de\/kunsttheorie\/\" target=\"_blank\" rel=\"noreferrer noopener\">Positionen aus der kunsttheorie<\/a><\/div>\n<\/div>\n\n\n\n<hr class=\"wp-block-separator is-style-wide\"\/>\n\n\n\n<h4>Eindr\u00fccke aus der Galerie<\/h4>\n\n\n\n<figure class=\"wp-block-image size-large\"><img decoding=\"async\" loading=\"lazy\" width=\"495\" height=\"735\" src=\"https:\/\/kunstvermittlung.uni-erfurt.de\/wp-content\/uploads\/2020\/11\/grafik.png\" alt=\"\" class=\"wp-image-1267\" srcset=\"https:\/\/kunstvermittlung.uni-erfurt.de\/ss20\/wp-content\/uploads\/2020\/11\/grafik.png 495w, https:\/\/kunstvermittlung.uni-erfurt.de\/ss20\/wp-content\/uploads\/2020\/11\/grafik-202x300.png 202w\" sizes=\"(max-width: 495px) 100vw, 495px\" \/><figcaption><em>Zeichnung (6d grb\/l 8\/18), 2020, farbige Tusche auf Papier, 78 x 58 cm, Foto: Thomas Bruns<\/em><\/figcaption><\/figure>\n\n\n\n<figure class=\"wp-block-image size-large\"><img decoding=\"async\" loading=\"lazy\" width=\"1024\" height=\"714\" src=\"https:\/\/kunstvermittlung.uni-erfurt.de\/wp-content\/uploads\/2020\/11\/2-1024x714.png\" alt=\"\" class=\"wp-image-1266\" srcset=\"https:\/\/kunstvermittlung.uni-erfurt.de\/ss20\/wp-content\/uploads\/2020\/11\/2-1024x714.png 1024w, https:\/\/kunstvermittlung.uni-erfurt.de\/ss20\/wp-content\/uploads\/2020\/11\/2-300x209.png 300w, https:\/\/kunstvermittlung.uni-erfurt.de\/ss20\/wp-content\/uploads\/2020\/11\/2-768x535.png 768w, https:\/\/kunstvermittlung.uni-erfurt.de\/ss20\/wp-content\/uploads\/2020\/11\/2.png 1135w\" sizes=\"(max-width: 1024px) 100vw, 1024px\" \/><figcaption><em>Faltung (6d grb\/l) (Detail), 2020, farbige Tusche und Faltung auf Papier, 180 x 150 cm<\/em><\/figcaption><\/figure>\n\n\n\n<figure class=\"wp-block-image size-large\"><img decoding=\"async\" loading=\"lazy\" width=\"760\" height=\"1024\" src=\"https:\/\/kunstvermittlung.uni-erfurt.de\/wp-content\/uploads\/2020\/11\/LvR_Wellen_2018_TuschezeichnungaufPapier78x58cm_Foto_ThomasBruns_MEDIUM-1024x1380-1-760x1024.jpg\" alt=\"\" class=\"wp-image-1278\" srcset=\"https:\/\/kunstvermittlung.uni-erfurt.de\/ss20\/wp-content\/uploads\/2020\/11\/LvR_Wellen_2018_TuschezeichnungaufPapier78x58cm_Foto_ThomasBruns_MEDIUM-1024x1380-1-760x1024.jpg 760w, https:\/\/kunstvermittlung.uni-erfurt.de\/ss20\/wp-content\/uploads\/2020\/11\/LvR_Wellen_2018_TuschezeichnungaufPapier78x58cm_Foto_ThomasBruns_MEDIUM-1024x1380-1-223x300.jpg 223w, https:\/\/kunstvermittlung.uni-erfurt.de\/ss20\/wp-content\/uploads\/2020\/11\/LvR_Wellen_2018_TuschezeichnungaufPapier78x58cm_Foto_ThomasBruns_MEDIUM-1024x1380-1-768x1035.jpg 768w, https:\/\/kunstvermittlung.uni-erfurt.de\/ss20\/wp-content\/uploads\/2020\/11\/LvR_Wellen_2018_TuschezeichnungaufPapier78x58cm_Foto_ThomasBruns_MEDIUM-1024x1380-1.jpg 1024w\" sizes=\"(max-width: 760px) 100vw, 760px\" \/><figcaption><em>Wellen (hh d\/wu 160\/0), 2018, Tusche auf Papier, 78 x 58 cm, Foto: Thomas Bruns<\/em><\/figcaption><\/figure>\n\n\n\n<figure class=\"wp-block-image size-large\"><img decoding=\"async\" loading=\"lazy\" width=\"640\" height=\"1024\" src=\"https:\/\/kunstvermittlung.uni-erfurt.de\/wp-content\/uploads\/2020\/11\/Luise-von-Rohden_Zeichnung_v-h_p-0_47_2015_247x150_TuscheaufPapier-640x1024.jpg\" alt=\"\" class=\"wp-image-1279\" srcset=\"https:\/\/kunstvermittlung.uni-erfurt.de\/ss20\/wp-content\/uploads\/2020\/11\/Luise-von-Rohden_Zeichnung_v-h_p-0_47_2015_247x150_TuscheaufPapier-640x1024.jpg 640w, https:\/\/kunstvermittlung.uni-erfurt.de\/ss20\/wp-content\/uploads\/2020\/11\/Luise-von-Rohden_Zeichnung_v-h_p-0_47_2015_247x150_TuscheaufPapier-188x300.jpg 188w, https:\/\/kunstvermittlung.uni-erfurt.de\/ss20\/wp-content\/uploads\/2020\/11\/Luise-von-Rohden_Zeichnung_v-h_p-0_47_2015_247x150_TuscheaufPapier.jpg 732w\" sizes=\"(max-width: 640px) 100vw, 640px\" \/><figcaption><em>Zeichnung (v h\/p 0\/47), 2015, Tusche auf Papier, 247 \u00d7 150 cm, Foto: Sophia Kesting<\/em><\/figcaption><\/figure>\n\n\n\n<figure class=\"wp-block-image size-large\"><img decoding=\"async\" loading=\"lazy\" width=\"742\" height=\"886\" src=\"https:\/\/kunstvermittlung.uni-erfurt.de\/wp-content\/uploads\/2020\/11\/3Ringe_3.jpg\" alt=\"\" class=\"wp-image-1280\" srcset=\"https:\/\/kunstvermittlung.uni-erfurt.de\/ss20\/wp-content\/uploads\/2020\/11\/3Ringe_3.jpg 742w, https:\/\/kunstvermittlung.uni-erfurt.de\/ss20\/wp-content\/uploads\/2020\/11\/3Ringe_3-251x300.jpg 251w\" sizes=\"(max-width: 742px) 100vw, 742px\" \/><figcaption><em>Horizontale (h m\/2 53\/0), 2016, Tusche auf Papier, 180 \u00d7 150 cm, Foto: Sophia Kesting<\/em><\/figcaption><\/figure>\n\n\n\n<figure class=\"wp-block-image size-large\"><img decoding=\"async\" loading=\"lazy\" width=\"776\" height=\"919\" src=\"https:\/\/kunstvermittlung.uni-erfurt.de\/wp-content\/uploads\/2020\/11\/web_vertikale_2016.jpg\" alt=\"\" class=\"wp-image-1281\" srcset=\"https:\/\/kunstvermittlung.uni-erfurt.de\/ss20\/wp-content\/uploads\/2020\/11\/web_vertikale_2016.jpg 776w, https:\/\/kunstvermittlung.uni-erfurt.de\/ss20\/wp-content\/uploads\/2020\/11\/web_vertikale_2016-253x300.jpg 253w, https:\/\/kunstvermittlung.uni-erfurt.de\/ss20\/wp-content\/uploads\/2020\/11\/web_vertikale_2016-768x910.jpg 768w\" sizes=\"(max-width: 776px) 100vw, 776px\" \/><figcaption><em>Vertikale (v m\/vs 0\/11), 2016, Tusche auf Papier, 180 \u00d7 150 cm, Foto: Sophia Kesting<\/em><\/figcaption><\/figure>\n\n\n\n<hr class=\"wp-block-separator is-style-wide\"\/>\n\n\n\n<h5>\u00dcBERBLICK DER AUSSTELUNG<\/h5>\n\n\n\n<figure class=\"wp-block-image size-large\"><img decoding=\"async\" loading=\"lazy\" width=\"1024\" height=\"529\" src=\"https:\/\/kunstvermittlung.uni-erfurt.de\/wp-content\/uploads\/2020\/11\/Dokument-18_2-1024x529.jpg\" alt=\"\" class=\"wp-image-1290\" srcset=\"https:\/\/kunstvermittlung.uni-erfurt.de\/ss20\/wp-content\/uploads\/2020\/11\/Dokument-18_2-1024x529.jpg 1024w, https:\/\/kunstvermittlung.uni-erfurt.de\/ss20\/wp-content\/uploads\/2020\/11\/Dokument-18_2-300x155.jpg 300w, https:\/\/kunstvermittlung.uni-erfurt.de\/ss20\/wp-content\/uploads\/2020\/11\/Dokument-18_2-768x397.jpg 768w, https:\/\/kunstvermittlung.uni-erfurt.de\/ss20\/wp-content\/uploads\/2020\/11\/Dokument-18_2-1536x794.jpg 1536w, https:\/\/kunstvermittlung.uni-erfurt.de\/ss20\/wp-content\/uploads\/2020\/11\/Dokument-18_2-2048x1059.jpg 2048w, https:\/\/kunstvermittlung.uni-erfurt.de\/ss20\/wp-content\/uploads\/2020\/11\/Dokument-18_2-1200x620.jpg 1200w, https:\/\/kunstvermittlung.uni-erfurt.de\/ss20\/wp-content\/uploads\/2020\/11\/Dokument-18_2-1980x1024.jpg 1980w\" sizes=\"(max-width: 1024px) 100vw, 1024px\" \/><figcaption>R\u00e4umlicher Aufbau der Ausstellung<\/figcaption><\/figure>\n\n\n\n<figure class=\"is-layout-flex wp-block-gallery-11 wp-block-gallery columns-3 is-cropped\"><ul class=\"blocks-gallery-grid\"><li class=\"blocks-gallery-item\"><figure><img decoding=\"async\" loading=\"lazy\" width=\"1024\" height=\"768\" src=\"https:\/\/kunstvermittlung.uni-erfurt.de\/wp-content\/uploads\/2020\/11\/IMG_20200720_105525-1024x768.jpg\" alt=\"\" data-id=\"1282\" data-link=\"https:\/\/kunstvermittlung.uni-erfurt.de\/a-erfurt-c-jahn-j-krause-l-scheffel-luise-von-rhoden\/img_20200720_105525\/\" class=\"wp-image-1282\" srcset=\"https:\/\/kunstvermittlung.uni-erfurt.de\/ss20\/wp-content\/uploads\/2020\/11\/IMG_20200720_105525-1024x768.jpg 1024w, https:\/\/kunstvermittlung.uni-erfurt.de\/ss20\/wp-content\/uploads\/2020\/11\/IMG_20200720_105525-300x225.jpg 300w, https:\/\/kunstvermittlung.uni-erfurt.de\/ss20\/wp-content\/uploads\/2020\/11\/IMG_20200720_105525-768x576.jpg 768w, https:\/\/kunstvermittlung.uni-erfurt.de\/ss20\/wp-content\/uploads\/2020\/11\/IMG_20200720_105525-1536x1152.jpg 1536w, https:\/\/kunstvermittlung.uni-erfurt.de\/ss20\/wp-content\/uploads\/2020\/11\/IMG_20200720_105525-2048x1536.jpg 2048w, https:\/\/kunstvermittlung.uni-erfurt.de\/ss20\/wp-content\/uploads\/2020\/11\/IMG_20200720_105525-1200x900.jpg 1200w, https:\/\/kunstvermittlung.uni-erfurt.de\/ss20\/wp-content\/uploads\/2020\/11\/IMG_20200720_105525-1980x1485.jpg 1980w\" sizes=\"(max-width: 1024px) 100vw, 1024px\" \/><\/figure><\/li><li class=\"blocks-gallery-item\"><figure><img decoding=\"async\" loading=\"lazy\" width=\"1024\" height=\"768\" src=\"https:\/\/kunstvermittlung.uni-erfurt.de\/wp-content\/uploads\/2020\/11\/IMG_20200720_110418-1024x768.jpg\" alt=\"\" data-id=\"1283\" data-link=\"https:\/\/kunstvermittlung.uni-erfurt.de\/a-erfurt-c-jahn-j-krause-l-scheffel-luise-von-rhoden\/img_20200720_110418\/\" class=\"wp-image-1283\" srcset=\"https:\/\/kunstvermittlung.uni-erfurt.de\/ss20\/wp-content\/uploads\/2020\/11\/IMG_20200720_110418-1024x768.jpg 1024w, https:\/\/kunstvermittlung.uni-erfurt.de\/ss20\/wp-content\/uploads\/2020\/11\/IMG_20200720_110418-300x225.jpg 300w, https:\/\/kunstvermittlung.uni-erfurt.de\/ss20\/wp-content\/uploads\/2020\/11\/IMG_20200720_110418-768x576.jpg 768w, https:\/\/kunstvermittlung.uni-erfurt.de\/ss20\/wp-content\/uploads\/2020\/11\/IMG_20200720_110418-1536x1152.jpg 1536w, https:\/\/kunstvermittlung.uni-erfurt.de\/ss20\/wp-content\/uploads\/2020\/11\/IMG_20200720_110418-2048x1536.jpg 2048w, https:\/\/kunstvermittlung.uni-erfurt.de\/ss20\/wp-content\/uploads\/2020\/11\/IMG_20200720_110418-1200x900.jpg 1200w, https:\/\/kunstvermittlung.uni-erfurt.de\/ss20\/wp-content\/uploads\/2020\/11\/IMG_20200720_110418-1980x1485.jpg 1980w\" sizes=\"(max-width: 1024px) 100vw, 1024px\" \/><\/figure><\/li><li class=\"blocks-gallery-item\"><figure><img decoding=\"async\" loading=\"lazy\" width=\"1024\" height=\"768\" src=\"https:\/\/kunstvermittlung.uni-erfurt.de\/wp-content\/uploads\/2020\/11\/IMG_20200720_110453-1024x768.jpg\" alt=\"\" data-id=\"1285\" data-link=\"https:\/\/kunstvermittlung.uni-erfurt.de\/a-erfurt-c-jahn-j-krause-l-scheffel-luise-von-rhoden\/img_20200720_110453\/\" class=\"wp-image-1285\" srcset=\"https:\/\/kunstvermittlung.uni-erfurt.de\/ss20\/wp-content\/uploads\/2020\/11\/IMG_20200720_110453-1024x768.jpg 1024w, https:\/\/kunstvermittlung.uni-erfurt.de\/ss20\/wp-content\/uploads\/2020\/11\/IMG_20200720_110453-300x225.jpg 300w, https:\/\/kunstvermittlung.uni-erfurt.de\/ss20\/wp-content\/uploads\/2020\/11\/IMG_20200720_110453-768x576.jpg 768w, https:\/\/kunstvermittlung.uni-erfurt.de\/ss20\/wp-content\/uploads\/2020\/11\/IMG_20200720_110453-1536x1152.jpg 1536w, https:\/\/kunstvermittlung.uni-erfurt.de\/ss20\/wp-content\/uploads\/2020\/11\/IMG_20200720_110453-2048x1536.jpg 2048w, https:\/\/kunstvermittlung.uni-erfurt.de\/ss20\/wp-content\/uploads\/2020\/11\/IMG_20200720_110453-1200x900.jpg 1200w, https:\/\/kunstvermittlung.uni-erfurt.de\/ss20\/wp-content\/uploads\/2020\/11\/IMG_20200720_110453-1980x1485.jpg 1980w\" sizes=\"(max-width: 1024px) 100vw, 1024px\" \/><\/figure><\/li><li class=\"blocks-gallery-item\"><figure><img decoding=\"async\" loading=\"lazy\" width=\"768\" height=\"1024\" src=\"https:\/\/kunstvermittlung.uni-erfurt.de\/wp-content\/uploads\/2020\/11\/IMG_20200720_110408-1-768x1024.jpg\" alt=\"\" data-id=\"1289\" data-full-url=\"https:\/\/kunstvermittlung.uni-erfurt.de\/wp-content\/uploads\/2020\/11\/IMG_20200720_110408-1-scaled.jpg\" data-link=\"https:\/\/kunstvermittlung.uni-erfurt.de\/a-erfurt-c-jahn-j-krause-l-scheffel-luise-von-rhoden\/img_20200720_110408-1\/\" class=\"wp-image-1289\" srcset=\"https:\/\/kunstvermittlung.uni-erfurt.de\/ss20\/wp-content\/uploads\/2020\/11\/IMG_20200720_110408-1-768x1024.jpg 768w, https:\/\/kunstvermittlung.uni-erfurt.de\/ss20\/wp-content\/uploads\/2020\/11\/IMG_20200720_110408-1-225x300.jpg 225w, https:\/\/kunstvermittlung.uni-erfurt.de\/ss20\/wp-content\/uploads\/2020\/11\/IMG_20200720_110408-1-1152x1536.jpg 1152w, https:\/\/kunstvermittlung.uni-erfurt.de\/ss20\/wp-content\/uploads\/2020\/11\/IMG_20200720_110408-1-1536x2048.jpg 1536w, https:\/\/kunstvermittlung.uni-erfurt.de\/ss20\/wp-content\/uploads\/2020\/11\/IMG_20200720_110408-1-1200x1600.jpg 1200w, https:\/\/kunstvermittlung.uni-erfurt.de\/ss20\/wp-content\/uploads\/2020\/11\/IMG_20200720_110408-1-1980x2640.jpg 1980w, https:\/\/kunstvermittlung.uni-erfurt.de\/ss20\/wp-content\/uploads\/2020\/11\/IMG_20200720_110408-1-scaled.jpg 1920w\" sizes=\"(max-width: 768px) 100vw, 768px\" \/><\/figure><\/li><li class=\"blocks-gallery-item\"><figure><img decoding=\"async\" loading=\"lazy\" width=\"1024\" height=\"768\" src=\"https:\/\/kunstvermittlung.uni-erfurt.de\/wp-content\/uploads\/2020\/11\/IMG_20200720_110458-1024x768.jpg\" alt=\"\" data-id=\"1286\" data-link=\"https:\/\/kunstvermittlung.uni-erfurt.de\/a-erfurt-c-jahn-j-krause-l-scheffel-luise-von-rhoden\/img_20200720_110458\/\" class=\"wp-image-1286\" srcset=\"https:\/\/kunstvermittlung.uni-erfurt.de\/ss20\/wp-content\/uploads\/2020\/11\/IMG_20200720_110458-1024x768.jpg 1024w, https:\/\/kunstvermittlung.uni-erfurt.de\/ss20\/wp-content\/uploads\/2020\/11\/IMG_20200720_110458-300x225.jpg 300w, https:\/\/kunstvermittlung.uni-erfurt.de\/ss20\/wp-content\/uploads\/2020\/11\/IMG_20200720_110458-768x576.jpg 768w, https:\/\/kunstvermittlung.uni-erfurt.de\/ss20\/wp-content\/uploads\/2020\/11\/IMG_20200720_110458-1536x1152.jpg 1536w, https:\/\/kunstvermittlung.uni-erfurt.de\/ss20\/wp-content\/uploads\/2020\/11\/IMG_20200720_110458-2048x1536.jpg 2048w, https:\/\/kunstvermittlung.uni-erfurt.de\/ss20\/wp-content\/uploads\/2020\/11\/IMG_20200720_110458-1200x900.jpg 1200w, https:\/\/kunstvermittlung.uni-erfurt.de\/ss20\/wp-content\/uploads\/2020\/11\/IMG_20200720_110458-1980x1485.jpg 1980w\" sizes=\"(max-width: 1024px) 100vw, 1024px\" \/><\/figure><\/li><\/ul><figcaption class=\"blocks-gallery-caption\"><em>Ausstellung &#8222;Handz\u00fcge&#8220; &#8211; Luise von Rohden<\/em><\/figcaption><\/figure>\n\n\n\n<h5>DANKSAGUNG<\/h5>\n\n\n\n<p>Wir bedanken uns bei allen Mitwirkenden, die zum Abschluss unseres Konzeptes beigetragen haben.<\/p>\n\n\n\n<p class=\"has-secondary-color has-text-color\">Luise von Rohden<\/p>\n\n\n\n<p class=\"has-secondary-color has-text-color\">Fr. Knorr<\/p>\n\n\n\n<p class=\"has-secondary-color has-text-color\">Fr. Prof. Ulrike Stutz<\/p>\n\n\n\n<p class=\"has-secondary-color has-text-color\">Kristin B. &amp; Hr. Brandt<\/p>\n\n\n\n<p class=\"has-secondary-color has-text-color\">Thilo K.<\/p>\n\n\n\n<p>DANKE  sagen Julia K., Linda S, Caroline J. und Aaron E.<\/p>\n","protected":false},"excerpt":{"rendered":"<p>Ein Arbeitsmaterial- und Ideenpool f\u00fcr Grundschullehrer:innen und P\u00e4dagog:innen f\u00fcr den k\u00fcnstlerischen Unterricht zur Ausstellung &#8222;Handz\u00fcge&#8220; von Luise von Rohden mit \u00dcbersetzungen von Erkl\u00e4rfilmen in die deutsche Geb\u00e4rdensprache. \u00bbEin perfekt ausgef\u00fchrtes System w\u00fcrde mich nicht interessieren. Mir geht es im Wiederholen nicht um das vollkommen Identische, sondern gerade um die Variationen eines stets \u00c4hnlichen.\u00ab \u2014 Luise [&hellip;]<\/p>\n","protected":false},"author":1,"featured_media":0,"parent":0,"menu_order":0,"comment_status":"open","ping_status":"closed","template":"","meta":[],"_links":{"self":[{"href":"https:\/\/kunstvermittlung.uni-erfurt.de\/ss20\/wp-json\/wp\/v2\/pages\/77"}],"collection":[{"href":"https:\/\/kunstvermittlung.uni-erfurt.de\/ss20\/wp-json\/wp\/v2\/pages"}],"about":[{"href":"https:\/\/kunstvermittlung.uni-erfurt.de\/ss20\/wp-json\/wp\/v2\/types\/page"}],"author":[{"embeddable":true,"href":"https:\/\/kunstvermittlung.uni-erfurt.de\/ss20\/wp-json\/wp\/v2\/users\/1"}],"replies":[{"embeddable":true,"href":"https:\/\/kunstvermittlung.uni-erfurt.de\/ss20\/wp-json\/wp\/v2\/comments?post=77"}],"version-history":[{"count":72,"href":"https:\/\/kunstvermittlung.uni-erfurt.de\/ss20\/wp-json\/wp\/v2\/pages\/77\/revisions"}],"predecessor-version":[{"id":1419,"href":"https:\/\/kunstvermittlung.uni-erfurt.de\/ss20\/wp-json\/wp\/v2\/pages\/77\/revisions\/1419"}],"wp:attachment":[{"href":"https:\/\/kunstvermittlung.uni-erfurt.de\/ss20\/wp-json\/wp\/v2\/media?parent=77"}],"curies":[{"name":"wp","href":"https:\/\/api.w.org\/{rel}","templated":true}]}}