{"id":75,"date":"2020-07-15T15:28:51","date_gmt":"2020-07-15T13:28:51","guid":{"rendered":"https:\/\/kunstvermittlung.uni-erfurt.de\/?page_id=75"},"modified":"2020-10-05T23:06:39","modified_gmt":"2020-10-05T21:06:39","slug":"a-goernitz-marc-chagall","status":"publish","type":"page","link":"https:\/\/kunstvermittlung.uni-erfurt.de\/ss20\/a-goernitz-marc-chagall\/","title":{"rendered":"Marc Chagall. Von Witebsk nach Paris"},"content":{"rendered":"\n<h2 style=\"font-size:30px\">Herzlich Willkommen&#8230;.<\/h2>\n\n\n\n<p>&#8230;sch\u00f6n, dass du dich f\u00fcr Marc Chagall interessierst. Er ist wirklich ein besonderer K\u00fcnstler. In der Ausstellung im Kunsthaus Apolda k\u00f6nnt ihr neben einigen Radierungen und Holzschnitten, viele Lithografien Marc Chagalls bewundern. Um zu verstehen, wie er diese angefertigt hat, habe ich eine Lithografin mit der Kamera begleitet, die wie Chagall fr\u00fcher mit Steinen druckt. Schritt f\u00fcr Schritt k\u00f6nnt ihr die Entstehung eines fertigen Drucks mitverfolgen. Wenn ihr noch Fragen oder Anmerkungen zum Film habt, freue ich mich, wenn ihr sie in die Kommentare unten schreibt. Gern beantworte ich sie dann so schnell wie m\u00f6glich&#8230;<strong>Und nun viel Spa\u00df beim Anschauen des Films<\/strong>!<\/p>\n\n\n\n<h2 class=\"has-text-align-left\" style=\"font-size:31px\">Erkl\u00e4rfilm: &#8222;Was ist eine Lithografie?&#8220;<\/h2>\n\n\n\n<figure class=\"wp-block-embed-youtube wp-block-embed is-type-video is-provider-youtube wp-embed-aspect-16-9 wp-has-aspect-ratio\"><div class=\"wp-block-embed__wrapper\">\n<iframe loading=\"lazy\" title=\"Was ist eine Lithografie\" width=\"580\" height=\"326\" src=\"https:\/\/www.youtube.com\/embed\/pczJv92HsPk?feature=oembed\" frameborder=\"0\" allow=\"accelerometer; autoplay; clipboard-write; encrypted-media; gyroscope; picture-in-picture\" allowfullscreen><\/iframe>\n<\/div><\/figure>\n\n\n\n<h2>Selbst kreativ werden&#8230;<\/h2>\n\n\n\n<p>Wie ihr oben im Film sehen konntet, ist die Lithografie eine anspruchsvolle Drucktechnik. Wenn ihr das Ganze mal zu Hause nachmachen wollt, kann ich euch dieses tolle Buch empfehlen. Hier wird genau erkl\u00e4rt, wie ihr mit Alufolie, Cola und \u00d6l kleine Drucke herstellen k\u00f6nnt, also mit Dingen, die ihr im Supermarkt findet. Viel Spa\u00df dabei!<\/p>\n\n\n\n<p><a href=\"https:\/\/typografie.de\/produkt\/in-unsrer-kueche-wird-gedruckt\/\">Laura Sofie Hantke und Lucas Grassmann: In unserer K\u00fcche wird gedruckt. Verlag Hermann Schmidt. Mainz 2016.<\/a><\/p>\n\n\n\n<p>Zur Inspiration noch ein <a href=\"https:\/\/youtu.be\/61-exaVcuEA\">Link zu einem kurzen Video<\/a>, in dem ihr einen kleinen Einblick davon bekommt, wie man auch ohne Druckerpresse zu Hause drucken kann.<\/p>\n\n\n\n<h2 style=\"font-size:23px\">Zur Ausstellung &#8222;Marc Chagall. Von Witebsk nach Paris&#8220; im Kunsthaus Apolda (19.09. &#8211; 13.12.2020)<\/h2>\n\n\n\n<p>Die Ausstellung &#8222;Marc Chagall. Von Witebsk nach Paris&#8220; im Kunsthaus Apolda widmet sich Chagalls druckgrafischem Sp\u00e4twerk und zeigt 70 Grafiken aus den Jahren 1952-1985. Sie zeigen sein gro\u00dfes Motivrepertoire, das man auch von seinen Gem\u00e4lden kennt. Viele Motive zeugen von seiner tiefen Verbundenheit mit Paris. Zu sehen sind seltene Zustands- und Probedrucke. So kann in einzelnen Reihen auch nachvollzogen werden, welche Ver\u00e4nderungen Chagall teilweise vorgenommen hat und wie der Einsatz verschiedener Farben, die Wahrnehmung seiner Drucke beeinflusst. <\/p>\n\n\n\n<div class=\"is-layout-flow wp-block-group\"><div class=\"wp-block-group__inner-container\">\n<div class=\"wp-block-image is-style-default\"><figure class=\"aligncenter size-large is-resized\"><img decoding=\"async\" loading=\"lazy\" src=\"https:\/\/kunstvermittlung.uni-erfurt.de\/wp-content\/uploads\/2020\/09\/Marc_Chagall_1941-706x1024.jpg\" alt=\"\" class=\"wp-image-870\" width=\"353\" height=\"512\" srcset=\"https:\/\/kunstvermittlung.uni-erfurt.de\/ss20\/wp-content\/uploads\/2020\/09\/Marc_Chagall_1941-706x1024.jpg 706w, https:\/\/kunstvermittlung.uni-erfurt.de\/ss20\/wp-content\/uploads\/2020\/09\/Marc_Chagall_1941-207x300.jpg 207w, https:\/\/kunstvermittlung.uni-erfurt.de\/ss20\/wp-content\/uploads\/2020\/09\/Marc_Chagall_1941-768x1113.jpg 768w, https:\/\/kunstvermittlung.uni-erfurt.de\/ss20\/wp-content\/uploads\/2020\/09\/Marc_Chagall_1941.jpg 1028w\" sizes=\"(max-width: 353px) 100vw, 353px\" \/><figcaption>   Marc Chagall, 1941, Fotografie von Carl van Vechten<\/figcaption><\/figure><\/div>\n\n\n\n<p class=\"has-text-align-left\"><strong>&#8222;Mir scheint, da\u00df mir in meiner Kunst etwas gefehlt h\u00e4tte, wenn ich neben meiner Malerei nicht auch Radierungen und Lithographien hervorgebracht h\u00e4tte. [\u2026] Als ich einen Lithographiestein oder eine Kupferplatte in den H\u00e4nden hielt, glaubte ich einen Talisman zu ber\u00fchren. In sie, schien mir, konnte ich alle meine Traurigkeiten, alle meine Freuden hineinlegen. [\u2026] Alles was im Lauf der Jahre durch mein Leben ging, Geburten, Todesf\u00e4lle, Heiraten, die Blumen, die Tiere, die V\u00f6gel, die armen Arbeiter, die Eltern, die Liebenden in der Nacht, die biblischen Propheten, in der Stra\u00dfe, im Haus, im Tempel und im Himmel. Und, mit dem Alter, die Trag\u00f6die des Lebens in uns und um uns&#8220;<\/strong> (Baal-Teshuva, 1998, S. 229).<\/p>\n\n\n\n<hr class=\"wp-block-separator is-style-default\"\/>\n<\/div><\/div>\n\n\n\n<p>Dieses Zitat dr\u00fcckt sein gro\u00dfes Interesse an druckgrafischen Verfahren, wie der Lithografie, aus. Alles was ihn bewegt hat, findet sich auch in seinem grafischen Oeuvre wieder. Seine individuelle Bildsprache ist gepr\u00e4gt durch seine Herkunft und seine j\u00fcdisch-chassidische Denkweise. Die Schwerkraft ist scheinbar au\u00dfer Kraft gesetzt, Raum und Zeit aufgel\u00f6st, um innere, geistige Zust\u00e4nde darzustellen. Charakteristisch f\u00fcr seine Malerei und sp\u00e4ter auch seine Drucke sind au\u00dferdem die strahlenden und lebhaften Farben (vgl. Fossen, 2011, S.1) In seinen fr\u00fchen Schaffensjahren zwischen 1922-1924 sind nur etwa 35 Lithografien aufgef\u00fchrt. Seine Zusammenarbeit mit dem ber\u00fchmten Drucker Fernand Mourlot und seinem Mitarbeiter Charles Solier, der ab 1950 an der Entstehung aller Lithografien beteiligt war, haben Chagalls Entwicklung auf diesem Gebiet entscheidend gepr\u00e4gt. In einem, von Mourlot herausgegebenen, sechsb\u00e4ndigen Werkverzeichnis sind zwischen 1960-1987 etwa 1100 Lithografien erfasst (vgl. Fossen, 2011, S.1ff.). Die Farbigkeit in seinen Lithografien ab 1950 geht haupts\u00e4chlich auf die F\u00e4higkeiten Sorliers zur\u00fcck, der die Steine pr\u00e4parierte und Chagall beim Druck unterst\u00fctzte. F\u00fcr Sorlier waren Chagalls Lithografien ein &#8222;[&#8230;] Strom, der die Botschaft seiner Malerei ins Weite tr\u00e4gt&#8220; (Baal-Teshuva, 1998, S.230).<\/p>\n\n\n\n<div id=\"Vermittlungskonzept\" class=\"is-layout-flex wp-block-buttons\">\n<div class=\"wp-block-button is-style-fill\"><a class=\"wp-block-button__link has-primary-color has-secondary-background-color has-text-color has-background\" href=\"https:\/\/kunstvermittlung.uni-erfurt.de\/expertinnen-ecke-a-goernitz\/\" target=\"_blank\" rel=\"https:\/\/kunstvermittlung.uni-erfurt.de\/expertinnen-ecke-a-goernitz\/ noopener noreferrer\">Expert*innen Ecke<\/a><\/div>\n<\/div>\n\n\n\n<h2 class=\"has-normal-font-size\">Literaturverzeichnis<\/h2>\n\n\n\n<ul><li>Baal-Teshuva, J. (1998). Chagall. K\u00f6ln: Taschen Verlag.<\/li><li>Fossen, M. (2011). Marc Chagall. K\u00f6ln: Galerie Boisser\u00e9e.<\/li><\/ul>\n\n\n\n<h2 class=\"has-normal-font-size\">Abbildungsverzeichnis<\/h2>\n\n\n\n<p>Marc Chagall:Van Vechten, Carl, photographer. Portrait of Marc Chagall. 1941. July 4. Photograph.<\/p>\n\n\n\n<p><a href=\"https:\/\/www.loc.gov\/item\/2004662691\/.\">https:\/\/www.loc.gov\/item\/2004662691\/<\/a><\/p>\n","protected":false},"excerpt":{"rendered":"<p>Herzlich Willkommen&#8230;. &#8230;sch\u00f6n, dass du dich f\u00fcr Marc Chagall interessierst. Er ist wirklich ein besonderer K\u00fcnstler. In der Ausstellung im Kunsthaus Apolda k\u00f6nnt ihr neben einigen Radierungen und Holzschnitten, viele Lithografien Marc Chagalls bewundern. Um zu verstehen, wie er diese angefertigt hat, habe ich eine Lithografin mit der Kamera begleitet, die wie Chagall fr\u00fcher mit [&hellip;]<\/p>\n","protected":false},"author":6,"featured_media":0,"parent":0,"menu_order":0,"comment_status":"open","ping_status":"closed","template":"","meta":[],"_links":{"self":[{"href":"https:\/\/kunstvermittlung.uni-erfurt.de\/ss20\/wp-json\/wp\/v2\/pages\/75"}],"collection":[{"href":"https:\/\/kunstvermittlung.uni-erfurt.de\/ss20\/wp-json\/wp\/v2\/pages"}],"about":[{"href":"https:\/\/kunstvermittlung.uni-erfurt.de\/ss20\/wp-json\/wp\/v2\/types\/page"}],"author":[{"embeddable":true,"href":"https:\/\/kunstvermittlung.uni-erfurt.de\/ss20\/wp-json\/wp\/v2\/users\/6"}],"replies":[{"embeddable":true,"href":"https:\/\/kunstvermittlung.uni-erfurt.de\/ss20\/wp-json\/wp\/v2\/comments?post=75"}],"version-history":[{"count":45,"href":"https:\/\/kunstvermittlung.uni-erfurt.de\/ss20\/wp-json\/wp\/v2\/pages\/75\/revisions"}],"predecessor-version":[{"id":1080,"href":"https:\/\/kunstvermittlung.uni-erfurt.de\/ss20\/wp-json\/wp\/v2\/pages\/75\/revisions\/1080"}],"wp:attachment":[{"href":"https:\/\/kunstvermittlung.uni-erfurt.de\/ss20\/wp-json\/wp\/v2\/media?parent=75"}],"curies":[{"name":"wp","href":"https:\/\/api.w.org\/{rel}","templated":true}]}}