{"id":71,"date":"2020-07-15T15:28:08","date_gmt":"2020-07-15T13:28:08","guid":{"rendered":"https:\/\/kunstvermittlung.uni-erfurt.de\/?page_id=71"},"modified":"2020-09-17T11:31:46","modified_gmt":"2020-09-17T09:31:46","slug":"a-klein-s-mueller-marc-chagall","status":"publish","type":"page","link":"https:\/\/kunstvermittlung.uni-erfurt.de\/ss20\/a-klein-s-mueller-marc-chagall\/","title":{"rendered":"Audioguides &#8222;Marc Chagall &#8211; Von Witebsk nach Paris&#8220; von Anna Klein und Susan M\u00fcller"},"content":{"rendered":"\n<div class=\"is-layout-flex wp-block-buttons\">\n<div class=\"wp-block-button\"><a class=\"wp-block-button__link\" href=\"https:\/\/kunstvermittlung.uni-erfurt.de\/expertinnen-ecke-a-klein-s-mueller\" rel=\"https:\/\/kunstvermittlung.uni-erfurt.de\/expertinnen-ecke-a-klein-s-mueller\/\">Expert*innen Ecke<\/a><\/div>\n<\/div>\n\n\n\n<p><strong>Unser Vermittlungskonzept<\/strong><\/p>\n\n\n\n<p>Im Rahmen der Ausstellung \u201eMarc Chagall \u2013 Von Witebsk nach Paris\u201c, entwickelten wir, Susan M\u00fcller und Anna Klein, Audioguides, die sich speziell an Kinder im Grundschulalter richten. Eine Einf\u00fchrungssequenz soll  zu einer Reise durch Chagalls Leben und Wirken einladen. In kindgerechter Sprache fordert der Vogel David, benannt nach Chagalls geliebten Bruder, die Kinder dazu auf, sich gemeinsam mit ihm die Kunstwerke der Ausstellung anzusehen. Auf diese Einf\u00fchrung folgen acht weitere Audiosequenzen, die sich auf bestimmte Werke der Ausstellung beziehen und in beliebiger Reihenfolge angeh\u00f6rt werden k\u00f6nnen. Unser Ziel war es dabei, die vier Dimensionen der Kunstvermittlung  zu ber\u00fccksichtigen. Denn bei der Rezeption der Bilder erfahren die Kinder nicht nur spannende Hintergrundgeschichten \u00fcber Chagalls Biografie, seine Arbeitstechniken und seine k\u00fcnstlerische Ausdrucksweise. Sie werden auch dazu angeregt, sich aktiv mit den Lithografien auseinanderzusetzen. Immer wieder erhalten sie die M\u00f6glichkeit, sich Gedanken \u00fcber Motive, Farben, und Intentionen der Bilder zu machen und dabei auf eigene Erfahrungen und Empfindungen zur\u00fcckzugreifen. Im Sinne des Kunstvermittlungsansatzes von Eva Sturm sollen sie au\u00dferdem lernen, dass Kunst etwas Subjektives ist und durch jeden Menschen anders wahrgenommen wird. Daf\u00fcr werden die Kinder animiert, sich mit ihren Freunden oder ihrer Familie \u00fcber das Gesehene auszutauschen. Anhand einer Bildbeschreibung werden sie au\u00dferdem selbst kreativ und fertigen ein eigenes Bild an. Ein Vergleich mit den Ergebnissen anderer Kinder macht noch einmal deutlich, dass jeder Mensch Sinneseindr\u00fccke anders aufnimmt und weiterverarbeitet.<\/p>\n\n\n\n<p><\/p>\n\n\n\n<p><strong>Texte f\u00fcr die Audioguides<\/strong><\/p>\n\n\n\n<p>Zun\u00e4chst haben wir aus den zahlreichen Kunstwerken der Ausstellung acht geeignete  Bilder ausgew\u00e4hlt und Vermittlungstexte f\u00fcr diese entwickelt.  <\/p>\n\n\n\n<div class=\"wp-block-file\"><a href=\"https:\/\/kunstvermittlung.uni-erfurt.de\/wp-content\/uploads\/2020\/08\/Texte_Audioguides_Marc_Chagall-3.pdf\">Texte_Audioguides_Marc_Chagall<\/a><a href=\"https:\/\/kunstvermittlung.uni-erfurt.de\/wp-content\/uploads\/2020\/08\/Texte_Audioguides_Marc_Chagall-3.pdf\" class=\"wp-block-file__button\" download>Herunterladen<\/a><\/div>\n\n\n\n<p><strong>Audioguides &#8222;Marc Chagall &#8211; Von Witebsk nach Paris&#8220;<\/strong><\/p>\n\n\n\n<p>Im Anschluss daran sollten die Texte von einem professionellen Studio vertont werden. F\u00fcr den Eintrag auf dieser Website haben wir die einzelnen Texte aber selbst noch einmal aufgesprochen. Zu Beginn des Ausstellungsbesuchs soll von den Kindern folgende Einf\u00fchrung angeh\u00f6rt werden: <\/p>\n\n\n\n<figure class=\"wp-block-audio\"><audio controls src=\"https:\/\/kunstvermittlung.uni-erfurt.de\/wp-content\/uploads\/2020\/08\/Einfuehrung.mp3\"><\/audio><figcaption>Einf\u00fchrung<br><\/figcaption><\/figure>\n\n\n\n<p>Die Tonsequenzen f\u00fcr die einzelnen Bilder haben hingegen keine festgelegte Reihenfolge. <\/p>\n\n\n\n<figure class=\"wp-block-image size-large is-resized\"><img decoding=\"async\" loading=\"lazy\" src=\"https:\/\/kunstvermittlung.uni-erfurt.de\/wp-content\/uploads\/2020\/08\/Les-trois-acrobates-775x1024.jpg\" alt=\"\" class=\"wp-image-319\" width=\"610\" height=\"805\" srcset=\"https:\/\/kunstvermittlung.uni-erfurt.de\/ss20\/wp-content\/uploads\/2020\/08\/Les-trois-acrobates-775x1024.jpg 775w, https:\/\/kunstvermittlung.uni-erfurt.de\/ss20\/wp-content\/uploads\/2020\/08\/Les-trois-acrobates-227x300.jpg 227w, https:\/\/kunstvermittlung.uni-erfurt.de\/ss20\/wp-content\/uploads\/2020\/08\/Les-trois-acrobates-768x1015.jpg 768w, https:\/\/kunstvermittlung.uni-erfurt.de\/ss20\/wp-content\/uploads\/2020\/08\/Les-trois-acrobates.jpg 908w\" sizes=\"(max-width: 610px) 100vw, 610px\" \/><figcaption>Marc Chagall \u201eLes trois acrobates\u201c (Die drei Akrobaten) &#8211; Farblithografie 1957 \u00a9VG Bild-Kunst, Bonn 2020<\/figcaption><\/figure>\n\n\n\n<figure class=\"wp-block-audio\"><audio controls src=\"https:\/\/kunstvermittlung.uni-erfurt.de\/wp-content\/uploads\/2020\/08\/Die-drei-Akrobaten.mp3\"><\/audio><figcaption>Die drei Akrobaten<\/figcaption><\/figure>\n\n\n\n<figure class=\"wp-block-image size-large\"><img decoding=\"async\" loading=\"lazy\" width=\"778\" height=\"1024\" src=\"https:\/\/kunstvermittlung.uni-erfurt.de\/wp-content\/uploads\/2020\/08\/Les-Amoureux-de-la-Tour-Eiffel-2e-et-dernier-etat-778x1024.jpg\" alt=\"\" class=\"wp-image-322\" srcset=\"https:\/\/kunstvermittlung.uni-erfurt.de\/ss20\/wp-content\/uploads\/2020\/08\/Les-Amoureux-de-la-Tour-Eiffel-2e-et-dernier-etat-778x1024.jpg 778w, https:\/\/kunstvermittlung.uni-erfurt.de\/ss20\/wp-content\/uploads\/2020\/08\/Les-Amoureux-de-la-Tour-Eiffel-2e-et-dernier-etat-228x300.jpg 228w, https:\/\/kunstvermittlung.uni-erfurt.de\/ss20\/wp-content\/uploads\/2020\/08\/Les-Amoureux-de-la-Tour-Eiffel-2e-et-dernier-etat-768x1011.jpg 768w, https:\/\/kunstvermittlung.uni-erfurt.de\/ss20\/wp-content\/uploads\/2020\/08\/Les-Amoureux-de-la-Tour-Eiffel-2e-et-dernier-etat-1166x1536.jpg 1166w, https:\/\/kunstvermittlung.uni-erfurt.de\/ss20\/wp-content\/uploads\/2020\/08\/Les-Amoureux-de-la-Tour-Eiffel-2e-et-dernier-etat-1200x1580.jpg 1200w, https:\/\/kunstvermittlung.uni-erfurt.de\/ss20\/wp-content\/uploads\/2020\/08\/Les-Amoureux-de-la-Tour-Eiffel-2e-et-dernier-etat.jpg 1385w\" sizes=\"(max-width: 778px) 100vw, 778px\" \/><figcaption>Marc Chagall \u201eLes Amoureux de la Tour Eiffel, 2e et dernier \u00e9tat\u201c (Das Liebespaar vom Eiffelturm, zweiter und letzter Zustand) \u2013 Farblithografie 1960 \u00a9VG Bild-Kunst, Bonn 2020<\/figcaption><\/figure>\n\n\n\n<figure class=\"wp-block-audio\"><audio controls src=\"https:\/\/kunstvermittlung.uni-erfurt.de\/wp-content\/uploads\/2020\/08\/Das-Liebespaar-vom-Eiffelturm-1.mp3\"><\/audio><figcaption>Das Liebespaar vom Eiffelturm<\/figcaption><\/figure>\n\n\n\n<p><\/p>\n\n\n\n<figure class=\"wp-block-image size-large\"><img decoding=\"async\" loading=\"lazy\" width=\"526\" height=\"700\" src=\"https:\/\/kunstvermittlung.uni-erfurt.de\/wp-content\/uploads\/2020\/08\/Vers-l\u00b4autre-Clarte.jpg\" alt=\"\" class=\"wp-image-324\" srcset=\"https:\/\/kunstvermittlung.uni-erfurt.de\/ss20\/wp-content\/uploads\/2020\/08\/Vers-l\u00b4autre-Clarte.jpg 526w, https:\/\/kunstvermittlung.uni-erfurt.de\/ss20\/wp-content\/uploads\/2020\/08\/Vers-l\u00b4autre-Clarte-225x300.jpg 225w\" sizes=\"(max-width: 526px) 100vw, 526px\" \/><figcaption>Marc Chagall\u201eVers l\u00b4autre Clart\u00e9\u201c (Dem anderen Licht zu) &#8211; Farblithografie 1985 \u00a9VG Bild-Kunst, Bonn 2020<\/figcaption><\/figure>\n\n\n\n<figure class=\"wp-block-audio\"><audio controls src=\"https:\/\/kunstvermittlung.uni-erfurt.de\/wp-content\/uploads\/2020\/08\/Dem-anderen-Licht-zu.mp3\"><\/audio><figcaption>Dem anderen Licht zu<\/figcaption><\/figure>\n\n\n\n<figure class=\"wp-block-image size-large\"><img decoding=\"async\" loading=\"lazy\" width=\"494\" height=\"665\" src=\"https:\/\/kunstvermittlung.uni-erfurt.de\/wp-content\/uploads\/2020\/08\/Cheval-volant-et-jongleur.jpg\" alt=\"\" class=\"wp-image-335\" srcset=\"https:\/\/kunstvermittlung.uni-erfurt.de\/ss20\/wp-content\/uploads\/2020\/08\/Cheval-volant-et-jongleur.jpg 494w, https:\/\/kunstvermittlung.uni-erfurt.de\/ss20\/wp-content\/uploads\/2020\/08\/Cheval-volant-et-jongleur-223x300.jpg 223w\" sizes=\"(max-width: 494px) 100vw, 494px\" \/><figcaption>Marc Chagall \u201eCheval volant et jongleur\u201c (Fliegendes Pferd und Jongleur) \u2013 Lithografie 1956 \u00a9VG Bild-Kunst, Bonn 2020<\/figcaption><\/figure>\n\n\n\n<figure class=\"wp-block-audio\"><audio controls src=\"https:\/\/kunstvermittlung.uni-erfurt.de\/wp-content\/uploads\/2020\/08\/Fliegendes-Pferd-und-Jongleur-1.mp3\"><\/audio><figcaption>Fliegendes Pferd und Jongleur<\/figcaption><\/figure>\n\n\n\n<figure class=\"wp-block-image size-large\"><img decoding=\"async\" loading=\"lazy\" width=\"243\" height=\"314\" src=\"https:\/\/kunstvermittlung.uni-erfurt.de\/wp-content\/uploads\/2020\/08\/Peintre-a-la-Tour-Eiffel.jpg\" alt=\"\" class=\"wp-image-337\" srcset=\"https:\/\/kunstvermittlung.uni-erfurt.de\/ss20\/wp-content\/uploads\/2020\/08\/Peintre-a-la-Tour-Eiffel.jpg 243w, https:\/\/kunstvermittlung.uni-erfurt.de\/ss20\/wp-content\/uploads\/2020\/08\/Peintre-a-la-Tour-Eiffel-232x300.jpg 232w\" sizes=\"(max-width: 243px) 100vw, 243px\" \/><figcaption>Marc Chagall \u201ePeintre \u00e0 la Tour Eiffel\u201c (Maler am Eiffelturm) &#8211; Lithografie 1957 \u00a9VG Bild-Kunst, Bonn 2020<br><\/figcaption><\/figure>\n\n\n\n<figure class=\"wp-block-audio\"><audio controls src=\"https:\/\/kunstvermittlung.uni-erfurt.de\/wp-content\/uploads\/2020\/08\/Maler-am-Eiffelturm.mp3\"><\/audio><figcaption>Maler am Eiffelturm<\/figcaption><\/figure>\n\n\n\n<figure class=\"wp-block-image size-large\"><img decoding=\"async\" loading=\"lazy\" width=\"355\" height=\"470\" src=\"https:\/\/kunstvermittlung.uni-erfurt.de\/wp-content\/uploads\/2020\/08\/Si-mon-soleil\u2026.jpg\" alt=\"\" class=\"wp-image-341\" srcset=\"https:\/\/kunstvermittlung.uni-erfurt.de\/ss20\/wp-content\/uploads\/2020\/08\/Si-mon-soleil\u2026.jpg 355w, https:\/\/kunstvermittlung.uni-erfurt.de\/ss20\/wp-content\/uploads\/2020\/08\/Si-mon-soleil\u2026-227x300.jpg 227w\" sizes=\"(max-width: 355px) 100vw, 355px\" \/><figcaption>Marc Chagall \u201eSi mon soleil\u2026\u201c (Wenn meine Sonne\u2026) \u2013 Farbholzschnitt 1968 \u00a9VG Bild-Kunst, Bonn 2020<br><\/figcaption><\/figure>\n\n\n\n<figure class=\"wp-block-audio\"><audio controls src=\"https:\/\/kunstvermittlung.uni-erfurt.de\/wp-content\/uploads\/2020\/08\/Wenn-meine-Sonne\u2026-1.mp3\"><\/audio><figcaption>Wenn meine Sonne&#8230;<\/figcaption><\/figure>\n\n\n\n<figure class=\"wp-block-image size-large\"><img decoding=\"async\" loading=\"lazy\" width=\"370\" height=\"470\" src=\"https:\/\/kunstvermittlung.uni-erfurt.de\/wp-content\/uploads\/2020\/08\/Dans-notre-Rue....jpg\" alt=\"\" class=\"wp-image-344\" srcset=\"https:\/\/kunstvermittlung.uni-erfurt.de\/ss20\/wp-content\/uploads\/2020\/08\/Dans-notre-Rue....jpg 370w, https:\/\/kunstvermittlung.uni-erfurt.de\/ss20\/wp-content\/uploads\/2020\/08\/Dans-notre-Rue...-236x300.jpg 236w\" sizes=\"(max-width: 370px) 100vw, 370px\" \/><figcaption>Marc Chagall \u201eDans notre Rue\u2026\u201c (In unserer Stra\u00dfe\u2026) \u2013 Farbholzschnitt 1968 \u00a9VG Bild-Kunst, Bonn 2020<br><\/figcaption><\/figure>\n\n\n\n<figure class=\"wp-block-audio\"><audio controls src=\"https:\/\/kunstvermittlung.uni-erfurt.de\/wp-content\/uploads\/2020\/08\/In-unserer-Strasse\u2026-.mp3\"><\/audio><figcaption>In unserer Stra\u00dfe&#8230;<\/figcaption><\/figure>\n\n\n\n<figure class=\"wp-block-image size-large\"><img decoding=\"async\" loading=\"lazy\" width=\"329\" height=\"470\" src=\"https:\/\/kunstvermittlung.uni-erfurt.de\/wp-content\/uploads\/2020\/08\/Le-Trapeziste.jpg\" alt=\"\" class=\"wp-image-346\" srcset=\"https:\/\/kunstvermittlung.uni-erfurt.de\/ss20\/wp-content\/uploads\/2020\/08\/Le-Trapeziste.jpg 329w, https:\/\/kunstvermittlung.uni-erfurt.de\/ss20\/wp-content\/uploads\/2020\/08\/Le-Trapeziste-210x300.jpg 210w\" sizes=\"(max-width: 329px) 100vw, 329px\" \/><figcaption>Marc Chagall \u201eLe Trap\u00e9ziste\u201c (Trapezk\u00fcnstler) \u2013 Lithografie 1951\/52 \u00a9VG Bild-Kunst, Bonn 2020<\/figcaption><\/figure>\n\n\n\n<figure class=\"wp-block-audio\"><audio controls src=\"https:\/\/kunstvermittlung.uni-erfurt.de\/wp-content\/uploads\/2020\/08\/Trapezkuenstler-1.mp3\"><\/audio><figcaption>Trapezk\u00fcnstler<\/figcaption><\/figure>\n\n\n\n<p><strong>\u00dcber Feedback und Anregungen freuen wir uns sehr!<\/strong><\/p>\n","protected":false},"excerpt":{"rendered":"<p>Unser Vermittlungskonzept Im Rahmen der Ausstellung \u201eMarc Chagall \u2013 Von Witebsk nach Paris\u201c, entwickelten wir, Susan M\u00fcller und Anna Klein, Audioguides, die sich speziell an Kinder im Grundschulalter richten. Eine Einf\u00fchrungssequenz soll zu einer Reise durch Chagalls Leben und Wirken einladen. In kindgerechter Sprache fordert der Vogel David, benannt nach Chagalls geliebten Bruder, die Kinder [&hellip;]<\/p>\n","protected":false},"author":1,"featured_media":0,"parent":0,"menu_order":0,"comment_status":"open","ping_status":"closed","template":"","meta":[],"_links":{"self":[{"href":"https:\/\/kunstvermittlung.uni-erfurt.de\/ss20\/wp-json\/wp\/v2\/pages\/71"}],"collection":[{"href":"https:\/\/kunstvermittlung.uni-erfurt.de\/ss20\/wp-json\/wp\/v2\/pages"}],"about":[{"href":"https:\/\/kunstvermittlung.uni-erfurt.de\/ss20\/wp-json\/wp\/v2\/types\/page"}],"author":[{"embeddable":true,"href":"https:\/\/kunstvermittlung.uni-erfurt.de\/ss20\/wp-json\/wp\/v2\/users\/1"}],"replies":[{"embeddable":true,"href":"https:\/\/kunstvermittlung.uni-erfurt.de\/ss20\/wp-json\/wp\/v2\/comments?post=71"}],"version-history":[{"count":19,"href":"https:\/\/kunstvermittlung.uni-erfurt.de\/ss20\/wp-json\/wp\/v2\/pages\/71\/revisions"}],"predecessor-version":[{"id":848,"href":"https:\/\/kunstvermittlung.uni-erfurt.de\/ss20\/wp-json\/wp\/v2\/pages\/71\/revisions\/848"}],"wp:attachment":[{"href":"https:\/\/kunstvermittlung.uni-erfurt.de\/ss20\/wp-json\/wp\/v2\/media?parent=71"}],"curies":[{"name":"wp","href":"https:\/\/api.w.org\/{rel}","templated":true}]}}