{"id":59,"date":"2020-07-15T14:43:07","date_gmt":"2020-07-15T12:43:07","guid":{"rendered":"https:\/\/kunstvermittlung.uni-erfurt.de\/?page_id=59"},"modified":"2020-10-07T18:31:39","modified_gmt":"2020-10-07T16:31:39","slug":"p-braeutigam-m-geismar-wieland-foerster","status":"publish","type":"page","link":"https:\/\/kunstvermittlung.uni-erfurt.de\/ss20\/p-braeutigam-m-geismar-wieland-foerster\/","title":{"rendered":"Kunstvermittlung Wieland F\u00f6rster"},"content":{"rendered":"\n<p class=\"has-text-align-center\"><em>Ein Projekt von Pauline Br\u00e4utigam und Michelle Geismar<\/em><\/p>\n\n\n\n<p class=\"has-text-align-left\"><strong>Zun\u00e4chst wird den Kindern eine Szene beschrieben. (Audio) Dieser sollen sie aufmerksam zuh\u00f6ren. Gerne d\u00fcrfen sie sich in die beschriebene Position begeben. Sie ausprobieren. Auf einem Blatt Papier sollen sie die Szene zeichnerisch festhalten. Auch d\u00fcrfen Gef\u00fchle und Gedanken notiert werden. Die Szene darf mehrmals geh\u00f6rt werden.<\/strong><\/p>\n\n\n\n<figure class=\"wp-block-audio aligncenter\"><audio controls src=\"https:\/\/kunstvermittlung.uni-erfurt.de\/wp-content\/uploads\/2020\/08\/Audio-Text-Wieland-F\u00f6rster-4.mp3\" preload=\"auto\"><\/audio><figcaption><em>Audiodatei &#8211; Beschreibung der Szene<\/em><\/figcaption><\/figure>\n\n\n\n<p class=\"has-text-align-left\"><strong>Haben die Kinder ihre Zeichnungen beendet, kann gemeinsam der Kurzfilm zur Skulptur \u201eKleiner trauernder Mann\u201c von Wieland F\u00f6rster gesehen werden. In diesem Video wird die Skulptur vorgestellt. Es werden Fragen gestellt, welche die Kinder zum Nachdenken und Reflektieren sowie zum Austausch \u00fcber Ihre Zeichnungen anregen sollen. Es wird ein Vergleich zwischen den Zeichnungen der Kinder und der Skulptur Wieland F\u00f6rsters hergestellt. Die Kinder sollen in einen Austausch kommen. <\/strong><\/p>\n\n\n\n<figure class=\"wp-block-embed-youtube wp-block-embed is-type-video is-provider-youtube wp-embed-aspect-16-9 wp-has-aspect-ratio\"><div class=\"wp-block-embed__wrapper\">\n<iframe loading=\"lazy\" title=\"Wieland F\u00f6rster   Kleiner trauernder Mann\" width=\"580\" height=\"326\" src=\"https:\/\/www.youtube.com\/embed\/2ocGNfvo1WY?feature=oembed\" frameborder=\"0\" allow=\"accelerometer; autoplay; clipboard-write; encrypted-media; gyroscope; picture-in-picture\" allowfullscreen><\/iframe>\n<\/div><figcaption><em>Kurzfilm zur Skulptur &#8222;Kleiner trauernder Mann&#8220; von Wieland F\u00f6rster<\/em><\/figcaption><\/figure>\n\n\n\n<div style=\"height:22px\" aria-hidden=\"true\" class=\"wp-block-spacer\"><\/div>\n\n\n\n<figure class=\"is-layout-flex wp-block-gallery-1 wp-block-gallery columns-3 is-cropped\"><ul class=\"blocks-gallery-grid\"><li class=\"blocks-gallery-item\"><figure><img decoding=\"async\" loading=\"lazy\" width=\"1024\" height=\"768\" src=\"https:\/\/kunstvermittlung.uni-erfurt.de\/wp-content\/uploads\/2020\/08\/img_2231-1024x768.jpg\" alt=\"\" data-id=\"204\" data-link=\"https:\/\/kunstvermittlung.uni-erfurt.de\/p-braeutigam-m-geismar-wieland-foerster\/img_2231\/\" class=\"wp-image-204\" srcset=\"https:\/\/kunstvermittlung.uni-erfurt.de\/ss20\/wp-content\/uploads\/2020\/08\/img_2231-1024x768.jpg 1024w, https:\/\/kunstvermittlung.uni-erfurt.de\/ss20\/wp-content\/uploads\/2020\/08\/img_2231-300x225.jpg 300w, https:\/\/kunstvermittlung.uni-erfurt.de\/ss20\/wp-content\/uploads\/2020\/08\/img_2231-768x576.jpg 768w, https:\/\/kunstvermittlung.uni-erfurt.de\/ss20\/wp-content\/uploads\/2020\/08\/img_2231-1536x1152.jpg 1536w, https:\/\/kunstvermittlung.uni-erfurt.de\/ss20\/wp-content\/uploads\/2020\/08\/img_2231-2048x1536.jpg 2048w, https:\/\/kunstvermittlung.uni-erfurt.de\/ss20\/wp-content\/uploads\/2020\/08\/img_2231-1200x900.jpg 1200w, https:\/\/kunstvermittlung.uni-erfurt.de\/ss20\/wp-content\/uploads\/2020\/08\/img_2231-1980x1485.jpg 1980w\" sizes=\"(max-width: 1024px) 100vw, 1024px\" \/><figcaption class=\"blocks-gallery-item__caption\"><span class=\"has-inline-color has-subtle-background-color\"><sub>Kleiner trauernder Mann &#8211; Wieland F\u00f6rster<\/sub><\/span><\/figcaption><\/figure><\/li><li class=\"blocks-gallery-item\"><figure><img decoding=\"async\" loading=\"lazy\" width=\"768\" height=\"1024\" src=\"https:\/\/kunstvermittlung.uni-erfurt.de\/wp-content\/uploads\/2020\/10\/img_2213-768x1024.jpg\" alt=\"\" data-id=\"1112\" data-link=\"https:\/\/kunstvermittlung.uni-erfurt.de\/p-braeutigam-m-geismar-wieland-foerster\/img_2213-2\/\" class=\"wp-image-1112\" srcset=\"https:\/\/kunstvermittlung.uni-erfurt.de\/ss20\/wp-content\/uploads\/2020\/10\/img_2213-768x1024.jpg 768w, https:\/\/kunstvermittlung.uni-erfurt.de\/ss20\/wp-content\/uploads\/2020\/10\/img_2213-225x300.jpg 225w, https:\/\/kunstvermittlung.uni-erfurt.de\/ss20\/wp-content\/uploads\/2020\/10\/img_2213-1152x1536.jpg 1152w, https:\/\/kunstvermittlung.uni-erfurt.de\/ss20\/wp-content\/uploads\/2020\/10\/img_2213-1536x2048.jpg 1536w, https:\/\/kunstvermittlung.uni-erfurt.de\/ss20\/wp-content\/uploads\/2020\/10\/img_2213-1200x1600.jpg 1200w, https:\/\/kunstvermittlung.uni-erfurt.de\/ss20\/wp-content\/uploads\/2020\/10\/img_2213-1980x2640.jpg 1980w, https:\/\/kunstvermittlung.uni-erfurt.de\/ss20\/wp-content\/uploads\/2020\/10\/img_2213-scaled.jpg 1920w\" sizes=\"(max-width: 768px) 100vw, 768px\" \/><figcaption class=\"blocks-gallery-item__caption\"><span class=\"has-inline-color has-subtle-background-color\"><sub>Kleiner trauernder Mann &#8211; Wieland F\u00f6rster<\/sub><\/span><\/figcaption><\/figure><\/li><li class=\"blocks-gallery-item\"><figure><img decoding=\"async\" loading=\"lazy\" width=\"1024\" height=\"768\" src=\"https:\/\/kunstvermittlung.uni-erfurt.de\/wp-content\/uploads\/2020\/10\/img_2342-1024x768.jpg\" alt=\"\" data-id=\"1113\" data-full-url=\"https:\/\/kunstvermittlung.uni-erfurt.de\/wp-content\/uploads\/2020\/10\/img_2342-scaled.jpg\" data-link=\"https:\/\/kunstvermittlung.uni-erfurt.de\/p-braeutigam-m-geismar-wieland-foerster\/img_2342-2\/\" class=\"wp-image-1113\" srcset=\"https:\/\/kunstvermittlung.uni-erfurt.de\/ss20\/wp-content\/uploads\/2020\/10\/img_2342-1024x768.jpg 1024w, https:\/\/kunstvermittlung.uni-erfurt.de\/ss20\/wp-content\/uploads\/2020\/10\/img_2342-300x225.jpg 300w, https:\/\/kunstvermittlung.uni-erfurt.de\/ss20\/wp-content\/uploads\/2020\/10\/img_2342-768x576.jpg 768w, https:\/\/kunstvermittlung.uni-erfurt.de\/ss20\/wp-content\/uploads\/2020\/10\/img_2342-1536x1152.jpg 1536w, https:\/\/kunstvermittlung.uni-erfurt.de\/ss20\/wp-content\/uploads\/2020\/10\/img_2342-2048x1536.jpg 2048w, https:\/\/kunstvermittlung.uni-erfurt.de\/ss20\/wp-content\/uploads\/2020\/10\/img_2342-1200x900.jpg 1200w, https:\/\/kunstvermittlung.uni-erfurt.de\/ss20\/wp-content\/uploads\/2020\/10\/img_2342-1980x1485.jpg 1980w\" sizes=\"(max-width: 1024px) 100vw, 1024px\" \/><figcaption class=\"blocks-gallery-item__caption\"><span class=\"has-inline-color has-subtle-background-color\"><sub>Kleiner trauernder Mann &#8211; Wieland F\u00f6rster<\/sub><\/span><\/figcaption><\/figure><\/li><\/ul><\/figure>\n\n\n\n<p><strong>Hat Dir unser Projekt gefallen? Hast Du Anregungen, Feedback oder Gedanken, die Du mit uns teilen m\u00f6chtest? Dann<\/strong> <strong>hinterlasse uns doch gern einen Kommentar!<\/strong><\/p>\n\n\n\n<p><\/p>\n","protected":false},"excerpt":{"rendered":"<p>Ein Projekt von Pauline Br\u00e4utigam und Michelle Geismar Zun\u00e4chst wird den Kindern eine Szene beschrieben. (Audio) Dieser sollen sie aufmerksam zuh\u00f6ren. Gerne d\u00fcrfen sie sich in die beschriebene Position begeben. Sie ausprobieren. Auf einem Blatt Papier sollen sie die Szene zeichnerisch festhalten. Auch d\u00fcrfen Gef\u00fchle und Gedanken notiert werden. Die Szene darf mehrmals geh\u00f6rt werden. [&hellip;]<\/p>\n","protected":false},"author":17,"featured_media":0,"parent":0,"menu_order":0,"comment_status":"open","ping_status":"closed","template":"","meta":[],"_links":{"self":[{"href":"https:\/\/kunstvermittlung.uni-erfurt.de\/ss20\/wp-json\/wp\/v2\/pages\/59"}],"collection":[{"href":"https:\/\/kunstvermittlung.uni-erfurt.de\/ss20\/wp-json\/wp\/v2\/pages"}],"about":[{"href":"https:\/\/kunstvermittlung.uni-erfurt.de\/ss20\/wp-json\/wp\/v2\/types\/page"}],"author":[{"embeddable":true,"href":"https:\/\/kunstvermittlung.uni-erfurt.de\/ss20\/wp-json\/wp\/v2\/users\/17"}],"replies":[{"embeddable":true,"href":"https:\/\/kunstvermittlung.uni-erfurt.de\/ss20\/wp-json\/wp\/v2\/comments?post=59"}],"version-history":[{"count":12,"href":"https:\/\/kunstvermittlung.uni-erfurt.de\/ss20\/wp-json\/wp\/v2\/pages\/59\/revisions"}],"predecessor-version":[{"id":1115,"href":"https:\/\/kunstvermittlung.uni-erfurt.de\/ss20\/wp-json\/wp\/v2\/pages\/59\/revisions\/1115"}],"wp:attachment":[{"href":"https:\/\/kunstvermittlung.uni-erfurt.de\/ss20\/wp-json\/wp\/v2\/media?parent=59"}],"curies":[{"name":"wp","href":"https:\/\/api.w.org\/{rel}","templated":true}]}}