{"id":57,"date":"2020-07-15T14:42:52","date_gmt":"2020-07-15T12:42:52","guid":{"rendered":"https:\/\/kunstvermittlung.uni-erfurt.de\/?page_id=57"},"modified":"2020-09-17T11:38:36","modified_gmt":"2020-09-17T09:38:36","slug":"m-gruener-a-kinscher-s-schiek-c-goepfert","status":"publish","type":"page","link":"https:\/\/kunstvermittlung.uni-erfurt.de\/ss20\/m-gruener-a-kinscher-s-schiek-c-goepfert\/","title":{"rendered":"Stefan Schiek &#038; Cosima G\u00f6pfert"},"content":{"rendered":"\n<h2><span class=\"has-inline-color has-accent-color\">Zur Ausstellung<\/span><\/h2>\n\n\n\n<p>Die Galerie Waidspeicher befindet sich im reizvollen Kulturhof zum G\u00fcldenen Kr\u00f6nbacken inmitten des Lateinischen Viertels der Erfurter Altstadt.<\/p>\n\n\n\n<p>In der Galerie auf der Michaelisstra\u00dfe 10, 99084&nbsp;Erfurt wird internationale sowie nationale zeitgen\u00f6ssische Kunst pr\u00e4sentiert. Vorrangig kann der Besucher in der Galerie Waidspeicher Objekte, Installationen, Plastiken, Kunsthandwerk und Szenografie bewundern sowie Grafik, Fotografie und Malerei.<\/p>\n\n\n\n<p>Die F\u00f6rderung regionaler K\u00fcnstler, Kunst- und Kulturvereine hat sich die Galerie besonders zur Aufgabe gemacht.<\/p>\n\n\n\n<p>Weitere Informationen zum Kulturhof zum G\u00fcldenen Kr\u00f6nbacken sowie zum Waidspeicher finden Sie unter: <a href=\"https:\/\/kunstmuseen.erfurt.de\/km\/de\/waidspeicher\/kulturhof_zum_gueldenen_kroenbacken\/index.html\">https:\/\/kunstmuseen.erfurt.de\/km\/de\/waidspeicher\/kulturhof_zum_gueldenen_kroenbacken\/index.html<\/a><\/p>\n\n\n\n<h3><span class=\"has-inline-color has-accent-color\">Das Kuratorische Konzept<\/span><\/h3>\n\n\n\n<p>Die Ausstellung von Cosima G\u00f6pfert und Stefan Schieck wurde in der Galerie Waidspeicher vom 23.03 bis 12.07.2020 pr\u00e4sentiert. Ihre Kunstwerke erstecken sich \u00fcber zwei Etagen. Auch in den G\u00e4ngen zwischen den zwei Ausstellungsr\u00e4umen befinden sich vereinzelte Arbeiten der beiden K\u00fcnstler.<\/p>\n\n\n\n<p>Bei der Pr\u00e4sentation der Werke wurde sich daf\u00fcr entschieden, die K\u00fcnstler nicht r\u00e4umlich voneinander zu trennen, sondern sie gemeinsam auszustellen.<\/p>\n\n\n\n<figure class=\"is-layout-flex wp-block-gallery-1 wp-block-gallery columns-1 is-cropped\"><ul class=\"blocks-gallery-grid\"><li class=\"blocks-gallery-item\"><figure><img decoding=\"async\" loading=\"lazy\" width=\"1024\" height=\"683\" src=\"https:\/\/kunstvermittlung.uni-erfurt.de\/wp-content\/uploads\/2020\/09\/Ausstellung_neu-1024x683.jpg\" alt=\"\" data-id=\"880\" data-full-url=\"https:\/\/kunstvermittlung.uni-erfurt.de\/wp-content\/uploads\/2020\/09\/Ausstellung_neu.jpg\" data-link=\"https:\/\/kunstvermittlung.uni-erfurt.de\/m-gruener-a-kinscher-s-schiek-c-goepfert\/ausstellung_neu\/\" class=\"wp-image-880\" srcset=\"https:\/\/kunstvermittlung.uni-erfurt.de\/ss20\/wp-content\/uploads\/2020\/09\/Ausstellung_neu-1024x683.jpg 1024w, https:\/\/kunstvermittlung.uni-erfurt.de\/ss20\/wp-content\/uploads\/2020\/09\/Ausstellung_neu-300x200.jpg 300w, https:\/\/kunstvermittlung.uni-erfurt.de\/ss20\/wp-content\/uploads\/2020\/09\/Ausstellung_neu-768x512.jpg 768w, https:\/\/kunstvermittlung.uni-erfurt.de\/ss20\/wp-content\/uploads\/2020\/09\/Ausstellung_neu-1536x1024.jpg 1536w, https:\/\/kunstvermittlung.uni-erfurt.de\/ss20\/wp-content\/uploads\/2020\/09\/Ausstellung_neu-1200x800.jpg 1200w, https:\/\/kunstvermittlung.uni-erfurt.de\/ss20\/wp-content\/uploads\/2020\/09\/Ausstellung_neu.jpg 1920w\" sizes=\"(max-width: 1024px) 100vw, 1024px\" \/><\/figure><\/li><\/ul><figcaption class=\"blocks-gallery-caption\">Blick in die erste Etage der Ausstellung<\/figcaption><\/figure>\n\n\n\n<p>Die Werke im Eingangsbereich bieten eine kleine Vorschau dar\u00fcber, mit welchen Materialien sich die K\u00fcnstler besch\u00e4ftigen und was auf den Besucher zukommt. Die Werke der beiden K\u00fcnstler wirken sehr harmonisch gemeinsam in den Ausstellungsr\u00e4umen. Es scheint beinahe so, als st\u00e4nde jedem Werk von G\u00f6pfert einem von Schiek gegen\u00fcber. Wie ein Dialog reagieren sie aufeinander. Dies wird unter anderem sehr gut bei der Spiegelung von Schieks \u201eBotschaft\u201c sichtbar, bei welchem die Menschen auf seinem Bild, G\u00f6pferts \u201eUrchin\u201c zu betrachten scheinen (siehe Abbildung 1). Auch \u201eHover\u201c von Stefan Schieck, welches Formen aufgreift, die G\u00f6pfert unter anderem in ihrer Reihe \u201eWabe\u201c verwendet, ist passend platziert. &nbsp;<\/p>\n\n\n\n<figure class=\"wp-block-image size-large\"><img decoding=\"async\" loading=\"lazy\" width=\"1024\" height=\"954\" src=\"https:\/\/kunstvermittlung.uni-erfurt.de\/wp-content\/uploads\/2020\/08\/IMG_5104b-1024x954.jpg\" alt=\"\" class=\"wp-image-300\" srcset=\"https:\/\/kunstvermittlung.uni-erfurt.de\/ss20\/wp-content\/uploads\/2020\/08\/IMG_5104b-1024x954.jpg 1024w, https:\/\/kunstvermittlung.uni-erfurt.de\/ss20\/wp-content\/uploads\/2020\/08\/IMG_5104b-300x280.jpg 300w, https:\/\/kunstvermittlung.uni-erfurt.de\/ss20\/wp-content\/uploads\/2020\/08\/IMG_5104b-768x716.jpg 768w, https:\/\/kunstvermittlung.uni-erfurt.de\/ss20\/wp-content\/uploads\/2020\/08\/IMG_5104b-1536x1431.jpg 1536w, https:\/\/kunstvermittlung.uni-erfurt.de\/ss20\/wp-content\/uploads\/2020\/08\/IMG_5104b-2048x1909.jpg 2048w, https:\/\/kunstvermittlung.uni-erfurt.de\/ss20\/wp-content\/uploads\/2020\/08\/IMG_5104b-1200x1118.jpg 1200w, https:\/\/kunstvermittlung.uni-erfurt.de\/ss20\/wp-content\/uploads\/2020\/08\/IMG_5104b-1980x1845.jpg 1980w\" sizes=\"(max-width: 1024px) 100vw, 1024px\" \/><\/figure>\n\n\n\n<p>Zus\u00e4tzlich ist zu bemerken, dass Stefan Schieks gl\u00e4nzende Lackarbeiten sowie Cosima G\u00f6pferts Porzellan Skulpturen einen spannenden Kontrast zu dem historischen Waidspeicher mit seinen Holzbalken und alten W\u00e4nden bilden. &nbsp;<\/p>\n\n\n\n<h3><span class=\"has-inline-color has-accent-color\">Das eigene Interesse an der Ausstellung<\/span><\/h3>\n\n\n\n<p>F\u00fcr mich bietet die Ausstellung in der Galerie Waidspeicher einen besonderen Reiz. Aufmerksam geworden bin ich gerade auf diese Ausstellung, durch die Glanzlack-Arbeiten von Stefan Schiek, die mich sehr fasziniert haben. Er greift darin ein sehr aktuelles Thema auf: die Virtuelle Realit\u00e4t. Er schafft beeindruckende irreale Welten, in welcher der Betrachter selbst durch dunkle Fl\u00e4chen eintauchen kann, in welchen er sich selbst und seine Umgebung wiedererkennt. &nbsp;<\/p>\n\n\n\n<p>Selbst vor Ort zu sein und die au\u00dferordentliche Harmonie der Werke von Stefan Schieck und Cosima G\u00f6pfert veranlassten uns dazu, beide K\u00fcnstler zu thematisieren. Ein \u201eAuseinanderrei\u00dfen\u201c der Ausstellung sowie der damit verbunden Werke, die miteinander und zueinander wirken, war f\u00fcr uns undenkbar.<\/p>\n\n\n\n<p class=\"has-text-align-right\">-Anja Kinscher  <\/p>\n\n\n\n<p class=\"has-text-align-center\"><strong>Auf der n\u00e4chsten Seite geht es zu den K\u00fcnstlern &amp; zur <\/strong><br><strong>digitalen Kunstvermittlung<\/strong> <\/p>\n\n\n\n<!--nextpage-->\n\n\n\n<h2><span class=\"has-inline-color has-accent-color\">Die K\u00fcnstler<\/span><\/h2>\n\n\n\n<h3><span class=\"has-inline-color has-accent-color\">Cosima G\u00f6pfert<\/span><\/h3>\n\n\n\n<div class=\"wp-block-media-text alignwide is-stacked-on-mobile is-vertically-aligned-top\"><figure class=\"wp-block-media-text__media\"><img decoding=\"async\" loading=\"lazy\" width=\"742\" height=\"768\" src=\"https:\/\/kunstvermittlung.uni-erfurt.de\/wp-content\/uploads\/2020\/08\/Cosima-G\u00f6pfert.jpg\" alt=\"\" class=\"wp-image-278\" srcset=\"https:\/\/kunstvermittlung.uni-erfurt.de\/ss20\/wp-content\/uploads\/2020\/08\/Cosima-G\u00f6pfert.jpg 742w, https:\/\/kunstvermittlung.uni-erfurt.de\/ss20\/wp-content\/uploads\/2020\/08\/Cosima-G\u00f6pfert-290x300.jpg 290w\" sizes=\"(max-width: 742px) 100vw, 742px\" \/><\/figure><div class=\"wp-block-media-text__content\">\n<p>Cosima Magdalena G\u00f6pfert wurde <strong>1981<\/strong> in Apolda geboren. Im Jahr <strong>2000<\/strong> absolvierte sie ihr Abitur am Philipp-Melanchthon-Gymnasium in Gerstungen. Anschlie\u00dfend folgte von <strong>2000 bis 2004<\/strong> ein Praktikum sowie eine Ausbildung zur Grafikerin bei FULLHAUS Werbung in Regensburg. Des Weiteren arbeitete sie in der Zeit im Druckhaus Ledin in Ingolstadt in der Grafikabteilung.<br><br>Seit <strong>2004<\/strong> ist sie freischaffende K\u00fcnstlerin<br><br><strong>Ab da begann ihr k\u00fcnstlerischer Werdegang.<\/strong><br><br>Sie war von<strong> 2004 bis 2005 <\/strong>bei <em>Prof.J\u00fcrgen Blum Kwiatkowski<\/em> in H\u00fchnfeld\/Fulda unter k\u00fcnstlerischer Mentorenschaft.<br><br>Im Jahr<strong> 2005 <\/strong>wurde Cosima G\u00f6pfert f\u00fcr ein Kunststudium an derBurg Giebichenstein in Halle\/Saale zugelassen. Noch im gleichen Jahr wechselte sie die Universit\u00e4t und studierte nun in Weimar.<br><br>In Weimar studierte sie von<strong> 2005 <\/strong>bis 2012 Freie Kunst an der Bauhaus-Universit\u00e4t bei <em>Naomi T. Salmon<\/em> und <em>Prof. Norbert W. Hinterberger<\/em>.<br><br>Von<strong> 2008 bis 2012 <\/strong>studierte sie au\u00dferdem Gymnasial-Lehramt f\u00fcr Kunst und Geschichte an der\u00a0Bauhaus-Universt\u00e4t Weimar und der Friedrich-Schiller-Universit\u00e4t Jena.<br><br>Im Jahr<strong> 2012 <\/strong>erhielt sie ihr Diplom Freie Kunst sowie das erste Staatsexamen.<br><br>Seit<strong> 2012 <\/strong>arbeitet sie wieder als freischaffende K\u00fcnstlerin und seit <strong>2013 <\/strong>ist sie Mitglied im BBK und im Verband Bildender K\u00fcnstler Th\u00fcringen.<br><br>Heute lebt und arbeitet sie in Bechstedtstra\u00df.<\/p>\n<\/div><\/div>\n\n\n\n<h3><span class=\"has-inline-color has-accent-color\">Stefan Schiek<\/span><\/h3>\n\n\n\n<div class=\"wp-block-media-text alignwide has-media-on-the-right is-stacked-on-mobile is-vertically-aligned-top\"><figure class=\"wp-block-media-text__media\"><img decoding=\"async\" loading=\"lazy\" width=\"520\" height=\"621\" src=\"https:\/\/kunstvermittlung.uni-erfurt.de\/wp-content\/uploads\/2020\/08\/Stefan-Schiek.jpg\" alt=\"\" class=\"wp-image-279\" srcset=\"https:\/\/kunstvermittlung.uni-erfurt.de\/ss20\/wp-content\/uploads\/2020\/08\/Stefan-Schiek.jpg 520w, https:\/\/kunstvermittlung.uni-erfurt.de\/ss20\/wp-content\/uploads\/2020\/08\/Stefan-Schiek-251x300.jpg 251w\" sizes=\"(max-width: 520px) 100vw, 520px\" \/><\/figure><div class=\"wp-block-media-text__content\">\n<p>Stefan Schiek wurde am <strong>24.06.1976<\/strong> in Ulm geboren.<br>Von <strong>1997 bis 1999<\/strong> studierte er Mediengestaltung und Freie Kunst an der Bauhaus-Universit\u00e4t Weimar.<\/p>\n\n\n\n<p>Darauf folgte von <strong>1999 bis 2000<\/strong> sein Studium der Audiovisuellen Kommunikation an der<br>Universidad Pompeu Fabra in Barcelona.<\/p>\n\n\n\n<p>Ein weiteres Studium schloss sich <strong>2000 bis 2002<\/strong> an. In dieser Zeit studierte er Mediengestaltung und Freie Kunst an der Bauhaus-Universit\u00e4t Weimar und schloss 2002 mit Diplom als Mediengestalter an der Bauhaus-Universit\u00e4t Weimar ab.<\/p>\n\n\n\n<p>Seit <strong>2002<\/strong> arbeitet Stefan Schiek als Freier K\u00fcnstler.<\/p>\n<\/div><\/div>\n\n\n\n<h2><span class=\"has-inline-color has-accent-color\">Zur Kunstvermittlung:<\/span><\/h2>\n\n\n\n<p>W\u00e4hlen Sie Ihre\/n K\u00fcnstler\/in:<\/p>\n\n\n\n<div class=\"is-layout-flex wp-block-buttons aligncenter\">\n<div class=\"wp-block-button\"><a class=\"wp-block-button__link\" href=\"https:\/\/kunstvermittlung.uni-erfurt.de\/cosima-goepfert\/\" target=\"_blank\" rel=\"noreferrer noopener\">Cosima G\u00f6pfert<\/a><\/div>\n\n\n\n<div class=\"wp-block-button\"><a class=\"wp-block-button__link\" href=\"https:\/\/kunstvermittlung.uni-erfurt.de\/stefan-schiek\/\" target=\"_blank\" rel=\"noreferrer noopener\">Stefan Schiek<\/a><\/div>\n<\/div>\n\n\n\n<p><\/p>\n","protected":false},"excerpt":{"rendered":"<p>Zur Ausstellung Die Galerie Waidspeicher befindet sich im reizvollen Kulturhof zum G\u00fcldenen Kr\u00f6nbacken inmitten des Lateinischen Viertels der Erfurter Altstadt. In der Galerie auf der Michaelisstra\u00dfe 10, 99084&nbsp;Erfurt wird internationale sowie nationale zeitgen\u00f6ssische Kunst pr\u00e4sentiert. Vorrangig kann der Besucher in der Galerie Waidspeicher Objekte, Installationen, Plastiken, Kunsthandwerk und Szenografie bewundern sowie Grafik, Fotografie und Malerei. [&hellip;]<\/p>\n","protected":false},"author":1,"featured_media":0,"parent":0,"menu_order":0,"comment_status":"open","ping_status":"closed","template":"","meta":[],"_links":{"self":[{"href":"https:\/\/kunstvermittlung.uni-erfurt.de\/ss20\/wp-json\/wp\/v2\/pages\/57"}],"collection":[{"href":"https:\/\/kunstvermittlung.uni-erfurt.de\/ss20\/wp-json\/wp\/v2\/pages"}],"about":[{"href":"https:\/\/kunstvermittlung.uni-erfurt.de\/ss20\/wp-json\/wp\/v2\/types\/page"}],"author":[{"embeddable":true,"href":"https:\/\/kunstvermittlung.uni-erfurt.de\/ss20\/wp-json\/wp\/v2\/users\/1"}],"replies":[{"embeddable":true,"href":"https:\/\/kunstvermittlung.uni-erfurt.de\/ss20\/wp-json\/wp\/v2\/comments?post=57"}],"version-history":[{"count":26,"href":"https:\/\/kunstvermittlung.uni-erfurt.de\/ss20\/wp-json\/wp\/v2\/pages\/57\/revisions"}],"predecessor-version":[{"id":897,"href":"https:\/\/kunstvermittlung.uni-erfurt.de\/ss20\/wp-json\/wp\/v2\/pages\/57\/revisions\/897"}],"wp:attachment":[{"href":"https:\/\/kunstvermittlung.uni-erfurt.de\/ss20\/wp-json\/wp\/v2\/media?parent=57"}],"curies":[{"name":"wp","href":"https:\/\/api.w.org\/{rel}","templated":true}]}}