{"id":507,"date":"2020-09-01T12:06:55","date_gmt":"2020-09-01T10:06:55","guid":{"rendered":"https:\/\/kunstvermittlung.uni-erfurt.de\/?page_id=507"},"modified":"2020-09-17T11:38:03","modified_gmt":"2020-09-17T09:38:03","slug":"507-2","status":"publish","type":"page","link":"https:\/\/kunstvermittlung.uni-erfurt.de\/ss20\/507-2\/","title":{"rendered":"Was sind das nur f\u00fcr tolle Gestalten?"},"content":{"rendered":"\n<figure class=\"wp-block-image size-large is-resized\"><img decoding=\"async\" loading=\"lazy\" src=\"https:\/\/kunstvermittlung.uni-erfurt.de\/wp-content\/uploads\/2020\/09\/97a79d39c5053627a15733744a96b85b-1-773x1024.jpg\" alt=\"\" class=\"wp-image-528\" width=\"415\" height=\"551\" srcset=\"https:\/\/kunstvermittlung.uni-erfurt.de\/ss20\/wp-content\/uploads\/2020\/09\/97a79d39c5053627a15733744a96b85b-1-773x1024.jpg 773w, https:\/\/kunstvermittlung.uni-erfurt.de\/ss20\/wp-content\/uploads\/2020\/09\/97a79d39c5053627a15733744a96b85b-1-227x300.jpg 227w, https:\/\/kunstvermittlung.uni-erfurt.de\/ss20\/wp-content\/uploads\/2020\/09\/97a79d39c5053627a15733744a96b85b-1-768x1017.jpg 768w, https:\/\/kunstvermittlung.uni-erfurt.de\/ss20\/wp-content\/uploads\/2020\/09\/97a79d39c5053627a15733744a96b85b-1.jpg 981w\" sizes=\"(max-width: 415px) 100vw, 415px\" \/><\/figure>\n\n\n\n<figure class=\"wp-block-audio\"><audio controls src=\"https:\/\/kunstvermittlung.uni-erfurt.de\/wp-content\/uploads\/2020\/09\/3R_Die_drei_Akrobaten_Rechts_Romeo2-online-audio-converter.com_.mp3\"><\/audio><figcaption>Marc Chagall, \u201eLes trois acrobates\u201c (Die drei Akrobaten) Farblithografie 1957 \u00a9VG Bild-Kunst, Bonn 2020<br><br>Musik &#8211; Romeo Wecks<\/figcaption><\/figure>\n\n\n\n<hr class=\"wp-block-separator\"\/>\n\n\n\n<figure class=\"wp-block-image size-large is-resized\"><img decoding=\"async\" loading=\"lazy\" src=\"https:\/\/kunstvermittlung.uni-erfurt.de\/wp-content\/uploads\/2020\/09\/chagall2217.jpg\" alt=\"\" class=\"wp-image-530\" width=\"395\" height=\"535\" srcset=\"https:\/\/kunstvermittlung.uni-erfurt.de\/ss20\/wp-content\/uploads\/2020\/09\/chagall2217.jpg 538w, https:\/\/kunstvermittlung.uni-erfurt.de\/ss20\/wp-content\/uploads\/2020\/09\/chagall2217-222x300.jpg 222w\" sizes=\"(max-width: 395px) 100vw, 395px\" \/><\/figure>\n\n\n\n<figure class=\"wp-block-audio\"><audio controls src=\"https:\/\/kunstvermittlung.uni-erfurt.de\/wp-content\/uploads\/2020\/09\/4_Der_Hahn_ueber_Paris_Romeo3.mp3\"><\/audio><figcaption>Marc Chagall, \u201eLe Coq sur Paris\u201c (Der Hahn \u00fcber Paris) &#8211; Farblithografie 1958 \u00a9VG Bild-Kunst, Bonn 2020<br><br>Musik &#8211; Romeo Wecks<\/figcaption><\/figure>\n\n\n\n<hr class=\"wp-block-separator\"\/>\n\n\n\n<figure class=\"wp-block-image size-large is-resized\"><img decoding=\"async\" loading=\"lazy\" src=\"https:\/\/kunstvermittlung.uni-erfurt.de\/wp-content\/uploads\/2020\/09\/vp1-2-1024x684.jpg\" alt=\"\" class=\"wp-image-532\" width=\"458\" height=\"305\" srcset=\"https:\/\/kunstvermittlung.uni-erfurt.de\/ss20\/wp-content\/uploads\/2020\/09\/vp1-2-1024x684.jpg 1024w, https:\/\/kunstvermittlung.uni-erfurt.de\/ss20\/wp-content\/uploads\/2020\/09\/vp1-2-300x200.jpg 300w, https:\/\/kunstvermittlung.uni-erfurt.de\/ss20\/wp-content\/uploads\/2020\/09\/vp1-2-768x513.jpg 768w, https:\/\/kunstvermittlung.uni-erfurt.de\/ss20\/wp-content\/uploads\/2020\/09\/vp1-2-1200x801.jpg 1200w, https:\/\/kunstvermittlung.uni-erfurt.de\/ss20\/wp-content\/uploads\/2020\/09\/vp1-2.jpg 1486w\" sizes=\"(max-width: 458px) 100vw, 458px\" \/><\/figure>\n\n\n\n<figure class=\"wp-block-audio\"><audio controls src=\"https:\/\/kunstvermittlung.uni-erfurt.de\/wp-content\/uploads\/2020\/08\/5_Vision_von_Paris_Fertig_Mit_Romeo-online-audio-converter.com-1.mp3\"><\/audio><figcaption>Marc Chagall, \u201eVision de Paris\u201c (Vision von Paris) &#8211; Lithographie 1952 \u00a9VG Bild-Kunst, Bonn 2020<br><br>Musik &#8211; Romeo Wecks<\/figcaption><\/figure>\n\n\n\n<hr class=\"wp-block-separator\"\/>\n\n\n\n<p class=\"has-text-align-center\"><strong>Damit nimmt unsere Traumreise durch Chagalls Bilder auch schon ihr Ende. Danke f\u00fcrs Mitmachen!<\/strong><\/p>\n\n\n\n<p class=\"has-text-align-center\"><strong>Du willst noch mehr entdecken ? Dann beginne die Reise doch einfach nochmal. Jede Entscheidung ver\u00e4ndert die Geschichte!<\/strong> <\/p>\n\n\n\n<p class=\"has-text-align-center\"><strong>Dr\u00fccke auf das blaue Feld!<\/strong><\/p>\n\n\n\n<div class=\"is-layout-flex wp-block-buttons\">\n<div class=\"wp-block-button\"><a class=\"wp-block-button__link\" href=\"https:\/\/kunstvermittlung.uni-erfurt.de\/m-heinz-h-park-w-stock-marc-chagall-2\/\">Ich mache es nochmal von vorne!<\/a><\/div>\n<\/div>\n\n\n\n<p><\/p>\n","protected":false},"excerpt":{"rendered":"<p>Damit nimmt unsere Traumreise durch Chagalls Bilder auch schon ihr Ende. Danke f\u00fcrs Mitmachen! Du willst noch mehr entdecken ? Dann beginne die Reise doch einfach nochmal. Jede Entscheidung ver\u00e4ndert die Geschichte! Dr\u00fccke auf das blaue Feld!<\/p>\n","protected":false},"author":12,"featured_media":0,"parent":0,"menu_order":0,"comment_status":"closed","ping_status":"closed","template":"","meta":[],"_links":{"self":[{"href":"https:\/\/kunstvermittlung.uni-erfurt.de\/ss20\/wp-json\/wp\/v2\/pages\/507"}],"collection":[{"href":"https:\/\/kunstvermittlung.uni-erfurt.de\/ss20\/wp-json\/wp\/v2\/pages"}],"about":[{"href":"https:\/\/kunstvermittlung.uni-erfurt.de\/ss20\/wp-json\/wp\/v2\/types\/page"}],"author":[{"embeddable":true,"href":"https:\/\/kunstvermittlung.uni-erfurt.de\/ss20\/wp-json\/wp\/v2\/users\/12"}],"replies":[{"embeddable":true,"href":"https:\/\/kunstvermittlung.uni-erfurt.de\/ss20\/wp-json\/wp\/v2\/comments?post=507"}],"version-history":[{"count":13,"href":"https:\/\/kunstvermittlung.uni-erfurt.de\/ss20\/wp-json\/wp\/v2\/pages\/507\/revisions"}],"predecessor-version":[{"id":809,"href":"https:\/\/kunstvermittlung.uni-erfurt.de\/ss20\/wp-json\/wp\/v2\/pages\/507\/revisions\/809"}],"wp:attachment":[{"href":"https:\/\/kunstvermittlung.uni-erfurt.de\/ss20\/wp-json\/wp\/v2\/media?parent=507"}],"curies":[{"name":"wp","href":"https:\/\/api.w.org\/{rel}","templated":true}]}}