{"id":252,"date":"2020-08-21T16:47:50","date_gmt":"2020-08-21T14:47:50","guid":{"rendered":"https:\/\/kunstvermittlung.uni-erfurt.de\/?page_id=252"},"modified":"2020-09-17T12:07:05","modified_gmt":"2020-09-17T10:07:05","slug":"stefan-schiek","status":"publish","type":"page","link":"https:\/\/kunstvermittlung.uni-erfurt.de\/ss20\/stefan-schiek\/","title":{"rendered":"Stefan Schiek"},"content":{"rendered":"\n<h2><span class=\"has-inline-color has-accent-color\">&#8222;Looking Up VR&#8220;<\/span><\/h2>\n\n\n\n<figure class=\"wp-block-embed-youtube wp-block-embed is-type-video is-provider-youtube wp-embed-aspect-16-9 wp-has-aspect-ratio\"><div class=\"wp-block-embed__wrapper\">\n<iframe loading=\"lazy\" title=\"Video Stefan Schiek &quot;Looking Up VR&quot;\" width=\"580\" height=\"326\" src=\"https:\/\/www.youtube.com\/embed\/WZRYj150hwY?feature=oembed\" frameborder=\"0\" allow=\"accelerometer; autoplay; clipboard-write; encrypted-media; gyroscope; picture-in-picture\" allowfullscreen><\/iframe>\n<\/div><\/figure>\n\n\n\n<p>Stefan Schieks Bilderreihe &#8222;Looking Up VR&#8220; besch\u00e4ftigt sich mit der Virtuellen Realit\u00e4t, also einer Scheinwelt, die wir zum Beispiel \u00fcber Virtual Reality Brillen betreten k\u00f6nnen. <br>Schau dir doch mal ein paar dieser Bilder an: <\/p>\n\n\n\n<figure class=\"wp-block-image size-large\"><img decoding=\"async\" loading=\"lazy\" width=\"1024\" height=\"1024\" src=\"https:\/\/kunstvermittlung.uni-erfurt.de\/wp-content\/uploads\/2020\/08\/LOOKING-VR-1-Glanzlack-auf-Aluminium-100x100cm-2019-72dpi-1024x1024.jpg\" alt=\"\" class=\"wp-image-269\" srcset=\"https:\/\/kunstvermittlung.uni-erfurt.de\/ss20\/wp-content\/uploads\/2020\/08\/LOOKING-VR-1-Glanzlack-auf-Aluminium-100x100cm-2019-72dpi-1024x1024.jpg 1024w, https:\/\/kunstvermittlung.uni-erfurt.de\/ss20\/wp-content\/uploads\/2020\/08\/LOOKING-VR-1-Glanzlack-auf-Aluminium-100x100cm-2019-72dpi-300x300.jpg 300w, https:\/\/kunstvermittlung.uni-erfurt.de\/ss20\/wp-content\/uploads\/2020\/08\/LOOKING-VR-1-Glanzlack-auf-Aluminium-100x100cm-2019-72dpi-150x150.jpg 150w, https:\/\/kunstvermittlung.uni-erfurt.de\/ss20\/wp-content\/uploads\/2020\/08\/LOOKING-VR-1-Glanzlack-auf-Aluminium-100x100cm-2019-72dpi-768x768.jpg 768w, https:\/\/kunstvermittlung.uni-erfurt.de\/ss20\/wp-content\/uploads\/2020\/08\/LOOKING-VR-1-Glanzlack-auf-Aluminium-100x100cm-2019-72dpi.jpg 1200w\" sizes=\"(max-width: 1024px) 100vw, 1024px\" \/><figcaption>Looking Up VR #1- 100 x 100 cm &#8211; Glanzlack auf Aluminium<\/figcaption><\/figure>\n\n\n\n<figure class=\"wp-block-image size-large\"><img decoding=\"async\" loading=\"lazy\" width=\"1024\" height=\"1024\" src=\"https:\/\/kunstvermittlung.uni-erfurt.de\/wp-content\/uploads\/2020\/08\/LOOKING-UP-VR-2-Glanzlack-auf-Aluminium-100x100cm-2019-72dpi-1024x1024.jpg\" alt=\"\" class=\"wp-image-264\" srcset=\"https:\/\/kunstvermittlung.uni-erfurt.de\/ss20\/wp-content\/uploads\/2020\/08\/LOOKING-UP-VR-2-Glanzlack-auf-Aluminium-100x100cm-2019-72dpi-1024x1024.jpg 1024w, https:\/\/kunstvermittlung.uni-erfurt.de\/ss20\/wp-content\/uploads\/2020\/08\/LOOKING-UP-VR-2-Glanzlack-auf-Aluminium-100x100cm-2019-72dpi-300x300.jpg 300w, https:\/\/kunstvermittlung.uni-erfurt.de\/ss20\/wp-content\/uploads\/2020\/08\/LOOKING-UP-VR-2-Glanzlack-auf-Aluminium-100x100cm-2019-72dpi-150x150.jpg 150w, https:\/\/kunstvermittlung.uni-erfurt.de\/ss20\/wp-content\/uploads\/2020\/08\/LOOKING-UP-VR-2-Glanzlack-auf-Aluminium-100x100cm-2019-72dpi-768x768.jpg 768w, https:\/\/kunstvermittlung.uni-erfurt.de\/ss20\/wp-content\/uploads\/2020\/08\/LOOKING-UP-VR-2-Glanzlack-auf-Aluminium-100x100cm-2019-72dpi.jpg 1200w\" sizes=\"(max-width: 1024px) 100vw, 1024px\" \/><figcaption>Looking Up VR #2- 100 x 100 cm &#8211; Glanzlack auf Aluminium<\/figcaption><\/figure>\n\n\n\n<figure class=\"wp-block-image size-large\"><img decoding=\"async\" loading=\"lazy\" width=\"1024\" height=\"1024\" src=\"https:\/\/kunstvermittlung.uni-erfurt.de\/wp-content\/uploads\/2020\/08\/LOOKING-UP-VR-3-Glanzlack-auf-Aluminium-100x100cm-2019-72dpi-1024x1024.jpg\" alt=\"\" class=\"wp-image-268\" srcset=\"https:\/\/kunstvermittlung.uni-erfurt.de\/ss20\/wp-content\/uploads\/2020\/08\/LOOKING-UP-VR-3-Glanzlack-auf-Aluminium-100x100cm-2019-72dpi-1024x1024.jpg 1024w, https:\/\/kunstvermittlung.uni-erfurt.de\/ss20\/wp-content\/uploads\/2020\/08\/LOOKING-UP-VR-3-Glanzlack-auf-Aluminium-100x100cm-2019-72dpi-300x300.jpg 300w, https:\/\/kunstvermittlung.uni-erfurt.de\/ss20\/wp-content\/uploads\/2020\/08\/LOOKING-UP-VR-3-Glanzlack-auf-Aluminium-100x100cm-2019-72dpi-150x150.jpg 150w, https:\/\/kunstvermittlung.uni-erfurt.de\/ss20\/wp-content\/uploads\/2020\/08\/LOOKING-UP-VR-3-Glanzlack-auf-Aluminium-100x100cm-2019-72dpi-768x768.jpg 768w, https:\/\/kunstvermittlung.uni-erfurt.de\/ss20\/wp-content\/uploads\/2020\/08\/LOOKING-UP-VR-3-Glanzlack-auf-Aluminium-100x100cm-2019-72dpi.jpg 1200w\" sizes=\"(max-width: 1024px) 100vw, 1024px\" \/><figcaption>Looking Up VR #3- 100 x 100 cm &#8211; Glanzlack auf Aluminium<\/figcaption><\/figure>\n\n\n\n<figure class=\"wp-block-image size-large\"><img decoding=\"async\" loading=\"lazy\" width=\"1024\" height=\"683\" src=\"https:\/\/kunstvermittlung.uni-erfurt.de\/wp-content\/uploads\/2020\/09\/Spiegelung_Augen_neu-1024x683.jpg\" alt=\"\" class=\"wp-image-879\" srcset=\"https:\/\/kunstvermittlung.uni-erfurt.de\/ss20\/wp-content\/uploads\/2020\/09\/Spiegelung_Augen_neu-1024x683.jpg 1024w, https:\/\/kunstvermittlung.uni-erfurt.de\/ss20\/wp-content\/uploads\/2020\/09\/Spiegelung_Augen_neu-300x200.jpg 300w, https:\/\/kunstvermittlung.uni-erfurt.de\/ss20\/wp-content\/uploads\/2020\/09\/Spiegelung_Augen_neu-768x512.jpg 768w, https:\/\/kunstvermittlung.uni-erfurt.de\/ss20\/wp-content\/uploads\/2020\/09\/Spiegelung_Augen_neu-1536x1024.jpg 1536w, https:\/\/kunstvermittlung.uni-erfurt.de\/ss20\/wp-content\/uploads\/2020\/09\/Spiegelung_Augen_neu-1200x800.jpg 1200w, https:\/\/kunstvermittlung.uni-erfurt.de\/ss20\/wp-content\/uploads\/2020\/09\/Spiegelung_Augen_neu.jpg 1920w\" sizes=\"(max-width: 1024px) 100vw, 1024px\" \/><figcaption>Da der Glanzlack der Bilder stark spiegelt, kann man so quasi selbst Teil einiger seiner Arbeiten werden.<\/figcaption><\/figure>\n\n\n\n<p><strong>Werde nun selbst zum K\u00fcnstler und gestalte die Virtuelle Realit\u00e4t so, wie sie dir gef\u00e4llt.<\/strong> <br><br>Drucke dir dazu eins der folgenden Bilder aus und lass deiner Fantasie freien Lauf. (Alternativ kannst du nat\u00fcrlich auch \u00fcber den PC, Tablet oder Smartphone das Bild gestalten.) <br><br>-> Zeige uns gern deine entstandene Fantasiewelt, in dem du dein Bilder in unsere Kommentare l\u00e4dst.<\/p>\n\n\n\n<figure class=\"wp-block-image size-large\"><img decoding=\"async\" loading=\"lazy\" width=\"1024\" height=\"724\" src=\"https:\/\/kunstvermittlung.uni-erfurt.de\/wp-content\/uploads\/2020\/08\/Looking-Up-02-A4-1024x724.png\" alt=\"\" class=\"wp-image-271\" srcset=\"https:\/\/kunstvermittlung.uni-erfurt.de\/ss20\/wp-content\/uploads\/2020\/08\/Looking-Up-02-A4-1024x724.png 1024w, https:\/\/kunstvermittlung.uni-erfurt.de\/ss20\/wp-content\/uploads\/2020\/08\/Looking-Up-02-A4-300x212.png 300w, https:\/\/kunstvermittlung.uni-erfurt.de\/ss20\/wp-content\/uploads\/2020\/08\/Looking-Up-02-A4-768x543.png 768w, https:\/\/kunstvermittlung.uni-erfurt.de\/ss20\/wp-content\/uploads\/2020\/08\/Looking-Up-02-A4-1536x1086.png 1536w, https:\/\/kunstvermittlung.uni-erfurt.de\/ss20\/wp-content\/uploads\/2020\/08\/Looking-Up-02-A4-2048x1448.png 2048w, https:\/\/kunstvermittlung.uni-erfurt.de\/ss20\/wp-content\/uploads\/2020\/08\/Looking-Up-02-A4-1200x848.png 1200w, https:\/\/kunstvermittlung.uni-erfurt.de\/ss20\/wp-content\/uploads\/2020\/08\/Looking-Up-02-A4-1980x1400.png 1980w\" sizes=\"(max-width: 1024px) 100vw, 1024px\" \/><\/figure>\n\n\n\n<div class=\"is-layout-flow wp-block-group\"><div class=\"wp-block-group__inner-container\">\n<figure class=\"wp-block-image size-large\"><img decoding=\"async\" loading=\"lazy\" width=\"1024\" height=\"724\" src=\"https:\/\/kunstvermittlung.uni-erfurt.de\/wp-content\/uploads\/2020\/08\/Looking-Up-01-A4-1024x724.png\" alt=\"\" class=\"wp-image-265\" srcset=\"https:\/\/kunstvermittlung.uni-erfurt.de\/ss20\/wp-content\/uploads\/2020\/08\/Looking-Up-01-A4-1024x724.png 1024w, https:\/\/kunstvermittlung.uni-erfurt.de\/ss20\/wp-content\/uploads\/2020\/08\/Looking-Up-01-A4-300x212.png 300w, https:\/\/kunstvermittlung.uni-erfurt.de\/ss20\/wp-content\/uploads\/2020\/08\/Looking-Up-01-A4-768x543.png 768w, https:\/\/kunstvermittlung.uni-erfurt.de\/ss20\/wp-content\/uploads\/2020\/08\/Looking-Up-01-A4-1536x1086.png 1536w, https:\/\/kunstvermittlung.uni-erfurt.de\/ss20\/wp-content\/uploads\/2020\/08\/Looking-Up-01-A4-2048x1448.png 2048w, https:\/\/kunstvermittlung.uni-erfurt.de\/ss20\/wp-content\/uploads\/2020\/08\/Looking-Up-01-A4-1200x848.png 1200w, https:\/\/kunstvermittlung.uni-erfurt.de\/ss20\/wp-content\/uploads\/2020\/08\/Looking-Up-01-A4-1980x1400.png 1980w\" sizes=\"(max-width: 1024px) 100vw, 1024px\" \/><\/figure>\n<\/div><\/div>\n\n\n\n<figure class=\"wp-block-image size-large\"><img decoding=\"async\" loading=\"lazy\" width=\"724\" height=\"1024\" src=\"https:\/\/kunstvermittlung.uni-erfurt.de\/wp-content\/uploads\/2020\/08\/Looking-Up-03-A4-724x1024.png\" alt=\"\" class=\"wp-image-270\" srcset=\"https:\/\/kunstvermittlung.uni-erfurt.de\/ss20\/wp-content\/uploads\/2020\/08\/Looking-Up-03-A4-724x1024.png 724w, https:\/\/kunstvermittlung.uni-erfurt.de\/ss20\/wp-content\/uploads\/2020\/08\/Looking-Up-03-A4-212x300.png 212w, https:\/\/kunstvermittlung.uni-erfurt.de\/ss20\/wp-content\/uploads\/2020\/08\/Looking-Up-03-A4-768x1086.png 768w, https:\/\/kunstvermittlung.uni-erfurt.de\/ss20\/wp-content\/uploads\/2020\/08\/Looking-Up-03-A4-1086x1536.png 1086w, https:\/\/kunstvermittlung.uni-erfurt.de\/ss20\/wp-content\/uploads\/2020\/08\/Looking-Up-03-A4-1448x2048.png 1448w, https:\/\/kunstvermittlung.uni-erfurt.de\/ss20\/wp-content\/uploads\/2020\/08\/Looking-Up-03-A4-1200x1697.png 1200w, https:\/\/kunstvermittlung.uni-erfurt.de\/ss20\/wp-content\/uploads\/2020\/08\/Looking-Up-03-A4-1980x2801.png 1980w\" sizes=\"(max-width: 724px) 100vw, 724px\" \/><\/figure>\n\n\n\n<h2 class=\"has-accent-color has-text-color\">&#8222;Warfold \/ Unfold&#8220;<\/h2>\n\n\n\n<p>Seine Bilderserien &#8222;Warfold&#8220; und &#8222;Unfold&#8220; bestehen aus Glanzlack auf Aluminium und Glanzlack auf gefaltetem Aluminium. Bildlich bewegen sie sich im Raum der Abstraktion und es ist nicht genau zu bestimmen, worum es sich eigentlich handelt.<\/p>\n\n\n\n<p>Schau dir die Bilder hier erst einmal in Ruhe an:<\/p>\n\n\n\n<div class=\"is-layout-flow wp-block-group\"><div class=\"wp-block-group__inner-container\">\n<figure class=\"is-layout-flex wp-block-gallery-2 wp-block-gallery columns-1 is-cropped\"><ul class=\"blocks-gallery-grid\"><li class=\"blocks-gallery-item\"><figure><img decoding=\"async\" loading=\"lazy\" width=\"997\" height=\"1024\" src=\"https:\/\/kunstvermittlung.uni-erfurt.de\/wp-content\/uploads\/2020\/09\/Unbenannt1_neu-997x1024.png\" alt=\"\" data-id=\"886\" class=\"wp-image-886\" srcset=\"https:\/\/kunstvermittlung.uni-erfurt.de\/ss20\/wp-content\/uploads\/2020\/09\/Unbenannt1_neu-997x1024.png 997w, https:\/\/kunstvermittlung.uni-erfurt.de\/ss20\/wp-content\/uploads\/2020\/09\/Unbenannt1_neu-292x300.png 292w, https:\/\/kunstvermittlung.uni-erfurt.de\/ss20\/wp-content\/uploads\/2020\/09\/Unbenannt1_neu-768x789.png 768w, https:\/\/kunstvermittlung.uni-erfurt.de\/ss20\/wp-content\/uploads\/2020\/09\/Unbenannt1_neu-1495x1536.png 1495w, https:\/\/kunstvermittlung.uni-erfurt.de\/ss20\/wp-content\/uploads\/2020\/09\/Unbenannt1_neu-1200x1233.png 1200w, https:\/\/kunstvermittlung.uni-erfurt.de\/ss20\/wp-content\/uploads\/2020\/09\/Unbenannt1_neu.png 1920w\" sizes=\"(max-width: 997px) 100vw, 997px\" \/><\/figure><\/li><\/ul><\/figure>\n<\/div><\/div>\n\n\n\n<div class=\"is-layout-flow wp-block-group\"><div class=\"wp-block-group__inner-container\">\n<figure class=\"wp-block-image size-large is-resized\"><img decoding=\"async\" loading=\"lazy\" src=\"https:\/\/kunstvermittlung.uni-erfurt.de\/wp-content\/uploads\/2020\/09\/Unbenannt2_neu-989x1024.png\" alt=\"\" class=\"wp-image-887\" width=\"596\" height=\"616\" srcset=\"https:\/\/kunstvermittlung.uni-erfurt.de\/ss20\/wp-content\/uploads\/2020\/09\/Unbenannt2_neu-989x1024.png 989w, https:\/\/kunstvermittlung.uni-erfurt.de\/ss20\/wp-content\/uploads\/2020\/09\/Unbenannt2_neu-290x300.png 290w, https:\/\/kunstvermittlung.uni-erfurt.de\/ss20\/wp-content\/uploads\/2020\/09\/Unbenannt2_neu-768x795.png 768w, https:\/\/kunstvermittlung.uni-erfurt.de\/ss20\/wp-content\/uploads\/2020\/09\/Unbenannt2_neu-1484x1536.png 1484w, https:\/\/kunstvermittlung.uni-erfurt.de\/ss20\/wp-content\/uploads\/2020\/09\/Unbenannt2_neu-1200x1242.png 1200w, https:\/\/kunstvermittlung.uni-erfurt.de\/ss20\/wp-content\/uploads\/2020\/09\/Unbenannt2_neu.png 1920w\" sizes=\"(max-width: 596px) 100vw, 596px\" \/><figcaption>Warffold #5, 2019, 60 cm x 60 cm<\/figcaption><\/figure>\n<\/div><\/div>\n\n\n\n<figure class=\"wp-block-image size-large\"><img decoding=\"async\" loading=\"lazy\" width=\"994\" height=\"1024\" src=\"https:\/\/kunstvermittlung.uni-erfurt.de\/wp-content\/uploads\/2020\/09\/Unbenannt3_neu-994x1024.png\" alt=\"\" class=\"wp-image-888\" srcset=\"https:\/\/kunstvermittlung.uni-erfurt.de\/ss20\/wp-content\/uploads\/2020\/09\/Unbenannt3_neu-994x1024.png 994w, https:\/\/kunstvermittlung.uni-erfurt.de\/ss20\/wp-content\/uploads\/2020\/09\/Unbenannt3_neu-291x300.png 291w, https:\/\/kunstvermittlung.uni-erfurt.de\/ss20\/wp-content\/uploads\/2020\/09\/Unbenannt3_neu-768x791.png 768w, https:\/\/kunstvermittlung.uni-erfurt.de\/ss20\/wp-content\/uploads\/2020\/09\/Unbenannt3_neu-1492x1536.png 1492w, https:\/\/kunstvermittlung.uni-erfurt.de\/ss20\/wp-content\/uploads\/2020\/09\/Unbenannt3_neu-1200x1236.png 1200w, https:\/\/kunstvermittlung.uni-erfurt.de\/ss20\/wp-content\/uploads\/2020\/09\/Unbenannt3_neu.png 1920w\" sizes=\"(max-width: 994px) 100vw, 994px\" \/><figcaption>Warfold #2, 2019, 60 cm x 60 cm<\/figcaption><\/figure>\n\n\n\n<figure class=\"wp-block-image size-large\"><img decoding=\"async\" loading=\"lazy\" width=\"1018\" height=\"1024\" src=\"https:\/\/kunstvermittlung.uni-erfurt.de\/wp-content\/uploads\/2020\/09\/Unbenannt4_neu-1018x1024.png\" alt=\"\" class=\"wp-image-889\" srcset=\"https:\/\/kunstvermittlung.uni-erfurt.de\/ss20\/wp-content\/uploads\/2020\/09\/Unbenannt4_neu-1018x1024.png 1018w, https:\/\/kunstvermittlung.uni-erfurt.de\/ss20\/wp-content\/uploads\/2020\/09\/Unbenannt4_neu-298x300.png 298w, https:\/\/kunstvermittlung.uni-erfurt.de\/ss20\/wp-content\/uploads\/2020\/09\/Unbenannt4_neu-150x150.png 150w, https:\/\/kunstvermittlung.uni-erfurt.de\/ss20\/wp-content\/uploads\/2020\/09\/Unbenannt4_neu-768x773.png 768w, https:\/\/kunstvermittlung.uni-erfurt.de\/ss20\/wp-content\/uploads\/2020\/09\/Unbenannt4_neu-1526x1536.png 1526w, https:\/\/kunstvermittlung.uni-erfurt.de\/ss20\/wp-content\/uploads\/2020\/09\/Unbenannt4_neu-1200x1208.png 1200w, https:\/\/kunstvermittlung.uni-erfurt.de\/ss20\/wp-content\/uploads\/2020\/09\/Unbenannt4_neu.png 1920w\" sizes=\"(max-width: 1018px) 100vw, 1018px\" \/><figcaption>Warfold #4, 2019, 60 cm x 60 cm<\/figcaption><\/figure>\n\n\n\n<figure class=\"wp-block-image size-large\"><img decoding=\"async\" loading=\"lazy\" width=\"1024\" height=\"900\" src=\"https:\/\/kunstvermittlung.uni-erfurt.de\/wp-content\/uploads\/2020\/09\/Unbenannt5_neu-1024x900.png\" alt=\"\" class=\"wp-image-890\" srcset=\"https:\/\/kunstvermittlung.uni-erfurt.de\/ss20\/wp-content\/uploads\/2020\/09\/Unbenannt5_neu-1024x900.png 1024w, https:\/\/kunstvermittlung.uni-erfurt.de\/ss20\/wp-content\/uploads\/2020\/09\/Unbenannt5_neu-300x264.png 300w, https:\/\/kunstvermittlung.uni-erfurt.de\/ss20\/wp-content\/uploads\/2020\/09\/Unbenannt5_neu-768x675.png 768w, https:\/\/kunstvermittlung.uni-erfurt.de\/ss20\/wp-content\/uploads\/2020\/09\/Unbenannt5_neu-1536x1350.png 1536w, https:\/\/kunstvermittlung.uni-erfurt.de\/ss20\/wp-content\/uploads\/2020\/09\/Unbenannt5_neu-1200x1054.png 1200w, https:\/\/kunstvermittlung.uni-erfurt.de\/ss20\/wp-content\/uploads\/2020\/09\/Unbenannt5_neu.png 1920w\" sizes=\"(max-width: 1024px) 100vw, 1024px\" \/><\/figure>\n\n\n\n<figure class=\"wp-block-image size-large\"><img decoding=\"async\" loading=\"lazy\" width=\"1024\" height=\"901\" src=\"https:\/\/kunstvermittlung.uni-erfurt.de\/wp-content\/uploads\/2020\/09\/Unbenannt6_neu-1024x901.png\" alt=\"\" class=\"wp-image-891\" srcset=\"https:\/\/kunstvermittlung.uni-erfurt.de\/ss20\/wp-content\/uploads\/2020\/09\/Unbenannt6_neu-1024x901.png 1024w, https:\/\/kunstvermittlung.uni-erfurt.de\/ss20\/wp-content\/uploads\/2020\/09\/Unbenannt6_neu-300x264.png 300w, https:\/\/kunstvermittlung.uni-erfurt.de\/ss20\/wp-content\/uploads\/2020\/09\/Unbenannt6_neu-768x676.png 768w, https:\/\/kunstvermittlung.uni-erfurt.de\/ss20\/wp-content\/uploads\/2020\/09\/Unbenannt6_neu-1536x1351.png 1536w, https:\/\/kunstvermittlung.uni-erfurt.de\/ss20\/wp-content\/uploads\/2020\/09\/Unbenannt6_neu-1200x1056.png 1200w, https:\/\/kunstvermittlung.uni-erfurt.de\/ss20\/wp-content\/uploads\/2020\/09\/Unbenannt6_neu.png 1920w\" sizes=\"(max-width: 1024px) 100vw, 1024px\" \/><figcaption>Unfold #3, 2019, 80 cm x 80 cm<\/figcaption><\/figure>\n\n\n\n<p>Jetzt ist deine Kreativit\u00e4t gefragt. Du kannst dir die Bilder ausdrucken und wie ein Puzzle zusammenlegen. Oder Du faltest die Bilder an den vertikalen Kanten, damit ein 3D Modell entsteht.<\/p>\n\n\n\n<p>Eine weitere M\u00f6glichkeit ist, dir ein parr farbige Stifte zu schnappen und deine eigene 3D-Wand zu erstellen. Zeichne dir dazu eine Form auf (als Vorlage k\u00f6nnte eine liegende Vase dienen) und f\u00fclle sie mit farbigen Linien.<\/p>\n\n\n\n<p>-&gt; Lade deine entstandenen Werke gerne in unsere Kommentare.<\/p>\n","protected":false},"excerpt":{"rendered":"<p>&#8222;Looking Up VR&#8220; Stefan Schieks Bilderreihe &#8222;Looking Up VR&#8220; besch\u00e4ftigt sich mit der Virtuellen Realit\u00e4t, also einer Scheinwelt, die wir zum Beispiel \u00fcber Virtual Reality Brillen betreten k\u00f6nnen. Schau dir doch mal ein paar dieser Bilder an: Werde nun selbst zum K\u00fcnstler und gestalte die Virtuelle Realit\u00e4t so, wie sie dir gef\u00e4llt. Drucke dir dazu [&hellip;]<\/p>\n","protected":false},"author":10,"featured_media":0,"parent":0,"menu_order":0,"comment_status":"open","ping_status":"closed","template":"","meta":[],"_links":{"self":[{"href":"https:\/\/kunstvermittlung.uni-erfurt.de\/ss20\/wp-json\/wp\/v2\/pages\/252"}],"collection":[{"href":"https:\/\/kunstvermittlung.uni-erfurt.de\/ss20\/wp-json\/wp\/v2\/pages"}],"about":[{"href":"https:\/\/kunstvermittlung.uni-erfurt.de\/ss20\/wp-json\/wp\/v2\/types\/page"}],"author":[{"embeddable":true,"href":"https:\/\/kunstvermittlung.uni-erfurt.de\/ss20\/wp-json\/wp\/v2\/users\/10"}],"replies":[{"embeddable":true,"href":"https:\/\/kunstvermittlung.uni-erfurt.de\/ss20\/wp-json\/wp\/v2\/comments?post=252"}],"version-history":[{"count":13,"href":"https:\/\/kunstvermittlung.uni-erfurt.de\/ss20\/wp-json\/wp\/v2\/pages\/252\/revisions"}],"predecessor-version":[{"id":918,"href":"https:\/\/kunstvermittlung.uni-erfurt.de\/ss20\/wp-json\/wp\/v2\/pages\/252\/revisions\/918"}],"wp:attachment":[{"href":"https:\/\/kunstvermittlung.uni-erfurt.de\/ss20\/wp-json\/wp\/v2\/media?parent=252"}],"curies":[{"name":"wp","href":"https:\/\/api.w.org\/{rel}","templated":true}]}}