{"id":25,"date":"2020-07-15T14:13:11","date_gmt":"2020-07-15T12:13:11","guid":{"rendered":"https:\/\/kunstvermittlung.uni-erfurt.de\/?page_id=25"},"modified":"2020-11-05T11:03:42","modified_gmt":"2020-11-05T10:03:42","slug":"ueber-uns","status":"publish","type":"page","link":"https:\/\/kunstvermittlung.uni-erfurt.de\/ss20\/ueber-uns\/","title":{"rendered":"\u00dcber uns"},"content":{"rendered":"\n<p>Die Kunstvermittlungsangebote auf dieser Seite haben Studierende im Rahmen eines Seminars zur Kunstp\u00e4dagogik und -vermittlung der Universit\u00e4t Erfurt im Sommersemester 2020 entwickelt. <br>Das Seminar wurde von Prof. Ulrike Stutz geleitet.<\/p>\n\n\n\n<h2>Projekt Interaktiver Audioguide Marc Chagall (Chagall 2)<\/h2>\n\n\n\n<div class=\"is-layout-flow wp-block-group\"><div class=\"wp-block-group__inner-container\">\n<figure class=\"wp-block-image size-large\"><img decoding=\"async\" loading=\"lazy\" width=\"1024\" height=\"768\" src=\"https:\/\/kunstvermittlung.uni-erfurt.de\/wp-content\/uploads\/2020\/09\/WhatsApp-Image-2020-08-21-at-09.12.13.jpeg\" alt=\"\" class=\"wp-image-658\" srcset=\"https:\/\/kunstvermittlung.uni-erfurt.de\/ss20\/wp-content\/uploads\/2020\/09\/WhatsApp-Image-2020-08-21-at-09.12.13.jpeg 1024w, https:\/\/kunstvermittlung.uni-erfurt.de\/ss20\/wp-content\/uploads\/2020\/09\/WhatsApp-Image-2020-08-21-at-09.12.13-300x225.jpeg 300w, https:\/\/kunstvermittlung.uni-erfurt.de\/ss20\/wp-content\/uploads\/2020\/09\/WhatsApp-Image-2020-08-21-at-09.12.13-768x576.jpeg 768w\" sizes=\"(max-width: 1024px) 100vw, 1024px\" \/><\/figure>\n<\/div><\/div>\n\n\n\n<p><strong>Willkommen<\/strong>, sch\u00f6n dich zu sehen! <\/p>\n\n\n\n<p>Wir sind Madeleine, Hansol und Wiebke und wir haben den interaktiven Audioguide zur Ausstellung zu Marc Chagall als Einladung zu einer &#8222;Traumreise&#8220; f\u00fcr dich erstellt. Wir studieren Kunst an der Universit\u00e4t Erfurt. Wir wollen dir zeigen, wie viel Spa\u00df es machen kann, Bilder anzusehen und sich dazu Geschichten auszudenken. Viele K\u00fcnstler sagen uns n\u00e4mlich nicht, was sie gezeichnet oder gemalt haben oder verstecken geheime Botschaften in ihren Bilder. Dann soll man ganz genau hinschauen, \u00fcberlegen und erraten, was da gemalt wurde. Das ist immer wieder aufregend und spannend. Das darfst du jetzt auch.<\/p>\n\n\n\n<figure class=\"wp-block-image size-large\"><img decoding=\"async\" loading=\"lazy\" width=\"1024\" height=\"684\" src=\"https:\/\/kunstvermittlung.uni-erfurt.de\/wp-content\/uploads\/2020\/09\/unnamed-1024x684.jpg\" alt=\"\" class=\"wp-image-711\" srcset=\"https:\/\/kunstvermittlung.uni-erfurt.de\/ss20\/wp-content\/uploads\/2020\/09\/unnamed-1024x684.jpg 1024w, https:\/\/kunstvermittlung.uni-erfurt.de\/ss20\/wp-content\/uploads\/2020\/09\/unnamed-300x200.jpg 300w, https:\/\/kunstvermittlung.uni-erfurt.de\/ss20\/wp-content\/uploads\/2020\/09\/unnamed-768x513.jpg 768w, https:\/\/kunstvermittlung.uni-erfurt.de\/ss20\/wp-content\/uploads\/2020\/09\/unnamed-1536x1025.jpg 1536w, https:\/\/kunstvermittlung.uni-erfurt.de\/ss20\/wp-content\/uploads\/2020\/09\/unnamed-2048x1367.jpg 2048w, https:\/\/kunstvermittlung.uni-erfurt.de\/ss20\/wp-content\/uploads\/2020\/09\/unnamed-1200x801.jpg 1200w, https:\/\/kunstvermittlung.uni-erfurt.de\/ss20\/wp-content\/uploads\/2020\/09\/unnamed-1980x1322.jpg 1980w\" sizes=\"(max-width: 1024px) 100vw, 1024px\" \/><\/figure>\n\n\n\n<p>Hallo, ich bin Romeo und habe Komposition in Weimar studiert. Ich liebe es zu improvisieren und habe mich f\u00fcr dich ans Klavier gesetzt, um das Thema &#8222;Traumreise&#8220; zu vertonen.<\/p>\n\n\n\n<p><strong>Wir w\u00fcnschen dir viel Spa\u00df beim Entdecken unserer Website. Dich erwartet eine aufregende Traumreise mit Marc Chagall!<\/strong><\/p>\n\n\n\n<h2 class=\"has-text-align-left\">Projekt Erkl\u00e4rfilm <br>&#8222;Was ist eine Lithografie?&#8220; (Chagall 3)<\/h2>\n\n\n\n<p>Dr\u00fcckt ihr auf den Button zu Projekt 3 zu Marc Chagall, kommt ihr zu einem Erkl\u00e4rfilm \u00fcber die Drucktechnik der Lithografie. Ich hei\u00dfe Annekathrin und studiere auch an der Universit\u00e4t Erfurt. In der Ausstellung &#8222;Marc Chagall. Von Witebsk nach Paris&#8220; im Kunsthaus Apolda, k\u00f6nnt ihr viele Lithografien von ihm bewundern. Aber wie wird eine Lithografie eigentlich hergestellt? Das k\u00f6nnt ihr euch Schritt f\u00fcr Schritt anschauen, denn ich habe die K\u00fcnstlerin Alessandra Donnarumma mit der Kamera begleitet. Sie arbeitet auch mit dieser Drucktechnik und hat mir alles dazu erkl\u00e4rt. Ich hoffe ihr habt viel Freude beim Anschauen. Vielleicht entdeckt ihr ja einige der gezeigten Bilder in der Ausstellung wieder? <\/p>\n\n\n\n<p>Wenn ihr noch Fragen zu dieser Drucktechnik habt, schreibt sie gern unten in die Kommentare. Ich werde sie dann versuchen zu beantworten. <\/p>\n\n\n\n<figure class=\"is-layout-flex wp-block-gallery-2 wp-block-gallery alignfull columns-3 is-cropped\"><ul class=\"blocks-gallery-grid\"><li class=\"blocks-gallery-item\"><figure><img decoding=\"async\" loading=\"lazy\" width=\"1024\" height=\"768\" src=\"https:\/\/kunstvermittlung.uni-erfurt.de\/wp-content\/uploads\/2020\/09\/IMG_20200813_111714-1024x768.jpg\" alt=\"\" data-id=\"679\" data-full-url=\"https:\/\/kunstvermittlung.uni-erfurt.de\/wp-content\/uploads\/2020\/09\/IMG_20200813_111714-scaled.jpg\" data-link=\"https:\/\/kunstvermittlung.uni-erfurt.de\/a-goernitz-marc-chagall\/img_20200813_111714\/\" class=\"wp-image-679\" srcset=\"https:\/\/kunstvermittlung.uni-erfurt.de\/ss20\/wp-content\/uploads\/2020\/09\/IMG_20200813_111714-1024x768.jpg 1024w, https:\/\/kunstvermittlung.uni-erfurt.de\/ss20\/wp-content\/uploads\/2020\/09\/IMG_20200813_111714-300x225.jpg 300w, https:\/\/kunstvermittlung.uni-erfurt.de\/ss20\/wp-content\/uploads\/2020\/09\/IMG_20200813_111714-768x576.jpg 768w, https:\/\/kunstvermittlung.uni-erfurt.de\/ss20\/wp-content\/uploads\/2020\/09\/IMG_20200813_111714-1536x1152.jpg 1536w, https:\/\/kunstvermittlung.uni-erfurt.de\/ss20\/wp-content\/uploads\/2020\/09\/IMG_20200813_111714-2048x1536.jpg 2048w, https:\/\/kunstvermittlung.uni-erfurt.de\/ss20\/wp-content\/uploads\/2020\/09\/IMG_20200813_111714-1200x900.jpg 1200w, https:\/\/kunstvermittlung.uni-erfurt.de\/ss20\/wp-content\/uploads\/2020\/09\/IMG_20200813_111714-1980x1485.jpg 1980w\" sizes=\"(max-width: 1024px) 100vw, 1024px\" \/><\/figure><\/li><li class=\"blocks-gallery-item\"><figure><img decoding=\"async\" loading=\"lazy\" width=\"1024\" height=\"768\" src=\"https:\/\/kunstvermittlung.uni-erfurt.de\/wp-content\/uploads\/2020\/09\/IMG_20200813_111415-1024x768.jpg\" alt=\"\" data-id=\"822\" data-full-url=\"https:\/\/kunstvermittlung.uni-erfurt.de\/wp-content\/uploads\/2020\/09\/IMG_20200813_111415-scaled.jpg\" data-link=\"https:\/\/kunstvermittlung.uni-erfurt.de\/ueber-uns\/img_20200813_111415\/\" class=\"wp-image-822\" srcset=\"https:\/\/kunstvermittlung.uni-erfurt.de\/ss20\/wp-content\/uploads\/2020\/09\/IMG_20200813_111415-1024x768.jpg 1024w, https:\/\/kunstvermittlung.uni-erfurt.de\/ss20\/wp-content\/uploads\/2020\/09\/IMG_20200813_111415-300x225.jpg 300w, https:\/\/kunstvermittlung.uni-erfurt.de\/ss20\/wp-content\/uploads\/2020\/09\/IMG_20200813_111415-768x576.jpg 768w, https:\/\/kunstvermittlung.uni-erfurt.de\/ss20\/wp-content\/uploads\/2020\/09\/IMG_20200813_111415-1536x1152.jpg 1536w, https:\/\/kunstvermittlung.uni-erfurt.de\/ss20\/wp-content\/uploads\/2020\/09\/IMG_20200813_111415-2048x1536.jpg 2048w, https:\/\/kunstvermittlung.uni-erfurt.de\/ss20\/wp-content\/uploads\/2020\/09\/IMG_20200813_111415-1200x900.jpg 1200w, https:\/\/kunstvermittlung.uni-erfurt.de\/ss20\/wp-content\/uploads\/2020\/09\/IMG_20200813_111415-1980x1485.jpg 1980w\" sizes=\"(max-width: 1024px) 100vw, 1024px\" \/><\/figure><\/li><li class=\"blocks-gallery-item\"><figure><img decoding=\"async\" loading=\"lazy\" width=\"1024\" height=\"768\" src=\"https:\/\/kunstvermittlung.uni-erfurt.de\/wp-content\/uploads\/2020\/09\/IMG_20200813_111934-1024x768.jpg\" alt=\"\" data-id=\"676\" data-full-url=\"https:\/\/kunstvermittlung.uni-erfurt.de\/wp-content\/uploads\/2020\/09\/IMG_20200813_111934-scaled.jpg\" data-link=\"https:\/\/kunstvermittlung.uni-erfurt.de\/a-goernitz-marc-chagall\/img_20200813_111934\/\" class=\"wp-image-676\" srcset=\"https:\/\/kunstvermittlung.uni-erfurt.de\/ss20\/wp-content\/uploads\/2020\/09\/IMG_20200813_111934-1024x768.jpg 1024w, https:\/\/kunstvermittlung.uni-erfurt.de\/ss20\/wp-content\/uploads\/2020\/09\/IMG_20200813_111934-300x225.jpg 300w, https:\/\/kunstvermittlung.uni-erfurt.de\/ss20\/wp-content\/uploads\/2020\/09\/IMG_20200813_111934-768x576.jpg 768w, https:\/\/kunstvermittlung.uni-erfurt.de\/ss20\/wp-content\/uploads\/2020\/09\/IMG_20200813_111934-1536x1152.jpg 1536w, https:\/\/kunstvermittlung.uni-erfurt.de\/ss20\/wp-content\/uploads\/2020\/09\/IMG_20200813_111934-2048x1536.jpg 2048w, https:\/\/kunstvermittlung.uni-erfurt.de\/ss20\/wp-content\/uploads\/2020\/09\/IMG_20200813_111934-1200x900.jpg 1200w, https:\/\/kunstvermittlung.uni-erfurt.de\/ss20\/wp-content\/uploads\/2020\/09\/IMG_20200813_111934-1980x1485.jpg 1980w\" sizes=\"(max-width: 1024px) 100vw, 1024px\" \/><\/figure><\/li><\/ul><\/figure>\n\n\n\n<p><\/p>\n\n\n\n<h2><strong><span class=\"has-inline-color has-primary-color\">Projekt Audioguide Marc Chagall (Chagall 1)<\/span><\/strong><\/h2>\n\n\n\n<p>Wir, Anna Klein und Susan M\u00fcller, studieren an der Universit\u00e4t Erfurt und m\u00f6chten sp\u00e4ter einmal Kunst an Grundschulen unterrichten. Im Studium \u00fcben wir, eigene k\u00fcnstlerische Projekte f\u00fcr Kinder zu entwickeln. Ein solches Projekt m\u00f6chten wir dir auf dieser Seite gern vorstellen: Es handelt sich um einen sogenannten \u201eAudioguide\u201c, den wir zu Werken des K\u00fcnstlers Marc Chagall erstellt haben. Wenn du auf \u201eProjekt 1\u201c zu Marc Chagall klickst, kannst du dir einige seiner Bilder ansehen und dir gleichzeitig anh\u00f6ren, was der Vogel David \u2013 ein alter Bekannter von Chagall \u2013 dazu zu erz\u00e4hlen hat \u2026 Wenn du m\u00f6chtest, nimmt er dich mit auf eine spannende Reise, auf der du dazu eingeladen wirst, ganz genau hinzuschauen, mitzudenken und deiner Fantasie freien Lauf zu lassen. Schau doch mal vorbei! Im Kunsthaus Apolda kann ein Audioger\u00e4t an der Kasse ausgeliehen und der Audioguide ebenfalls angeh\u00f6rt werden.<\/p>\n\n\n\n<h2><strong>Projekt Skulpturen verfremdet &#8211; Wieland F\u00f6rster (Projekt 2)<\/strong><\/h2>\n\n\n\n<p>Wir, das sind Julia Simon und Mara Krei\u00dfler, studieren an der Universit\u00e4t Erfurt Primare und Elementare Bildung und Erziehungswissenschaft. Mit unserem Projekt <strong>\u201eSkulpturen verfremdet\u201c<\/strong> wollen wir Jugendlichen einen kleinen Einblick in die Werke des aus Dresden stammenden Bildhauers, Zeichners und Autors Wieland F\u00f6rster geben. Daf\u00fcr haben wir drei bedeutende Skulpturen mithilfe der \u201eMirror Lab App\u201c verfremdet. Doch was ist \u00fcberhaupt eine Verfremdung und wie ver\u00e4ndert sie unsere eigene Wahrnehmung? Um das herauszufinden, k\u00f6nnt ihr auf den Button Wieland F\u00f6rster <strong>\u201eProjekt 2\u201c<\/strong> klicken. Ihr findet dort vier verschiedene Videos, die mit einer Geschichte zu der jeweiligen Skulptur verbunden sind. Wenn ihr m\u00f6chtet, k\u00f6nnt ihr auch die dazugeh\u00f6rigen Fragen und Aufgaben kreativ umsetzen. Wir freuen uns auf euren Besuch!<\/p>\n","protected":false},"excerpt":{"rendered":"<p>Die Kunstvermittlungsangebote auf dieser Seite haben Studierende im Rahmen eines Seminars zur Kunstp\u00e4dagogik und -vermittlung der Universit\u00e4t Erfurt im Sommersemester 2020 entwickelt. Das Seminar wurde von Prof. Ulrike Stutz geleitet. Projekt Interaktiver Audioguide Marc Chagall (Chagall 2) Willkommen, sch\u00f6n dich zu sehen! Wir sind Madeleine, Hansol und Wiebke und wir haben den interaktiven Audioguide zur [&hellip;]<\/p>\n","protected":false},"author":1,"featured_media":0,"parent":0,"menu_order":0,"comment_status":"closed","ping_status":"closed","template":"","meta":[],"_links":{"self":[{"href":"https:\/\/kunstvermittlung.uni-erfurt.de\/ss20\/wp-json\/wp\/v2\/pages\/25"}],"collection":[{"href":"https:\/\/kunstvermittlung.uni-erfurt.de\/ss20\/wp-json\/wp\/v2\/pages"}],"about":[{"href":"https:\/\/kunstvermittlung.uni-erfurt.de\/ss20\/wp-json\/wp\/v2\/types\/page"}],"author":[{"embeddable":true,"href":"https:\/\/kunstvermittlung.uni-erfurt.de\/ss20\/wp-json\/wp\/v2\/users\/1"}],"replies":[{"embeddable":true,"href":"https:\/\/kunstvermittlung.uni-erfurt.de\/ss20\/wp-json\/wp\/v2\/comments?post=25"}],"version-history":[{"count":27,"href":"https:\/\/kunstvermittlung.uni-erfurt.de\/ss20\/wp-json\/wp\/v2\/pages\/25\/revisions"}],"predecessor-version":[{"id":1232,"href":"https:\/\/kunstvermittlung.uni-erfurt.de\/ss20\/wp-json\/wp\/v2\/pages\/25\/revisions\/1232"}],"wp:attachment":[{"href":"https:\/\/kunstvermittlung.uni-erfurt.de\/ss20\/wp-json\/wp\/v2\/media?parent=25"}],"curies":[{"name":"wp","href":"https:\/\/api.w.org\/{rel}","templated":true}]}}