{"id":246,"date":"2020-08-21T16:41:56","date_gmt":"2020-08-21T14:41:56","guid":{"rendered":"https:\/\/kunstvermittlung.uni-erfurt.de\/?page_id=246"},"modified":"2020-09-18T10:49:59","modified_gmt":"2020-09-18T08:49:59","slug":"cosima-goepfert","status":"publish","type":"page","link":"https:\/\/kunstvermittlung.uni-erfurt.de\/ss20\/cosima-goepfert\/","title":{"rendered":"Cosima G\u00f6pfert"},"content":{"rendered":"\n<p class=\"has-text-align-center\">Anmerkung: Die T\u00f6ne und Ger\u00e4usche, die du beim Abspielen der Videos h\u00f6rst sind nicht von der K\u00fcnstlerin, sondern wurden von uns hinzugef\u00fcgt.<\/p>\n\n\n\n<div class=\"is-layout-flex wp-block-buttons\">\n<div class=\"wp-block-button\"><a class=\"wp-block-button__link\" href=\"https:\/\/kunstvermittlung.uni-erfurt.de\/expertinnen-ecke-m-gruener-a-kinscher\">Expert:innen-Ecke<\/a><\/div>\n<\/div>\n\n\n\n<h2><span class=\"has-inline-color has-accent-color\">&#8222;Steptease III&#8220;<\/span><\/h2>\n\n\n\n<figure class=\"wp-block-image size-large\"><img decoding=\"async\" loading=\"lazy\" width=\"1024\" height=\"683\" src=\"https:\/\/kunstvermittlung.uni-erfurt.de\/wp-content\/uploads\/2020\/09\/Stepptease_neu-1024x683.jpg\" alt=\"\" class=\"wp-image-882\" srcset=\"https:\/\/kunstvermittlung.uni-erfurt.de\/ss20\/wp-content\/uploads\/2020\/09\/Stepptease_neu-1024x683.jpg 1024w, https:\/\/kunstvermittlung.uni-erfurt.de\/ss20\/wp-content\/uploads\/2020\/09\/Stepptease_neu-300x200.jpg 300w, https:\/\/kunstvermittlung.uni-erfurt.de\/ss20\/wp-content\/uploads\/2020\/09\/Stepptease_neu-768x512.jpg 768w, https:\/\/kunstvermittlung.uni-erfurt.de\/ss20\/wp-content\/uploads\/2020\/09\/Stepptease_neu-1536x1024.jpg 1536w, https:\/\/kunstvermittlung.uni-erfurt.de\/ss20\/wp-content\/uploads\/2020\/09\/Stepptease_neu-1200x800.jpg 1200w, https:\/\/kunstvermittlung.uni-erfurt.de\/ss20\/wp-content\/uploads\/2020\/09\/Stepptease_neu.jpg 1920w\" sizes=\"(max-width: 1024px) 100vw, 1024px\" \/><figcaption>2020, Biskuit-Porzellan, BLK 3.0, \u00f8 36 cm<\/figcaption><\/figure>\n\n\n\n<p>Schaue dir bitte das folgende Video an, achte darauf, dass dein <strong>Ton eingeschaltet<\/strong> ist:<\/p>\n\n\n\n<figure class=\"wp-block-embed-youtube aligncenter wp-block-embed is-type-video is-provider-youtube wp-embed-aspect-16-9 wp-has-aspect-ratio\"><div class=\"wp-block-embed__wrapper\">\n<iframe loading=\"lazy\" title=\"&quot;Steptease III&quot; - Cosima G\u00f6pfert\" width=\"580\" height=\"326\" src=\"https:\/\/www.youtube.com\/embed\/ZdqwzjHj0Jg?feature=oembed\" frameborder=\"0\" allow=\"accelerometer; autoplay; clipboard-write; encrypted-media; gyroscope; picture-in-picture\" allowfullscreen><\/iframe>\n<\/div><\/figure>\n\n\n\n<p>Cosima G\u00f6pfert betitelte diese Skulptur &#8222;Steptease III&#8220; <br>(step = Schritt; tease = necken, \u00e4rgern, reizen)<br><em>Die III (3) bedeutet, dass diese Skulptur Teil einer Serie ist.<\/em> <\/p>\n\n\n\n<ol><li>Wie sehen deiner Meinung nach die anderen Skulpturen: &#8222;Steptease I&#8220; und &#8222;Steptease II&#8220; aus der Serie aus? <\/li><li>Welche T\u00f6ne oder Ger\u00e4usche w\u00fcrden zu deinen ausgedachten Skulpturen &#8222;Steptease I&#8220; und &#8222;Steptease II&#8220; passen, welche w\u00fcrdest du w\u00e4hlen?<\/li><\/ol>\n\n\n\n<p>-&gt; Schreibe uns deine Antworten gern in die Kommentare!<\/p>\n\n\n\n<h2><span class=\"has-inline-color has-accent-color\">&#8222;Aqua&#8220;<\/span><\/h2>\n\n\n\n<figure class=\"wp-block-image size-large is-resized\"><img decoding=\"async\" loading=\"lazy\" src=\"https:\/\/kunstvermittlung.uni-erfurt.de\/wp-content\/uploads\/2020\/09\/Aqua_neu-1024x683.jpg\" alt=\"\" class=\"wp-image-883\" width=\"610\" height=\"406\" srcset=\"https:\/\/kunstvermittlung.uni-erfurt.de\/ss20\/wp-content\/uploads\/2020\/09\/Aqua_neu-1024x683.jpg 1024w, https:\/\/kunstvermittlung.uni-erfurt.de\/ss20\/wp-content\/uploads\/2020\/09\/Aqua_neu-300x200.jpg 300w, https:\/\/kunstvermittlung.uni-erfurt.de\/ss20\/wp-content\/uploads\/2020\/09\/Aqua_neu-768x512.jpg 768w, https:\/\/kunstvermittlung.uni-erfurt.de\/ss20\/wp-content\/uploads\/2020\/09\/Aqua_neu-1536x1024.jpg 1536w, https:\/\/kunstvermittlung.uni-erfurt.de\/ss20\/wp-content\/uploads\/2020\/09\/Aqua_neu-1200x800.jpg 1200w, https:\/\/kunstvermittlung.uni-erfurt.de\/ss20\/wp-content\/uploads\/2020\/09\/Aqua_neu.jpg 1920w\" sizes=\"(max-width: 610px) 100vw, 610px\" \/><figcaption>2020, Lichtinstallation, Glasiertes Porzellan, Platin und Lack auf MDF, 54-teilig, 80 x 120 x 10 cm<\/figcaption><\/figure>\n\n\n\n<p>Bitte stelle den Ton deines Computers oder Smartphones nun auf <strong>stumm<\/strong> und schaue dir das Video an:<\/p>\n\n\n\n<figure class=\"wp-block-embed-youtube wp-block-embed is-type-video is-provider-youtube wp-embed-aspect-16-9 wp-has-aspect-ratio\"><div class=\"wp-block-embed__wrapper\">\n<iframe loading=\"lazy\" title=\"&quot;Aqua&quot; - Cosima G\u00f6pfert\" width=\"580\" height=\"326\" src=\"https:\/\/www.youtube.com\/embed\/u3Q5vk5Svr8?feature=oembed\" frameborder=\"0\" allow=\"accelerometer; autoplay; clipboard-write; encrypted-media; gyroscope; picture-in-picture\" allowfullscreen><\/iframe>\n<\/div><\/figure>\n\n\n\n<ol><li>Was waren deine ersten Eindr\u00fccke und Gedanken zu dieser Skulptur?<\/li><li>Wenn Cosima G\u00f6pfert zu ihrem Werk im Hintergrund T\u00f6ne oder Musik abgespielt h\u00e4tte, wie h\u00e4tte es sich angeh\u00f6rt?<\/li><\/ol>\n\n\n\n<p>-&gt; Schreibe uns deine Antworten gern in die Kommentare!<\/p>\n\n\n\n<p>Schau dir nun das Video noch einmal <strong>mit Ton<\/strong> an<\/p>\n\n\n\n<ol><li>Welche Gef\u00fchle l\u00f6st das Video nun in dir aus?<\/li><\/ol>\n\n\n\n<p>-> Schreibe uns deine Antwort gern in die Kommentare! <\/p>\n\n\n\n<div class=\"is-layout-flex wp-block-buttons\">\n<div class=\"wp-block-button\"><a class=\"wp-block-button__link\" href=\"https:\/\/kunstvermittlung.uni-erfurt.de\/stefan-schiek\/\">Kunstvermittlung Stefan Schiek<\/a><\/div>\n<\/div>\n","protected":false},"excerpt":{"rendered":"<p>Anmerkung: Die T\u00f6ne und Ger\u00e4usche, die du beim Abspielen der Videos h\u00f6rst sind nicht von der K\u00fcnstlerin, sondern wurden von uns hinzugef\u00fcgt. &#8222;Steptease III&#8220; Schaue dir bitte das folgende Video an, achte darauf, dass dein Ton eingeschaltet ist: Cosima G\u00f6pfert betitelte diese Skulptur &#8222;Steptease III&#8220; (step = Schritt; tease = necken, \u00e4rgern, reizen)Die III (3) [&hellip;]<\/p>\n","protected":false},"author":10,"featured_media":0,"parent":0,"menu_order":0,"comment_status":"open","ping_status":"closed","template":"","meta":[],"_links":{"self":[{"href":"https:\/\/kunstvermittlung.uni-erfurt.de\/ss20\/wp-json\/wp\/v2\/pages\/246"}],"collection":[{"href":"https:\/\/kunstvermittlung.uni-erfurt.de\/ss20\/wp-json\/wp\/v2\/pages"}],"about":[{"href":"https:\/\/kunstvermittlung.uni-erfurt.de\/ss20\/wp-json\/wp\/v2\/types\/page"}],"author":[{"embeddable":true,"href":"https:\/\/kunstvermittlung.uni-erfurt.de\/ss20\/wp-json\/wp\/v2\/users\/10"}],"replies":[{"embeddable":true,"href":"https:\/\/kunstvermittlung.uni-erfurt.de\/ss20\/wp-json\/wp\/v2\/comments?post=246"}],"version-history":[{"count":19,"href":"https:\/\/kunstvermittlung.uni-erfurt.de\/ss20\/wp-json\/wp\/v2\/pages\/246\/revisions"}],"predecessor-version":[{"id":1378,"href":"https:\/\/kunstvermittlung.uni-erfurt.de\/ss20\/wp-json\/wp\/v2\/pages\/246\/revisions\/1378"}],"wp:attachment":[{"href":"https:\/\/kunstvermittlung.uni-erfurt.de\/ss20\/wp-json\/wp\/v2\/media?parent=246"}],"curies":[{"name":"wp","href":"https:\/\/api.w.org\/{rel}","templated":true}]}}