{"id":227,"date":"2020-08-15T12:26:54","date_gmt":"2020-08-15T10:26:54","guid":{"rendered":"https:\/\/kunstvermittlung.uni-erfurt.de\/?page_id=227"},"modified":"2020-09-17T12:04:48","modified_gmt":"2020-09-17T10:04:48","slug":"m-heinz-h-park-w-stock-marc-chagall-2","status":"publish","type":"page","link":"https:\/\/kunstvermittlung.uni-erfurt.de\/ss20\/m-heinz-h-park-w-stock-marc-chagall-2\/","title":{"rendered":"Ein Interaktiver Audioguide -Marc Chagall"},"content":{"rendered":"\n<p>Hallo! Sch\u00f6n, dass du da bist. Du m\u00f6chtest also zusammen mit uns und dem K\u00fcnstler Marc Chagall auf eine Reise gehen? Dann bist du hier genau richtig. Hier kannst du mit Marc Chagalls Bildern deine eigene Traumreise erleben. Klicke daf\u00fcr einfach auf das Dreieck unter dem ersten Bild und h\u00f6re dir das Audio an. Klicke dich dann immer weiter durch deinen Traum. Irgendwann kannst du selbst w\u00e4hlen, wohin deine Reise gehen soll, denn du musst dich zwischen zwei Bildern entscheiden. Also, worauf wartest du noch? Spitze deine Ohren und sch\u00e4rfe deinen Blick. Es gibt viel zu entdecken.<\/p>\n\n\n\n<p>Wenn dir die Traumreise spa\u00df gemacht hat, beginne sie doch noch einmal von Vorne. Vielleicht entscheidest du dich diesmal anders und entdeckst neue Orte.<\/p>\n\n\n\n<p>Wir w\u00fcnschen viel Spa\u00df beim Entdecken unserer Website zum Thema <strong>\u201eTraumreise mit Marc Chagall\u201c<\/strong>.<\/p>\n\n\n\n<p><em>Mit einem Rechtsklick auf das Bild kannst Du Dir die Bilder bildschirmf\u00fcllend <\/em><br><em>&#8222;im neuen Tab&#8220; anzeigen lassen, w\u00e4hrend Du Text und Musik h\u00f6rst.<\/em><\/p>\n\n\n\n<p><\/p>\n\n\n\n<figure class=\"wp-block-image size-large is-resized\"><img decoding=\"async\" loading=\"lazy\" src=\"https:\/\/kunstvermittlung.uni-erfurt.de\/wp-content\/uploads\/2020\/09\/large-1.jpg\" alt=\"\" class=\"wp-image-487\" width=\"423\" height=\"604\"\/><\/figure>\n\n\n\n<figure class=\"wp-block-audio aligncenter\"><audio controls src=\"https:\/\/kunstvermittlung.uni-erfurt.de\/wp-content\/uploads\/2020\/08\/01_Selbstportrait_Romeo9.mp3\"><\/audio><figcaption>Marc Chagall, \u201eAutoportr\u00e4t\u201c (Selbstportr\u00e4t) &#8211; Farblithografie 1973 \u00a9VG Bild-Kunst, Bonn 2020<br><br>Musik &#8211; Romeo Wecks<\/figcaption><\/figure>\n\n\n\n<hr class=\"wp-block-separator is-style-default\"\/>\n\n\n\n<figure class=\"wp-block-image size-large is-resized\"><img decoding=\"async\" loading=\"lazy\" src=\"https:\/\/kunstvermittlung.uni-erfurt.de\/wp-content\/uploads\/2020\/09\/paisaje-azul-marc-chagall-1024x783.jpg\" alt=\"\" class=\"wp-image-488\" width=\"596\" height=\"455\" srcset=\"https:\/\/kunstvermittlung.uni-erfurt.de\/ss20\/wp-content\/uploads\/2020\/09\/paisaje-azul-marc-chagall-1024x783.jpg 1024w, https:\/\/kunstvermittlung.uni-erfurt.de\/ss20\/wp-content\/uploads\/2020\/09\/paisaje-azul-marc-chagall-300x229.jpg 300w, https:\/\/kunstvermittlung.uni-erfurt.de\/ss20\/wp-content\/uploads\/2020\/09\/paisaje-azul-marc-chagall-768x587.jpg 768w, https:\/\/kunstvermittlung.uni-erfurt.de\/ss20\/wp-content\/uploads\/2020\/09\/paisaje-azul-marc-chagall-1536x1174.jpg 1536w, https:\/\/kunstvermittlung.uni-erfurt.de\/ss20\/wp-content\/uploads\/2020\/09\/paisaje-azul-marc-chagall-1200x917.jpg 1200w, https:\/\/kunstvermittlung.uni-erfurt.de\/ss20\/wp-content\/uploads\/2020\/09\/paisaje-azul-marc-chagall.jpg 1960w\" sizes=\"(max-width: 596px) 100vw, 596px\" \/><\/figure>\n\n\n\n<figure class=\"wp-block-audio\"><audio controls src=\"https:\/\/kunstvermittlung.uni-erfurt.de\/wp-content\/uploads\/2020\/08\/02Die_blaue_Landschaf_Romeo14t-online-audio-converter.com_.mp3\"><\/audio><figcaption>Marc Chagall, \u201ePaysage bleu\u201c (Blaue Landschaft) &#8211; Farblithografie 1958 \u00a9VG Bild-Kunst, Bonn 2020<br><br>Musik &#8211; Romeo Wecks<\/figcaption><\/figure>\n\n\n\n<hr class=\"wp-block-separator\"\/>\n\n\n\n<figure class=\"wp-block-image size-large is-resized\"><img decoding=\"async\" loading=\"lazy\" src=\"https:\/\/kunstvermittlung.uni-erfurt.de\/wp-content\/uploads\/2020\/08\/Maler-1.png\" alt=\"\" class=\"wp-image-375\" width=\"308\" height=\"375\"\/><\/figure>\n\n\n\n<figure class=\"wp-block-audio\"><audio controls src=\"https:\/\/kunstvermittlung.uni-erfurt.de\/wp-content\/uploads\/2020\/08\/03_Maler_am_Eiffelturm_Romeo13_7-online-audio-converter.com_.mp3\"><\/audio><figcaption>Marc Chagall, \u201ePeintre \u00e0 la Tour Eiffel\u201c (Maler am Eiffelturm) -Lithografie 1957 \u00a9VG Bild-Kunst, Bonn 2020<br><br>Musik &#8211; Romeo Wecks<\/figcaption><\/figure>\n\n\n\n<hr class=\"wp-block-separator\"\/>\n\n\n\n<h2 class=\"has-text-align-center\"><strong>Du hast die Wahl!<\/strong><\/h2>\n\n\n\n<div class=\"is-layout-flex wp-block-buttons\">\n<div class=\"wp-block-button is-style-outline\"><a class=\"wp-block-button__link\" href=\"https:\/\/kunstvermittlung.uni-erfurt.de\/dsoelkg\/\">was ist das denn dort am himmel?<\/a><\/div>\n\n\n\n<div class=\"wp-block-button\"><a class=\"wp-block-button__link\" href=\"https:\/\/kunstvermittlung.uni-erfurt.de\/520-2\/\">Was machen die leute unten links im Bild?<\/a><\/div>\n<\/div>\n\n\n\n<hr class=\"wp-block-separator\"\/>\n\n\n\n<p><\/p>\n\n\n\n<p><\/p>\n","protected":false},"excerpt":{"rendered":"<p>Hallo! Sch\u00f6n, dass du da bist. Du m\u00f6chtest also zusammen mit uns und dem K\u00fcnstler Marc Chagall auf eine Reise gehen? Dann bist du hier genau richtig. Hier kannst du mit Marc Chagalls Bildern deine eigene Traumreise erleben. Klicke daf\u00fcr einfach auf das Dreieck unter dem ersten Bild und h\u00f6re dir das Audio an. Klicke [&hellip;]<\/p>\n","protected":false},"author":1,"featured_media":0,"parent":0,"menu_order":0,"comment_status":"closed","ping_status":"closed","template":"","meta":[],"_links":{"self":[{"href":"https:\/\/kunstvermittlung.uni-erfurt.de\/ss20\/wp-json\/wp\/v2\/pages\/227"}],"collection":[{"href":"https:\/\/kunstvermittlung.uni-erfurt.de\/ss20\/wp-json\/wp\/v2\/pages"}],"about":[{"href":"https:\/\/kunstvermittlung.uni-erfurt.de\/ss20\/wp-json\/wp\/v2\/types\/page"}],"author":[{"embeddable":true,"href":"https:\/\/kunstvermittlung.uni-erfurt.de\/ss20\/wp-json\/wp\/v2\/users\/1"}],"replies":[{"embeddable":true,"href":"https:\/\/kunstvermittlung.uni-erfurt.de\/ss20\/wp-json\/wp\/v2\/comments?post=227"}],"version-history":[{"count":60,"href":"https:\/\/kunstvermittlung.uni-erfurt.de\/ss20\/wp-json\/wp\/v2\/pages\/227\/revisions"}],"predecessor-version":[{"id":958,"href":"https:\/\/kunstvermittlung.uni-erfurt.de\/ss20\/wp-json\/wp\/v2\/pages\/227\/revisions\/958"}],"wp:attachment":[{"href":"https:\/\/kunstvermittlung.uni-erfurt.de\/ss20\/wp-json\/wp\/v2\/media?parent=227"}],"curies":[{"name":"wp","href":"https:\/\/api.w.org\/{rel}","templated":true}]}}