{"id":1348,"date":"2020-11-10T12:42:08","date_gmt":"2020-11-10T11:42:08","guid":{"rendered":"https:\/\/kunstvermittlung.uni-erfurt.de\/?page_id=1348"},"modified":"2021-01-04T11:52:47","modified_gmt":"2021-01-04T10:52:47","slug":"ausblick","status":"publish","type":"page","link":"https:\/\/kunstvermittlung.uni-erfurt.de\/ss20\/ausblick\/","title":{"rendered":"AUSBLICK &#8211; DA GEHT NOCH MEHR &#8230;"},"content":{"rendered":"\n<p>Aufgrund der COVID-19-Pandemie verlagerten wir unseren Fokus auf eine digitale Darbietung unseres Konzeptes.<\/p>\n\n\n\n<p>Nun w\u00e4re es \u00e4u\u00dferst interessant, ob sich dieses in der Praxis bew\u00e4hren kann. Daraus folgend k\u00f6nnten Ver\u00e4nderungen vorgenommen und weitere Vorschl\u00e4ge erg\u00e4nzt werden.<\/p>\n\n\n\n<p>Des Weiteren k\u00f6nnte man folgende Ausstellungen nach dem gleichen Prinzip (bestehend aus einem K\u00fcnstler-Portrait, einer \u00dcbersicht der Ausstellung(-sr\u00e4ume) und speziell daf\u00fcr ausgelegte Arbeitsauftr\u00e4ge) aufbereiten, sodass die unterschiedlichsten K\u00fcnstler \u2013 beispielsweise aus dem Gro\u00dfraum Erfurt oder aus Erfurt stammend \u2013 miteinander verglichen werden k\u00f6nnen.<\/p>\n\n\n\n<p>Oder man verfolgt den weiteren Wertegang der K\u00fcnstlerin, indem man alle nachfolgenden Ausstellungen digitalisiert, und schafft somit eine Art digitalen Ausstellungskatalog, der dann durchaus auch selbst von Luise von Rohden erweitert werden k\u00f6nnte.<\/p>\n\n\n\n<p>Inwiefern ver\u00e4ndert sich eigentlich die Erfahrung der Ausstellung, wenn die Rezipienten:innen VR-Brillen tragen?<\/p>\n\n\n\n<p>Ebenso reizvoll erscheint uns der Gedanke, inwieweit Kunst besonders f\u00fcr benachteiligte Menschen erfahrbar gemacht werden kann. Um diesen Ansatz zu verfolgen, bieten einzelne Projekte in Zusammenarbeit mit K\u00fcnstlern, Inklusionshelfern wie auch mit Schulbegleitern und bestenfalls noch mit bekannten K\u00fcnstlern in unseren Augen eine gewinnbringende Konstellation. Um im Kleinen zu beginnen, stellt die Erstellung einer Art (Erfahrungs-)Portal f\u00fcr Menschen mit Einschr\u00e4nkungen, f\u00fcr die die herk\u00f6mmliche Vermittlungsarbeit nicht in G\u00e4nze erfahrbar ist, dar. In einem solchen digitalen Raum k\u00f6nnten sie festhalten, was sie sich in beziehungsweise von Museen w\u00fcnschen oder was sie st\u00f6rt, sodass die Vermittler:innen und Kuratoren:innen diesen Hinweisen in ihrer T\u00e4tigkeit ber\u00fccksichtigen oder umsetzen k\u00f6nnen.&nbsp;<\/p>\n\n\n\n<p>Denn wie soll Kunst nahegebracht werden, wenn man die m\u00f6glichen Zug\u00e4nge des Gegen\u00fcbers au\u00dfen vor l\u00e4sst?<\/p>\n","protected":false},"excerpt":{"rendered":"<p>Aufgrund der COVID-19-Pandemie verlagerten wir unseren Fokus auf eine digitale Darbietung unseres Konzeptes. Nun w\u00e4re es \u00e4u\u00dferst interessant, ob sich dieses in der Praxis bew\u00e4hren kann. Daraus folgend k\u00f6nnten Ver\u00e4nderungen vorgenommen und weitere Vorschl\u00e4ge erg\u00e4nzt werden. Des Weiteren k\u00f6nnte man folgende Ausstellungen nach dem gleichen Prinzip (bestehend aus einem K\u00fcnstler-Portrait, einer \u00dcbersicht der Ausstellung(-sr\u00e4ume) und [&hellip;]<\/p>\n","protected":false},"author":3,"featured_media":0,"parent":0,"menu_order":0,"comment_status":"open","ping_status":"closed","template":"","meta":[],"_links":{"self":[{"href":"https:\/\/kunstvermittlung.uni-erfurt.de\/ss20\/wp-json\/wp\/v2\/pages\/1348"}],"collection":[{"href":"https:\/\/kunstvermittlung.uni-erfurt.de\/ss20\/wp-json\/wp\/v2\/pages"}],"about":[{"href":"https:\/\/kunstvermittlung.uni-erfurt.de\/ss20\/wp-json\/wp\/v2\/types\/page"}],"author":[{"embeddable":true,"href":"https:\/\/kunstvermittlung.uni-erfurt.de\/ss20\/wp-json\/wp\/v2\/users\/3"}],"replies":[{"embeddable":true,"href":"https:\/\/kunstvermittlung.uni-erfurt.de\/ss20\/wp-json\/wp\/v2\/comments?post=1348"}],"version-history":[{"count":5,"href":"https:\/\/kunstvermittlung.uni-erfurt.de\/ss20\/wp-json\/wp\/v2\/pages\/1348\/revisions"}],"predecessor-version":[{"id":1439,"href":"https:\/\/kunstvermittlung.uni-erfurt.de\/ss20\/wp-json\/wp\/v2\/pages\/1348\/revisions\/1439"}],"wp:attachment":[{"href":"https:\/\/kunstvermittlung.uni-erfurt.de\/ss20\/wp-json\/wp\/v2\/media?parent=1348"}],"curies":[{"name":"wp","href":"https:\/\/api.w.org\/{rel}","templated":true}]}}