{"id":1325,"date":"2020-11-10T12:13:49","date_gmt":"2020-11-10T11:13:49","guid":{"rendered":"https:\/\/kunstvermittlung.uni-erfurt.de\/?page_id=1325"},"modified":"2020-11-10T17:55:16","modified_gmt":"2020-11-10T16:55:16","slug":"ueber-den-ausstellungsort","status":"publish","type":"page","link":"https:\/\/kunstvermittlung.uni-erfurt.de\/ss20\/ueber-den-ausstellungsort\/","title":{"rendered":"\u00dcBER DEN AUSSTELLUNGSORT"},"content":{"rendered":"\n<figure class=\"wp-block-image size-large\"><img decoding=\"async\" loading=\"lazy\" width=\"700\" height=\"350\" src=\"https:\/\/kunstvermittlung.uni-erfurt.de\/wp-content\/uploads\/2020\/11\/fittosize_85_700_350_8fddae9a713dddac59279e23d19ab40b_2017-08-23_kunsthalle_erfurt.jpg\" alt=\"\" class=\"wp-image-1359\" srcset=\"https:\/\/kunstvermittlung.uni-erfurt.de\/ss20\/wp-content\/uploads\/2020\/11\/fittosize_85_700_350_8fddae9a713dddac59279e23d19ab40b_2017-08-23_kunsthalle_erfurt.jpg 700w, https:\/\/kunstvermittlung.uni-erfurt.de\/ss20\/wp-content\/uploads\/2020\/11\/fittosize_85_700_350_8fddae9a713dddac59279e23d19ab40b_2017-08-23_kunsthalle_erfurt-300x150.jpg 300w\" sizes=\"(max-width: 700px) 100vw, 700px\" \/><figcaption>Kunsthale Erfurt<br>Foto:&nbsp;\u00a9&nbsp;Stadtverwaltung Erfurt<\/figcaption><\/figure>\n\n\n\n<p>Die Ausstellungsfl\u00e4che befand sich im Obergeschoss der <a href=\"https:\/\/kunstmuseen.erfurt.de\/km\/de\/kunsthalle\/index.html\" target=\"_blank\" rel=\"noreferrer noopener\">Erfurter Kunsthalle<\/a> und nahm neben den R\u00e4umlichkeiten zu einer parallelen laufenden Ausstellung auch den erst k\u00fcrzlich restaurierten Saal mit Blick auf den Fischmarkt ein. Durch die r\u00e4umlich bewusste Abgrenzung konnten die Besucher:innen ihre Aufmerksamkeit voll und ganz auf nur eine der beiden richten. <\/p>\n\n\n\n<p id=\"ausstellungsort\">Die Kunsthalle selbst liegt direkt am Fischmarkt gegen\u00fcber des Rathausgeb\u00e4udes. Bereits 1900 wurde sie von der \u00d6ffentlichkeit genutzt, damals allerdings als Filmtheater. Sp\u00e4ter musste sie als Lager herhalten, galt aber nach dem Umbau in den 70ern (neben Rostock) als einzige Kunsthalle der DDR.<\/p>\n\n\n\n<div class=\"is-layout-flex wp-block-buttons\"><\/div>\n","protected":false},"excerpt":{"rendered":"<p>Die Ausstellungsfl\u00e4che befand sich im Obergeschoss der Erfurter Kunsthalle und nahm neben den R\u00e4umlichkeiten zu einer parallelen laufenden Ausstellung auch den erst k\u00fcrzlich restaurierten Saal mit Blick auf den Fischmarkt ein. Durch die r\u00e4umlich bewusste Abgrenzung konnten die Besucher:innen ihre Aufmerksamkeit voll und ganz auf nur eine der beiden richten. Die Kunsthalle selbst liegt direkt [&hellip;]<\/p>\n","protected":false},"author":3,"featured_media":0,"parent":0,"menu_order":0,"comment_status":"closed","ping_status":"closed","template":"","meta":[],"_links":{"self":[{"href":"https:\/\/kunstvermittlung.uni-erfurt.de\/ss20\/wp-json\/wp\/v2\/pages\/1325"}],"collection":[{"href":"https:\/\/kunstvermittlung.uni-erfurt.de\/ss20\/wp-json\/wp\/v2\/pages"}],"about":[{"href":"https:\/\/kunstvermittlung.uni-erfurt.de\/ss20\/wp-json\/wp\/v2\/types\/page"}],"author":[{"embeddable":true,"href":"https:\/\/kunstvermittlung.uni-erfurt.de\/ss20\/wp-json\/wp\/v2\/users\/3"}],"replies":[{"embeddable":true,"href":"https:\/\/kunstvermittlung.uni-erfurt.de\/ss20\/wp-json\/wp\/v2\/comments?post=1325"}],"version-history":[{"count":5,"href":"https:\/\/kunstvermittlung.uni-erfurt.de\/ss20\/wp-json\/wp\/v2\/pages\/1325\/revisions"}],"predecessor-version":[{"id":1373,"href":"https:\/\/kunstvermittlung.uni-erfurt.de\/ss20\/wp-json\/wp\/v2\/pages\/1325\/revisions\/1373"}],"wp:attachment":[{"href":"https:\/\/kunstvermittlung.uni-erfurt.de\/ss20\/wp-json\/wp\/v2\/media?parent=1325"}],"curies":[{"name":"wp","href":"https:\/\/api.w.org\/{rel}","templated":true}]}}