{"id":1319,"date":"2020-11-09T18:04:19","date_gmt":"2020-11-09T17:04:19","guid":{"rendered":"https:\/\/kunstvermittlung.uni-erfurt.de\/?page_id=1319"},"modified":"2020-11-11T09:51:30","modified_gmt":"2020-11-11T08:51:30","slug":"portraet-der-kuenstlerin","status":"publish","type":"page","link":"https:\/\/kunstvermittlung.uni-erfurt.de\/ss20\/portraet-der-kuenstlerin\/","title":{"rendered":"PORTR\u00c4T DER K\u00dcNSTLERIN"},"content":{"rendered":"\n<div class=\"is-layout-flow wp-block-group\"><div class=\"wp-block-group__inner-container\">\n<p><a href=\"http:\/\/www.luisevonrohden.de\/\" target=\"_blank\" rel=\"noreferrer noopener\">Luise von Rohden<\/a> ist eine junge K\u00fcnstlerin aus Gotha. Ihre k\u00fcnstlerische Ausbildung f\u00fchrte sie bis an die Ostk\u00fcste Chinas. Heute ist sie als Dozentin an der Burg Giebichenstein t\u00e4tig. <\/p>\n\n\n\n<p>Die Werke, die sie gr\u00f6\u00dftenteils in ihrem Hallenser Atelier anfertigt, sind selten breiter als es der Bearbeitungsradius zul\u00e4sst. Auch wenn sie sich f\u00fcr die ersten Linien noch Faden oder Lineal bedient, l\u00e4sst sich durchaus erkennen, wo sie innegehalten oder eine Pause gemacht hat.<\/p>\n<\/div><\/div>\n\n\n\n<div class=\"wp-block-image\"><figure class=\"aligncenter size-large\"><img decoding=\"async\" loading=\"lazy\" width=\"338\" height=\"225\" src=\"https:\/\/kunstvermittlung.uni-erfurt.de\/wp-content\/uploads\/2020\/11\/fittosize_85_338_0_cd3bc40f01e6c57b031e4ebf299f043c_luise_von_rohden_atelier_portrait2_leipzig_2020-1.jpg\" alt=\"\" class=\"wp-image-1369\" srcset=\"https:\/\/kunstvermittlung.uni-erfurt.de\/ss20\/wp-content\/uploads\/2020\/11\/fittosize_85_338_0_cd3bc40f01e6c57b031e4ebf299f043c_luise_von_rohden_atelier_portrait2_leipzig_2020-1.jpg 338w, https:\/\/kunstvermittlung.uni-erfurt.de\/ss20\/wp-content\/uploads\/2020\/11\/fittosize_85_338_0_cd3bc40f01e6c57b031e4ebf299f043c_luise_von_rohden_atelier_portrait2_leipzig_2020-1-300x200.jpg 300w\" sizes=\"(max-width: 338px) 100vw, 338px\" \/><figcaption>&nbsp;\u00a9&nbsp;Jakob Adolphi<\/figcaption><\/figure><\/div>\n","protected":false},"excerpt":{"rendered":"<p>Luise von Rohden ist eine junge K\u00fcnstlerin aus Gotha. Ihre k\u00fcnstlerische Ausbildung f\u00fchrte sie bis an die Ostk\u00fcste Chinas. Heute ist sie als Dozentin an der Burg Giebichenstein t\u00e4tig. Die Werke, die sie gr\u00f6\u00dftenteils in ihrem Hallenser Atelier anfertigt, sind selten breiter als es der Bearbeitungsradius zul\u00e4sst. Auch wenn sie sich f\u00fcr die ersten Linien [&hellip;]<\/p>\n","protected":false},"author":20,"featured_media":0,"parent":0,"menu_order":1,"comment_status":"closed","ping_status":"closed","template":"","meta":[],"_links":{"self":[{"href":"https:\/\/kunstvermittlung.uni-erfurt.de\/ss20\/wp-json\/wp\/v2\/pages\/1319"}],"collection":[{"href":"https:\/\/kunstvermittlung.uni-erfurt.de\/ss20\/wp-json\/wp\/v2\/pages"}],"about":[{"href":"https:\/\/kunstvermittlung.uni-erfurt.de\/ss20\/wp-json\/wp\/v2\/types\/page"}],"author":[{"embeddable":true,"href":"https:\/\/kunstvermittlung.uni-erfurt.de\/ss20\/wp-json\/wp\/v2\/users\/20"}],"replies":[{"embeddable":true,"href":"https:\/\/kunstvermittlung.uni-erfurt.de\/ss20\/wp-json\/wp\/v2\/comments?post=1319"}],"version-history":[{"count":7,"href":"https:\/\/kunstvermittlung.uni-erfurt.de\/ss20\/wp-json\/wp\/v2\/pages\/1319\/revisions"}],"predecessor-version":[{"id":1397,"href":"https:\/\/kunstvermittlung.uni-erfurt.de\/ss20\/wp-json\/wp\/v2\/pages\/1319\/revisions\/1397"}],"wp:attachment":[{"href":"https:\/\/kunstvermittlung.uni-erfurt.de\/ss20\/wp-json\/wp\/v2\/media?parent=1319"}],"curies":[{"name":"wp","href":"https:\/\/api.w.org\/{rel}","templated":true}]}}