{"id":108,"date":"2020-07-21T10:06:03","date_gmt":"2020-07-21T08:06:03","guid":{"rendered":"https:\/\/kunstvermittlung.uni-erfurt.de\/?page_id=108"},"modified":"2020-09-18T10:52:29","modified_gmt":"2020-09-18T08:52:29","slug":"marc-chagall","status":"publish","type":"page","link":"https:\/\/kunstvermittlung.uni-erfurt.de\/ss20\/marc-chagall\/","title":{"rendered":"Marc Chagall"},"content":{"rendered":"\n<div class=\"is-layout-flex wp-block-buttons\">\n<div class=\"wp-block-button\"><a class=\"wp-block-button__link\" href=\"https:\/\/kunstvermittlung.uni-erfurt.de\/a-klein-s-mueller-marc-chagall\/\" rel=\"https:\/\/kunstvermittlung.uni-erfurt.de\/m-gruener-a-kinscher-s-schiek-c-goepfert\/\">Audioguide<\/a><\/div>\n\n\n\n<div class=\"wp-block-button is-style-fill\"><a class=\"wp-block-button__link\" href=\"https:\/\/kunstvermittlung.uni-erfurt.de\/m-heinz-h-park-w-stock-marc-chagall-2\" rel=\"https:\/\/kunstvermittlung.uni-erfurt.de\/a-klein-s-mueller-marc-chagall\/\">Online Audioguide<\/a><\/div>\n\n\n\n<div class=\"wp-block-button is-style-fill\"><a class=\"wp-block-button__link\" href=\"https:\/\/kunstvermittlung.uni-erfurt.de\/a-goernitz-marc-chagall\/\" rel=\"https:\/\/kunstvermittlung.uni-erfurt.de\/a-goernitz-marc-chagall\/\">Erkl\u00e4rfilm Lithografie<\/a><\/div>\n<\/div>\n\n\n\n<p>Die im September startende Ausstellung \u201eMarc Chagall &#8211; von Witebsk nach Paris\u201c des Kunsthauses Apolda, ist nicht nur f\u00fcr erwachsene Kunstliebhaber*innen interessant. Studentinnen der Universit\u00e4t Erfurt haben, im Rahmen der Ausstellung, verschiedene Kunstvermittlungsangebote f\u00fcr Grundschulkinder gestaltet. In einem Audioguide l\u00e4dt der Vogel David zu einer Reise durch Chagalls Welt ein. Die Kinder h\u00f6ren dabei nicht nur spannende Geschichten zum Leben und Wirken des K\u00fcnstlers. Sie werden bei der aktiven Auseinandersetzung mit den Lithografien auch angeregt, selbst kreativ zu werden und sich miteinander auszutauschen. <\/p>\n\n\n\n<p>Mit einem interaktiven Audioguide werden die Kinder dazu eingeladen, eine eigene Traumreise durch die Werke von Chagall zu unternehmen. Dabei k\u00f6nnen sie selbst entscheiden, was sie auf dieser Reise erleben. <\/p>\n\n\n\n<p>In dem Erkl\u00e4rfilm &#8222;Was ist eine Lithografie?&#8220; erfahren die Kinder, wie eine Lithografie aussieht und wie sie hergestellt wird. Dabei k\u00f6nnen sie eine Lithografin Schritt f\u00fcr Schritt bei der Herstellung begleiten. Beginnend bei der Vorbereitung des Steins, dem Auftragen der Zeichnung, anschlie\u00dfendem Pr\u00e4parieren des Steins, bis hin zum Druck auf Papier.  Dar\u00fcber hinaus erfahren sie auch einiges \u00fcber die Materialien, die daf\u00fcr ben\u00f6tigt werden. <\/p>\n","protected":false},"excerpt":{"rendered":"<p>Die im September startende Ausstellung \u201eMarc Chagall &#8211; von Witebsk nach Paris\u201c des Kunsthauses Apolda, ist nicht nur f\u00fcr erwachsene Kunstliebhaber*innen interessant. Studentinnen der Universit\u00e4t Erfurt haben, im Rahmen der Ausstellung, verschiedene Kunstvermittlungsangebote f\u00fcr Grundschulkinder gestaltet. In einem Audioguide l\u00e4dt der Vogel David zu einer Reise durch Chagalls Welt ein. Die Kinder h\u00f6ren dabei nicht [&hellip;]<\/p>\n","protected":false},"author":1,"featured_media":0,"parent":0,"menu_order":0,"comment_status":"closed","ping_status":"closed","template":"","meta":[],"_links":{"self":[{"href":"https:\/\/kunstvermittlung.uni-erfurt.de\/ss20\/wp-json\/wp\/v2\/pages\/108"}],"collection":[{"href":"https:\/\/kunstvermittlung.uni-erfurt.de\/ss20\/wp-json\/wp\/v2\/pages"}],"about":[{"href":"https:\/\/kunstvermittlung.uni-erfurt.de\/ss20\/wp-json\/wp\/v2\/types\/page"}],"author":[{"embeddable":true,"href":"https:\/\/kunstvermittlung.uni-erfurt.de\/ss20\/wp-json\/wp\/v2\/users\/1"}],"replies":[{"embeddable":true,"href":"https:\/\/kunstvermittlung.uni-erfurt.de\/ss20\/wp-json\/wp\/v2\/comments?post=108"}],"version-history":[{"count":11,"href":"https:\/\/kunstvermittlung.uni-erfurt.de\/ss20\/wp-json\/wp\/v2\/pages\/108\/revisions"}],"predecessor-version":[{"id":977,"href":"https:\/\/kunstvermittlung.uni-erfurt.de\/ss20\/wp-json\/wp\/v2\/pages\/108\/revisions\/977"}],"wp:attachment":[{"href":"https:\/\/kunstvermittlung.uni-erfurt.de\/ss20\/wp-json\/wp\/v2\/media?parent=108"}],"curies":[{"name":"wp","href":"https:\/\/api.w.org\/{rel}","templated":true}]}}